{"id":30072,"date":"2025-10-09T09:12:12","date_gmt":"2025-10-09T09:12:12","guid":{"rendered":"https:\/\/fushaco.com\/?post_type=product&#038;p=30072"},"modified":"2025-12-16T09:37:30","modified_gmt":"2025-12-16T09:37:30","slug":"fush097","status":"publish","type":"product","link":"https:\/\/fushaco.com\/sq\/produkt\/fush097\/","title":{"rendered":"Balona Festiv &#8211; FUSH097"},"content":{"rendered":"<p data-start=\"141\" data-end=\"374\">Balona dekorative n\u00eb form\u00eb numrash (0-9) \u2013 perfekte p\u00ebr dit\u00eblindje, baby shower, festa tematik\u00eb dhe evente t\u00eb ndryshme. Ideale p\u00ebr t\u2019i dh\u00ebn\u00eb ngjyr\u00eb dhe stil \u00e7do ambienti festiv!<\/p>","protected":false},"excerpt":{"rendered":"<p data-start=\"964\" data-end=\"988\"><strong data-start=\"966\" data-end=\"986\">Karakteristikat:<\/strong><\/p>\n<ul data-start=\"989\" data-end=\"1245\">\n<li data-start=\"1012\" data-end=\"1042\">\n<p data-start=\"1014\" data-end=\"1042\">Forma: Numra (0 deri n\u00eb 9)<\/p>\n<\/li>\n<li data-start=\"1043\" data-end=\"1094\">\n<p data-start=\"1045\" data-end=\"1094\">Materiali: Folie me cil\u00ebsi t\u00eb lart\u00eb (jo lateks)<\/p>\n<\/li>\n<li data-start=\"1095\" data-end=\"1148\">\n<p data-start=\"1097\" data-end=\"1148\">Madh\u00ebsia: Rreth 40CM (kur fryhet plot\u00ebsisht)<\/p>\n<\/li>\n<li data-start=\"1149\" data-end=\"1204\">\n<p data-start=\"1151\" data-end=\"1204\">P\u00ebrdorim: Mund t\u00eb fryhet me <strong data-start=\"1179\" data-end=\"1187\">aj\u00ebr<\/strong> ose <strong data-start=\"1192\" data-end=\"1202\">helium<\/strong><\/p>\n<\/li>\n<li data-start=\"1205\" data-end=\"1245\">\n<p data-start=\"1207\" data-end=\"1245\">Me vrima p\u00ebr varje ose fiksim n\u00eb mur<\/p>\n<\/li>\n<\/ul>","protected":false},"featured_media":30059,"template":"","meta":[],"product_brand":[],"product_cat":[295],"product_tag":[],"class_list":{"0":"post-30072","1":"product","2":"type-product","3":"status-publish","4":"has-post-thumbnail","6":"product_cat-ballone","8":"first","9":"instock","10":"taxable","11":"shipping-taxable","12":"purchasable","13":"product-type-variable"},"group_of_quantity":0,"min_quantity":0,"max_quantity":"","exclude_order_quantity_value_rules":"no","exclude_category_quantity_rules":"no","combine_variations":"no","jetpack_sharing_enabled":true,"_links":{"self":[{"href":"https:\/\/fushaco.com\/sq\/wp-json\/wp\/v2\/product\/30072","targetHints":{"allow":["GET"]}}],"collection":[{"href":"https:\/\/fushaco.com\/sq\/wp-json\/wp\/v2\/product"}],"about":[{"href":"https:\/\/fushaco.com\/sq\/wp-json\/wp\/v2\/types\/product"}],"version-history":[{"count":6,"href":"https:\/\/fushaco.com\/sq\/wp-json\/wp\/v2\/product\/30072\/revisions"}],"predecessor-version":[{"id":33021,"href":"https:\/\/fushaco.com\/sq\/wp-json\/wp\/v2\/product\/30072\/revisions\/33021"}],"wp:featuredmedia":[{"embeddable":true,"href":"https:\/\/fushaco.com\/sq\/wp-json\/wp\/v2\/media\/30059"}],"wp:attachment":[{"href":"https:\/\/fushaco.com\/sq\/wp-json\/wp\/v2\/media?parent=30072"}],"wp:term":[{"taxonomy":"product_brand","embeddable":true,"href":"https:\/\/fushaco.com\/sq\/wp-json\/wp\/v2\/product_brand?post=30072"},{"taxonomy":"product_cat","embeddable":true,"href":"https:\/\/fushaco.com\/sq\/wp-json\/wp\/v2\/product_cat?post=30072"},{"taxonomy":"product_tag","embeddable":true,"href":"https:\/\/fushaco.com\/sq\/wp-json\/wp\/v2\/product_tag?post=30072"}],"curies":[{"name":"wp","href":"https:\/\/api.w.org\/{rel}","templated":true}]}}