{"id":30114,"date":"2025-10-09T09:15:51","date_gmt":"2025-10-09T09:15:51","guid":{"rendered":"https:\/\/fushaco.com\/?post_type=product&#038;p=30114"},"modified":"2025-12-17T16:47:22","modified_gmt":"2025-12-17T16:47:22","slug":"fush213","status":"publish","type":"product","link":"https:\/\/fushaco.com\/sq\/produkt\/fush213\/","title":{"rendered":"Balona Festiv &#8211; FUSH213"},"content":{"rendered":"<p data-start=\"146\" data-end=\"404\">Set elegant dhe modern balonash n\u00eb ngjyr\u00eb <strong data-start=\"217\" data-end=\"248\">blu, argjendt\u00eb dhe metalike<\/strong>, perfekt p\u00ebr festa dit\u00eblindjesh, evente biznesi, baby shower apo \u00e7do rast t\u00eb ve\u00e7ant\u00eb. Krijoni nj\u00eb ambient mbres\u00ebl\u00ebn\u00ebs me k\u00ebt\u00eb kombinim mahnit\u00ebs ngjyrash!<\/p>","protected":false},"excerpt":{"rendered":"<p data-start=\"1346\" data-end=\"1370\"><strong data-start=\"1348\" data-end=\"1368\">Karakteristikat:<\/strong><\/p>\n<ul data-start=\"1371\" data-end=\"1603\">\n<li data-start=\"1371\" data-end=\"1406\">\n<p data-start=\"1373\" data-end=\"1406\">Ngjyra: Blu, Argjendt\u00eb, Mermeri<\/p>\n<\/li>\n<li data-start=\"1407\" data-end=\"1464\">\n<p data-start=\"1409\" data-end=\"1464\">Materiali: Lateks cil\u00ebsor, i q\u00ebndruesh\u00ebm dhe i trash\u00eb<\/p>\n<\/li>\n<li data-start=\"1465\" data-end=\"1497\">\n<p data-start=\"1467\" data-end=\"1497\">P\u00ebrdorim: Me aj\u00ebr ose helium<\/p>\n<\/li>\n<li data-start=\"1498\" data-end=\"1551\">\n<p data-start=\"1500\" data-end=\"1551\">Montim i leht\u00eb dhe i p\u00ebrshtatsh\u00ebm p\u00ebr \u00e7do ambient<\/p>\n<\/li>\n<li data-start=\"1552\" data-end=\"1603\">\n<p data-start=\"1554\" data-end=\"1603\">Dizajn modern q\u00eb p\u00ebrshtatet me \u00e7do tem\u00eb festive<\/p>\n<\/li>\n<\/ul>","protected":false},"featured_media":30063,"template":"","meta":[],"product_brand":[],"product_cat":[295],"product_tag":[],"class_list":{"0":"post-30114","1":"product","2":"type-product","3":"status-publish","4":"has-post-thumbnail","6":"product_cat-ballone","8":"first","9":"instock","10":"sale","11":"taxable","12":"shipping-taxable","13":"purchasable","14":"product-type-simple"},"group_of_quantity":0,"min_quantity":0,"max_quantity":"","exclude_order_quantity_value_rules":"no","exclude_category_quantity_rules":"no","combine_variations":"no","jetpack_sharing_enabled":true,"_links":{"self":[{"href":"https:\/\/fushaco.com\/sq\/wp-json\/wp\/v2\/product\/30114","targetHints":{"allow":["GET"]}}],"collection":[{"href":"https:\/\/fushaco.com\/sq\/wp-json\/wp\/v2\/product"}],"about":[{"href":"https:\/\/fushaco.com\/sq\/wp-json\/wp\/v2\/types\/product"}],"version-history":[{"count":5,"href":"https:\/\/fushaco.com\/sq\/wp-json\/wp\/v2\/product\/30114\/revisions"}],"predecessor-version":[{"id":33018,"href":"https:\/\/fushaco.com\/sq\/wp-json\/wp\/v2\/product\/30114\/revisions\/33018"}],"wp:featuredmedia":[{"embeddable":true,"href":"https:\/\/fushaco.com\/sq\/wp-json\/wp\/v2\/media\/30063"}],"wp:attachment":[{"href":"https:\/\/fushaco.com\/sq\/wp-json\/wp\/v2\/media?parent=30114"}],"wp:term":[{"taxonomy":"product_brand","embeddable":true,"href":"https:\/\/fushaco.com\/sq\/wp-json\/wp\/v2\/product_brand?post=30114"},{"taxonomy":"product_cat","embeddable":true,"href":"https:\/\/fushaco.com\/sq\/wp-json\/wp\/v2\/product_cat?post=30114"},{"taxonomy":"product_tag","embeddable":true,"href":"https:\/\/fushaco.com\/sq\/wp-json\/wp\/v2\/product_tag?post=30114"}],"curies":[{"name":"wp","href":"https:\/\/api.w.org\/{rel}","templated":true}]}}