{"id":30116,"date":"2025-10-09T09:17:06","date_gmt":"2025-10-09T09:17:06","guid":{"rendered":"https:\/\/fushaco.com\/?post_type=product&#038;p=30116"},"modified":"2025-12-17T16:45:35","modified_gmt":"2025-12-17T16:45:35","slug":"fush214","status":"publish","type":"product","link":"https:\/\/fushaco.com\/sq\/produkt\/fush214\/","title":{"rendered":"Balona Festiv &#8211; FUSH214"},"content":{"rendered":"<p>Set profesional balonash p\u00ebr festa me ngjyra elegante <strong data-start=\"236\" data-end=\"263\">t\u00eb bardh\u00eb dhe argjendt\u00eb<\/strong>, perfekt p\u00ebr dasma, dit\u00eblindje, baby shower apo evente t\u00eb ve\u00e7anta. Krijoni nj\u00eb ambient luksoz dhe modern me k\u00ebt\u00eb kombinim harmonik ngjyrash!<\/p>","protected":false},"excerpt":{"rendered":"<p data-start=\"1291\" data-end=\"1315\"><strong data-start=\"1293\" data-end=\"1313\">Karakteristikat:<\/strong><\/p>\n<ul data-start=\"1316\" data-end=\"1563\">\n<li data-start=\"1316\" data-end=\"1358\">\n<p data-start=\"1318\" data-end=\"1358\">Ngjyra: E bardh\u00eb, argjendt\u00eb &amp; metalike<\/p>\n<\/li>\n<li data-start=\"1359\" data-end=\"1406\">\n<p data-start=\"1361\" data-end=\"1406\">Materiali: Lateks cil\u00ebsor dhe i q\u00ebndruesh\u00ebm<\/p>\n<\/li>\n<li data-start=\"1407\" data-end=\"1465\">\n<p data-start=\"1409\" data-end=\"1465\">P\u00ebrdorim: I p\u00ebrshtatsh\u00ebm p\u00ebr fryrje me aj\u00ebr ose helium<\/p>\n<\/li>\n<li data-start=\"1466\" data-end=\"1501\">\n<p data-start=\"1468\" data-end=\"1501\">I leht\u00eb p\u00ebr montim dhe kombinim<\/p>\n<\/li>\n<li data-start=\"1502\" data-end=\"1563\">\n<p data-start=\"1504\" data-end=\"1563\">Dizajn modern dhe neutral q\u00eb p\u00ebrshtatet me \u00e7do tem\u00eb feste<\/p>\n<\/li>\n<\/ul>","protected":false},"featured_media":30064,"template":"","meta":[],"product_brand":[],"product_cat":[295],"product_tag":[],"class_list":{"0":"post-30116","1":"product","2":"type-product","3":"status-publish","4":"has-post-thumbnail","6":"product_cat-ballone","8":"first","9":"instock","10":"sale","11":"taxable","12":"shipping-taxable","13":"purchasable","14":"product-type-simple"},"group_of_quantity":0,"min_quantity":0,"max_quantity":"","exclude_order_quantity_value_rules":"no","exclude_category_quantity_rules":"no","combine_variations":"no","jetpack_sharing_enabled":true,"_links":{"self":[{"href":"https:\/\/fushaco.com\/sq\/wp-json\/wp\/v2\/product\/30116","targetHints":{"allow":["GET"]}}],"collection":[{"href":"https:\/\/fushaco.com\/sq\/wp-json\/wp\/v2\/product"}],"about":[{"href":"https:\/\/fushaco.com\/sq\/wp-json\/wp\/v2\/types\/product"}],"version-history":[{"count":6,"href":"https:\/\/fushaco.com\/sq\/wp-json\/wp\/v2\/product\/30116\/revisions"}],"predecessor-version":[{"id":33017,"href":"https:\/\/fushaco.com\/sq\/wp-json\/wp\/v2\/product\/30116\/revisions\/33017"}],"wp:featuredmedia":[{"embeddable":true,"href":"https:\/\/fushaco.com\/sq\/wp-json\/wp\/v2\/media\/30064"}],"wp:attachment":[{"href":"https:\/\/fushaco.com\/sq\/wp-json\/wp\/v2\/media?parent=30116"}],"wp:term":[{"taxonomy":"product_brand","embeddable":true,"href":"https:\/\/fushaco.com\/sq\/wp-json\/wp\/v2\/product_brand?post=30116"},{"taxonomy":"product_cat","embeddable":true,"href":"https:\/\/fushaco.com\/sq\/wp-json\/wp\/v2\/product_cat?post=30116"},{"taxonomy":"product_tag","embeddable":true,"href":"https:\/\/fushaco.com\/sq\/wp-json\/wp\/v2\/product_tag?post=30116"}],"curies":[{"name":"wp","href":"https:\/\/api.w.org\/{rel}","templated":true}]}}