{"id":30152,"date":"2025-10-09T09:36:52","date_gmt":"2025-10-09T09:36:52","guid":{"rendered":"https:\/\/fushaco.com\/?post_type=product&#038;p=30152"},"modified":"2025-12-18T16:39:29","modified_gmt":"2025-12-18T16:39:29","slug":"fush173","status":"publish","type":"product","link":"https:\/\/fushaco.com\/sq\/produkt\/fush173\/","title":{"rendered":"Dekor Kartoline me Lule t\u00eb Balsamosura &#8211; FUSH173"},"content":{"rendered":"<p data-start=\"133\" data-end=\"318\">Dekor elegant me lule te gjalla te balsamosura mbi kanavac\u00eb t\u00eb bardh\u00eb dhe baz\u00eb druri, i p\u00ebrkryer si dhurat\u00eb romantike ose element zbukurues p\u00ebr sht\u00ebpi e evente.<\/p>","protected":false},"excerpt":{"rendered":"<p data-start=\"1121\" data-end=\"1149\"><strong data-start=\"1123\" data-end=\"1147\">Detajet e produktit:<\/strong><\/p>\n<ul data-start=\"1150\" data-end=\"1371\">\n<li data-start=\"1150\" data-end=\"1225\">\n<p data-start=\"1152\" data-end=\"1225\">Materialet: Lule artificiale, let\u00ebr dekorative, kanavac\u00eb dhe baz\u00eb druri<\/p>\n<\/li>\n<li data-start=\"1226\" data-end=\"1262\">Stili: Romantik, minimalist dhe elegant<\/li>\n<li data-start=\"1307\" data-end=\"1371\">\n<p data-start=\"1309\" data-end=\"1371\">P\u00ebrmasat: Ideale p\u00ebr ekspozim n\u00eb tavolin\u00eb, komodin\u00eb ose raft<\/p>\n<\/li>\n<\/ul>","protected":false},"featured_media":30128,"template":"","meta":[],"product_brand":[],"product_cat":[308],"product_tag":[],"class_list":{"0":"post-30152","1":"product","2":"type-product","3":"status-publish","4":"has-post-thumbnail","6":"product_cat-dekorime-florale","8":"first","9":"instock","10":"sale","11":"taxable","12":"shipping-taxable","13":"purchasable","14":"product-type-variable"},"group_of_quantity":0,"min_quantity":0,"max_quantity":"","exclude_order_quantity_value_rules":"no","exclude_category_quantity_rules":"no","combine_variations":"no","jetpack_sharing_enabled":true,"_links":{"self":[{"href":"https:\/\/fushaco.com\/sq\/wp-json\/wp\/v2\/product\/30152","targetHints":{"allow":["GET"]}}],"collection":[{"href":"https:\/\/fushaco.com\/sq\/wp-json\/wp\/v2\/product"}],"about":[{"href":"https:\/\/fushaco.com\/sq\/wp-json\/wp\/v2\/types\/product"}],"version-history":[{"count":5,"href":"https:\/\/fushaco.com\/sq\/wp-json\/wp\/v2\/product\/30152\/revisions"}],"predecessor-version":[{"id":33285,"href":"https:\/\/fushaco.com\/sq\/wp-json\/wp\/v2\/product\/30152\/revisions\/33285"}],"wp:featuredmedia":[{"embeddable":true,"href":"https:\/\/fushaco.com\/sq\/wp-json\/wp\/v2\/media\/30128"}],"wp:attachment":[{"href":"https:\/\/fushaco.com\/sq\/wp-json\/wp\/v2\/media?parent=30152"}],"wp:term":[{"taxonomy":"product_brand","embeddable":true,"href":"https:\/\/fushaco.com\/sq\/wp-json\/wp\/v2\/product_brand?post=30152"},{"taxonomy":"product_cat","embeddable":true,"href":"https:\/\/fushaco.com\/sq\/wp-json\/wp\/v2\/product_cat?post=30152"},{"taxonomy":"product_tag","embeddable":true,"href":"https:\/\/fushaco.com\/sq\/wp-json\/wp\/v2\/product_tag?post=30152"}],"curies":[{"name":"wp","href":"https:\/\/api.w.org\/{rel}","templated":true}]}}