{"id":30169,"date":"2025-10-09T09:50:13","date_gmt":"2025-10-09T09:50:13","guid":{"rendered":"https:\/\/fushaco.com\/?post_type=product&#038;p=30169"},"modified":"2026-02-19T21:30:52","modified_gmt":"2026-02-19T21:30:52","slug":"fush177","status":"publish","type":"product","link":"https:\/\/fushaco.com\/sq\/produkt\/fush177\/","title":{"rendered":"Gift Box me Arush &#8211; FUSH177"},"content":{"rendered":"<p>Kutie dhurat\u00eb elegante, e mb\u00ebshtjell\u00eb me kujdes n\u00eb let\u00ebr roz\u00eb dhe e vendosur n\u00eb kuti transparente \u201cEternity\u201d. Dhurat\u00eb perfekte p\u00ebr dit\u00eblindje, Sh\u00ebn Valentin, p\u00ebrvjetor ose momente romantike.<\/p>","protected":false},"excerpt":{"rendered":"<p data-start=\"1149\" data-end=\"1177\"><strong data-start=\"1151\" data-end=\"1175\">Detajet e produktit:<\/strong><\/p>\n<ul data-start=\"1178\" data-end=\"1467\">\n<li data-start=\"1178\" data-end=\"1237\">\n<p data-start=\"1180\" data-end=\"1237\">P\u00ebrmbajtja: Arush dekorativ + buqet\u00eb lulesh artificiale<\/p>\n<\/li>\n<li data-start=\"1266\" data-end=\"1341\">\n<p data-start=\"1268\" data-end=\"1341\">Materialet: Pambuk, tekstil, let\u00ebr dekorative dhe plastik\u00eb e tejdukshme<\/p>\n<\/li>\n<li data-start=\"1342\" data-end=\"1405\">\n<p data-start=\"1344\" data-end=\"1405\">Kutia: Transparente me efekt ylber dhe mbishkrim \u201cEternity\u201d<\/p>\n<\/li>\n<li data-start=\"1406\" data-end=\"1467\">\n<p data-start=\"1408\" data-end=\"1467\">P\u00ebrmasat: T\u00eb p\u00ebrshtatshme p\u00ebr ekspozim n\u00eb tryez\u00eb ose raft<\/p>\n<\/li>\n<\/ul>","protected":false},"featured_media":30137,"template":"","meta":[],"product_brand":[],"product_cat":[308],"product_tag":[],"class_list":{"0":"post-30169","1":"product","2":"type-product","3":"status-publish","4":"has-post-thumbnail","6":"product_cat-dekorime-florale","8":"first","9":"instock","10":"taxable","11":"shipping-taxable","12":"purchasable","13":"product-type-variable","14":"has-default-attributes"},"group_of_quantity":0,"min_quantity":0,"max_quantity":"","exclude_order_quantity_value_rules":"no","exclude_category_quantity_rules":"no","combine_variations":"no","jetpack_sharing_enabled":true,"_links":{"self":[{"href":"https:\/\/fushaco.com\/sq\/wp-json\/wp\/v2\/product\/30169","targetHints":{"allow":["GET"]}}],"collection":[{"href":"https:\/\/fushaco.com\/sq\/wp-json\/wp\/v2\/product"}],"about":[{"href":"https:\/\/fushaco.com\/sq\/wp-json\/wp\/v2\/types\/product"}],"version-history":[{"count":4,"href":"https:\/\/fushaco.com\/sq\/wp-json\/wp\/v2\/product\/30169\/revisions"}],"predecessor-version":[{"id":33282,"href":"https:\/\/fushaco.com\/sq\/wp-json\/wp\/v2\/product\/30169\/revisions\/33282"}],"wp:featuredmedia":[{"embeddable":true,"href":"https:\/\/fushaco.com\/sq\/wp-json\/wp\/v2\/media\/30137"}],"wp:attachment":[{"href":"https:\/\/fushaco.com\/sq\/wp-json\/wp\/v2\/media?parent=30169"}],"wp:term":[{"taxonomy":"product_brand","embeddable":true,"href":"https:\/\/fushaco.com\/sq\/wp-json\/wp\/v2\/product_brand?post=30169"},{"taxonomy":"product_cat","embeddable":true,"href":"https:\/\/fushaco.com\/sq\/wp-json\/wp\/v2\/product_cat?post=30169"},{"taxonomy":"product_tag","embeddable":true,"href":"https:\/\/fushaco.com\/sq\/wp-json\/wp\/v2\/product_tag?post=30169"}],"curies":[{"name":"wp","href":"https:\/\/api.w.org\/{rel}","templated":true}]}}