{"id":30173,"date":"2025-10-09T09:53:41","date_gmt":"2025-10-09T09:53:41","guid":{"rendered":"https:\/\/fushaco.com\/?post_type=product&#038;p=30173"},"modified":"2025-12-16T12:50:23","modified_gmt":"2025-12-16T12:50:23","slug":"fush178-179","status":"publish","type":"product","link":"https:\/\/fushaco.com\/sq\/produkt\/fush178-179\/","title":{"rendered":"Mbajt\u00ebse dekorative p\u00ebr buqeta &#8211; FUSH178-179"},"content":{"rendered":"<p>Qese dhuratash elegante, me doreza t\u00eb q\u00ebndrueshme dhe dizajn modern minimalist. E p\u00ebrshtatshme p\u00ebr dhurata, bizhuteri, produkte kozmetike ose dekorime festive.<\/p>","protected":false},"excerpt":{"rendered":"<p data-start=\"1043\" data-end=\"1071\"><strong data-start=\"1045\" data-end=\"1069\">Detajet e produktit:<\/strong><\/p>\n<ul data-start=\"1072\" data-end=\"1255\">\n<li data-start=\"1093\" data-end=\"1140\">\n<p data-start=\"1095\" data-end=\"1140\">Materiali: Let\u00ebr e trash\u00eb dhe e q\u00ebndrueshme<\/p>\n<\/li>\n<li data-start=\"1093\" data-end=\"1140\"><strong>10 COPA I KA KOMPLETI<\/strong><\/li>\n<li data-start=\"1141\" data-end=\"1174\">\n<p data-start=\"1143\" data-end=\"1174\">Doreza: T\u00eb forta dhe praktike<\/p>\n<\/li>\n<li data-start=\"1175\" data-end=\"1208\">\n<p data-start=\"1177\" data-end=\"1208\">Dizajn: Minimalist dhe modern<\/p>\n<\/li>\n<li data-start=\"1209\" data-end=\"1255\">\n<p data-start=\"1211\" data-end=\"1255\">P\u00ebrdorim: P\u00ebr dhurata, dekorime ose evente<\/p>\n<\/li>\n<\/ul>","protected":false},"featured_media":30139,"template":"","meta":[],"product_brand":[],"product_cat":[311],"product_tag":[],"class_list":{"0":"post-30173","1":"product","2":"type-product","3":"status-publish","4":"has-post-thumbnail","6":"product_cat-ambalazhim","8":"first","9":"instock","10":"taxable","11":"shipping-taxable","12":"purchasable","13":"product-type-variable","14":"has-default-attributes"},"group_of_quantity":0,"min_quantity":0,"max_quantity":"","exclude_order_quantity_value_rules":"no","exclude_category_quantity_rules":"no","combine_variations":"no","jetpack_sharing_enabled":true,"_links":{"self":[{"href":"https:\/\/fushaco.com\/sq\/wp-json\/wp\/v2\/product\/30173","targetHints":{"allow":["GET"]}}],"collection":[{"href":"https:\/\/fushaco.com\/sq\/wp-json\/wp\/v2\/product"}],"about":[{"href":"https:\/\/fushaco.com\/sq\/wp-json\/wp\/v2\/types\/product"}],"version-history":[{"count":4,"href":"https:\/\/fushaco.com\/sq\/wp-json\/wp\/v2\/product\/30173\/revisions"}],"predecessor-version":[{"id":33049,"href":"https:\/\/fushaco.com\/sq\/wp-json\/wp\/v2\/product\/30173\/revisions\/33049"}],"wp:featuredmedia":[{"embeddable":true,"href":"https:\/\/fushaco.com\/sq\/wp-json\/wp\/v2\/media\/30139"}],"wp:attachment":[{"href":"https:\/\/fushaco.com\/sq\/wp-json\/wp\/v2\/media?parent=30173"}],"wp:term":[{"taxonomy":"product_brand","embeddable":true,"href":"https:\/\/fushaco.com\/sq\/wp-json\/wp\/v2\/product_brand?post=30173"},{"taxonomy":"product_cat","embeddable":true,"href":"https:\/\/fushaco.com\/sq\/wp-json\/wp\/v2\/product_cat?post=30173"},{"taxonomy":"product_tag","embeddable":true,"href":"https:\/\/fushaco.com\/sq\/wp-json\/wp\/v2\/product_tag?post=30173"}],"curies":[{"name":"wp","href":"https:\/\/api.w.org\/{rel}","templated":true}]}}