{"id":30179,"date":"2025-10-09T09:58:21","date_gmt":"2025-10-09T09:58:21","guid":{"rendered":"https:\/\/fushaco.com\/?post_type=product&#038;p=30179"},"modified":"2026-01-20T16:38:03","modified_gmt":"2026-01-20T16:38:03","slug":"fush189","status":"publish","type":"product","link":"https:\/\/fushaco.com\/sq\/produkt\/fush189\/","title":{"rendered":"Dekor p\u00ebr Baby Shower &#038; Evente &#8211; FUSH189"},"content":{"rendered":"<p>Dekor i mrekulluesh\u00ebm p\u00ebr baby shower apo dhom\u00eb bebeje, n\u00eb versionet <strong data-start=\"298\" data-end=\"310\">Baby Boy<\/strong> dhe <strong data-start=\"315\" data-end=\"328\">Baby Girl<\/strong>, me ari lod\u00ebr, tr\u00ebndafila dekorativ\u00eb dhe detaje var\u00ebse elegante. Jep nj\u00eb ndjesi ngroht\u00ebsie, g\u00ebzimi dhe dashurie n\u00eb \u00e7do ambient.<\/p>","protected":false},"excerpt":{"rendered":"<p data-start=\"1168\" data-end=\"1196\"><strong data-start=\"1170\" data-end=\"1194\">Detajet e produktit:<\/strong><\/p>\n<ul data-start=\"1197\" data-end=\"1527\">\n<li data-start=\"1197\" data-end=\"1255\">\n<p data-start=\"1199\" data-end=\"1255\">Variantet: <strong data-start=\"1210\" data-end=\"1228\">Baby Boy (blu)<\/strong> dhe <strong data-start=\"1233\" data-end=\"1253\">Baby Girl (roz\u00eb)<\/strong><\/p>\n<\/li>\n<li data-start=\"1256\" data-end=\"1318\">\n<p data-start=\"1258\" data-end=\"1318\">Materiali: Karton cil\u00ebsor, tekstil dhe element\u00eb dekorativ\u00eb<\/p>\n<\/li>\n<li data-start=\"1319\" data-end=\"1377\">\n<p data-start=\"1321\" data-end=\"1377\">Dizajn: Ari lod\u00ebr, tr\u00ebndafila, var\u00ebse dhe mbishkrim 3D<\/p>\n<\/li>\n<li data-start=\"1378\" data-end=\"1427\">\n<p data-start=\"1380\" data-end=\"1427\">P\u00ebrdorim: P\u00ebr mur, der\u00eb ose tavolin\u00eb dekorimi<\/p>\n<\/li>\n<\/ul>","protected":false},"featured_media":33170,"template":"","meta":[],"product_brand":[],"product_cat":[312],"product_tag":[],"class_list":{"0":"post-30179","1":"product","2":"type-product","3":"status-publish","4":"has-post-thumbnail","6":"product_cat-baby-shower","8":"first","9":"instock","10":"sale","11":"taxable","12":"shipping-taxable","13":"purchasable","14":"product-type-variable"},"group_of_quantity":0,"min_quantity":0,"max_quantity":"","exclude_order_quantity_value_rules":"no","exclude_category_quantity_rules":"no","combine_variations":"no","jetpack_sharing_enabled":true,"_links":{"self":[{"href":"https:\/\/fushaco.com\/sq\/wp-json\/wp\/v2\/product\/30179","targetHints":{"allow":["GET"]}}],"collection":[{"href":"https:\/\/fushaco.com\/sq\/wp-json\/wp\/v2\/product"}],"about":[{"href":"https:\/\/fushaco.com\/sq\/wp-json\/wp\/v2\/types\/product"}],"version-history":[{"count":4,"href":"https:\/\/fushaco.com\/sq\/wp-json\/wp\/v2\/product\/30179\/revisions"}],"predecessor-version":[{"id":33274,"href":"https:\/\/fushaco.com\/sq\/wp-json\/wp\/v2\/product\/30179\/revisions\/33274"}],"wp:featuredmedia":[{"embeddable":true,"href":"https:\/\/fushaco.com\/sq\/wp-json\/wp\/v2\/media\/33170"}],"wp:attachment":[{"href":"https:\/\/fushaco.com\/sq\/wp-json\/wp\/v2\/media?parent=30179"}],"wp:term":[{"taxonomy":"product_brand","embeddable":true,"href":"https:\/\/fushaco.com\/sq\/wp-json\/wp\/v2\/product_brand?post=30179"},{"taxonomy":"product_cat","embeddable":true,"href":"https:\/\/fushaco.com\/sq\/wp-json\/wp\/v2\/product_cat?post=30179"},{"taxonomy":"product_tag","embeddable":true,"href":"https:\/\/fushaco.com\/sq\/wp-json\/wp\/v2\/product_tag?post=30179"}],"curies":[{"name":"wp","href":"https:\/\/api.w.org\/{rel}","templated":true}]}}