{"id":30183,"date":"2025-10-09T10:02:18","date_gmt":"2025-10-09T10:02:18","guid":{"rendered":"https:\/\/fushaco.com\/?post_type=product&#038;p=30183"},"modified":"2026-04-04T16:50:12","modified_gmt":"2026-04-04T16:50:12","slug":"fush196","status":"publish","type":"product","link":"https:\/\/fushaco.com\/sq\/produkt\/fush196\/","title":{"rendered":"FUSH196"},"content":{"rendered":"<p data-start=\"467\" data-end=\"787\">Kjo <strong data-start=\"497\" data-end=\"530\">shishe dekorative baby shower<\/strong> \u00ebsht\u00eb zgjidhja e p\u00ebrsosur p\u00ebr t\u00eb shtuar \u00ebmb\u00eblsi dhe eleganc\u00eb n\u00eb \u00e7do fest\u00eb p\u00ebr bebe. Seti p\u00ebrfshin <strong data-start=\"629\" data-end=\"674\">nj\u00eb shishe t\u00eb madhe plastike transparente<\/strong> t\u00eb mbushur me <strong data-start=\"689\" data-end=\"713\">mini shishe t\u00eb vogla.<\/strong><\/p>\n<p data-start=\"789\" data-end=\"1020\">Shishkat mund t\u00eb p\u00ebrdoren p\u00ebr <strong data-start=\"819\" data-end=\"917\">dekorim tavoline, shp\u00ebrndarje dhuratash p\u00ebr mysafir\u00ebt, apo p\u00ebr mbushje me karamele dhe konfeta<\/strong>.<\/p>","protected":false},"excerpt":{"rendered":"<p data-start=\"1169\" data-end=\"1197\"><strong data-start=\"1171\" data-end=\"1195\">Detajet e produktit:<\/strong><\/p>\n<ul data-start=\"1198\" data-end=\"1432\">\n<li data-start=\"1198\" data-end=\"1247\">\n<p data-start=\"1200\" data-end=\"1247\">P\u00ebrb\u00ebrja: 1 shishe e madhe + disa mini shishe<\/p>\n<\/li>\n<li data-start=\"1275\" data-end=\"1329\">\n<p data-start=\"1277\" data-end=\"1329\">Materiali: Plastik\u00eb cil\u00ebsore dhe fjongo dekorative<\/p>\n<\/li>\n<li data-start=\"1330\" data-end=\"1388\">\n<p data-start=\"1332\" data-end=\"1388\">Dizajn: Me figur\u00eb bebeje t\u00eb qeshur dhe fjongo elegante<\/p>\n<\/li>\n<li data-start=\"1389\" data-end=\"1432\">\n<p data-start=\"1391\" data-end=\"1432\">P\u00ebrdorim: Dekor ose mbushje me karamele<\/p>\n<\/li>\n<\/ul>","protected":false},"featured_media":30145,"template":"","meta":[],"product_brand":[],"product_cat":[312],"product_tag":[],"class_list":{"0":"post-30183","1":"product","2":"type-product","3":"status-publish","4":"has-post-thumbnail","6":"product_cat-baby-shower","8":"first","9":"instock","10":"sale","11":"taxable","12":"shipping-taxable","13":"purchasable","14":"product-type-variable","15":"has-default-attributes"},"group_of_quantity":0,"min_quantity":0,"max_quantity":"","exclude_order_quantity_value_rules":"no","exclude_category_quantity_rules":"no","combine_variations":"no","jetpack_sharing_enabled":true,"_links":{"self":[{"href":"https:\/\/fushaco.com\/sq\/wp-json\/wp\/v2\/product\/30183","targetHints":{"allow":["GET"]}}],"collection":[{"href":"https:\/\/fushaco.com\/sq\/wp-json\/wp\/v2\/product"}],"about":[{"href":"https:\/\/fushaco.com\/sq\/wp-json\/wp\/v2\/types\/product"}],"version-history":[{"count":3,"href":"https:\/\/fushaco.com\/sq\/wp-json\/wp\/v2\/product\/30183\/revisions"}],"predecessor-version":[{"id":31164,"href":"https:\/\/fushaco.com\/sq\/wp-json\/wp\/v2\/product\/30183\/revisions\/31164"}],"wp:featuredmedia":[{"embeddable":true,"href":"https:\/\/fushaco.com\/sq\/wp-json\/wp\/v2\/media\/30145"}],"wp:attachment":[{"href":"https:\/\/fushaco.com\/sq\/wp-json\/wp\/v2\/media?parent=30183"}],"wp:term":[{"taxonomy":"product_brand","embeddable":true,"href":"https:\/\/fushaco.com\/sq\/wp-json\/wp\/v2\/product_brand?post=30183"},{"taxonomy":"product_cat","embeddable":true,"href":"https:\/\/fushaco.com\/sq\/wp-json\/wp\/v2\/product_cat?post=30183"},{"taxonomy":"product_tag","embeddable":true,"href":"https:\/\/fushaco.com\/sq\/wp-json\/wp\/v2\/product_tag?post=30183"}],"curies":[{"name":"wp","href":"https:\/\/api.w.org\/{rel}","templated":true}]}}