{"id":30187,"date":"2025-10-09T10:07:13","date_gmt":"2025-10-09T10:07:13","guid":{"rendered":"https:\/\/fushaco.com\/?post_type=product&#038;p=30187"},"modified":"2025-12-17T09:33:32","modified_gmt":"2025-12-17T09:33:32","slug":"fush205-a","status":"publish","type":"product","link":"https:\/\/fushaco.com\/sq\/produkt\/fush205-a\/","title":{"rendered":"Paketime Bizhuterish &#8211; FUSH205"},"content":{"rendered":"<p>Set elegant n\u00eb form\u00eb zemre me shport\u00eb dhe jast\u00ebk unazash, i punuar me detaje t\u00eb bardha, dantella dhe fjongo sateni. Perfekt p\u00ebr ceremoni dasmash dhe momente romantike.<\/p>","protected":false},"excerpt":{"rendered":"<p data-start=\"1031\" data-end=\"1059\"><strong data-start=\"1033\" data-end=\"1057\">Detajet e produktit:<\/strong><\/p>\n<ul data-start=\"1060\" data-end=\"1275\">\n<li data-start=\"1060\" data-end=\"1104\">\n<p data-start=\"1062\" data-end=\"1104\">Set me 2 pjes\u00eb: shport\u00eb dhe jast\u00ebk zemre<\/p>\n<\/li>\n<li data-start=\"1105\" data-end=\"1133\">\n<p data-start=\"1107\" data-end=\"1133\">Ngjyra: E bardh\u00eb klasike<\/p>\n<\/li>\n<li data-start=\"1134\" data-end=\"1186\">\n<p data-start=\"1136\" data-end=\"1186\">Materiali: Sateni, dantella dhe perla dekorative<\/p>\n<\/li>\n<li data-start=\"1187\" data-end=\"1230\">\n<p data-start=\"1189\" data-end=\"1230\">Dizajn: Romantik dhe i punuar me kujdes<\/p>\n<\/li>\n<\/ul>","protected":false},"featured_media":30148,"template":"","meta":[],"product_brand":[],"product_cat":[278],"product_tag":[],"class_list":{"0":"post-30187","1":"product","2":"type-product","3":"status-publish","4":"has-post-thumbnail","6":"product_cat-paketime","8":"first","9":"instock","10":"taxable","11":"shipping-taxable","12":"purchasable","13":"product-type-variable","14":"has-default-attributes"},"group_of_quantity":0,"min_quantity":0,"max_quantity":"","exclude_order_quantity_value_rules":"no","exclude_category_quantity_rules":"no","combine_variations":"no","jetpack_sharing_enabled":true,"_links":{"self":[{"href":"https:\/\/fushaco.com\/sq\/wp-json\/wp\/v2\/product\/30187","targetHints":{"allow":["GET"]}}],"collection":[{"href":"https:\/\/fushaco.com\/sq\/wp-json\/wp\/v2\/product"}],"about":[{"href":"https:\/\/fushaco.com\/sq\/wp-json\/wp\/v2\/types\/product"}],"version-history":[{"count":6,"href":"https:\/\/fushaco.com\/sq\/wp-json\/wp\/v2\/product\/30187\/revisions"}],"predecessor-version":[{"id":33103,"href":"https:\/\/fushaco.com\/sq\/wp-json\/wp\/v2\/product\/30187\/revisions\/33103"}],"wp:featuredmedia":[{"embeddable":true,"href":"https:\/\/fushaco.com\/sq\/wp-json\/wp\/v2\/media\/30148"}],"wp:attachment":[{"href":"https:\/\/fushaco.com\/sq\/wp-json\/wp\/v2\/media?parent=30187"}],"wp:term":[{"taxonomy":"product_brand","embeddable":true,"href":"https:\/\/fushaco.com\/sq\/wp-json\/wp\/v2\/product_brand?post=30187"},{"taxonomy":"product_cat","embeddable":true,"href":"https:\/\/fushaco.com\/sq\/wp-json\/wp\/v2\/product_cat?post=30187"},{"taxonomy":"product_tag","embeddable":true,"href":"https:\/\/fushaco.com\/sq\/wp-json\/wp\/v2\/product_tag?post=30187"}],"curies":[{"name":"wp","href":"https:\/\/api.w.org\/{rel}","templated":true}]}}