{"id":30192,"date":"2025-10-09T10:16:18","date_gmt":"2025-10-09T10:16:18","guid":{"rendered":"https:\/\/fushaco.com\/?post_type=product&#038;p=30192"},"modified":"2025-12-31T12:55:50","modified_gmt":"2025-12-31T12:55:50","slug":"fush221","status":"publish","type":"product","link":"https:\/\/fushaco.com\/sq\/produkt\/fush221\/","title":{"rendered":"Mbajt\u00ebse Dekorative Metalike Ari &#8211; FUSH221"},"content":{"rendered":"<p>Vazo elegante dekorative me p\u00ebrfundim ari dhe detaj kristali transparent. Perfekte p\u00ebr evente, dasma, dekorime sht\u00ebpie apo ekspozime florale me stil t\u00eb sofistikuar.<\/p>","protected":false},"excerpt":{"rendered":"<p data-start=\"1014\" data-end=\"1042\"><strong data-start=\"1016\" data-end=\"1040\">Detajet e produktit:<\/strong><\/p>\n<ul data-start=\"1043\" data-end=\"1262\">\n<li data-start=\"1043\" data-end=\"1096\">\n<p data-start=\"1045\" data-end=\"1096\">Materiali: Metal i art\u00eb cil\u00ebsor me detaj kristali<\/p>\n<\/li>\n<li data-start=\"1097\" data-end=\"1129\">\n<p data-start=\"1099\" data-end=\"1129\">Ngjyra: Ari me efekt pasqyr\u00eb<\/p>\n<\/li>\n<li data-start=\"1130\" data-end=\"1172\">\n<p data-start=\"1132\" data-end=\"1172\">Pamja: Shk\u00eblqyese, moderne dhe luksoze<\/p>\n<\/li>\n<li data-start=\"1173\" data-end=\"1212\">\n<p data-start=\"1175\" data-end=\"1212\">Struktura: Q\u00ebndrueshme dhe elegante<\/p>\n<\/li>\n<\/ul>","protected":false},"featured_media":30193,"template":"","meta":[],"product_brand":[],"product_cat":[306],"product_tag":[],"class_list":{"0":"post-30192","1":"product","2":"type-product","3":"status-publish","4":"has-post-thumbnail","6":"product_cat-dekore","8":"first","9":"instock","10":"sale","11":"taxable","12":"shipping-taxable","13":"purchasable","14":"product-type-simple"},"group_of_quantity":0,"min_quantity":0,"max_quantity":"","exclude_order_quantity_value_rules":"no","exclude_category_quantity_rules":"no","combine_variations":"no","jetpack_sharing_enabled":true,"_links":{"self":[{"href":"https:\/\/fushaco.com\/sq\/wp-json\/wp\/v2\/product\/30192","targetHints":{"allow":["GET"]}}],"collection":[{"href":"https:\/\/fushaco.com\/sq\/wp-json\/wp\/v2\/product"}],"about":[{"href":"https:\/\/fushaco.com\/sq\/wp-json\/wp\/v2\/types\/product"}],"version-history":[{"count":4,"href":"https:\/\/fushaco.com\/sq\/wp-json\/wp\/v2\/product\/30192\/revisions"}],"predecessor-version":[{"id":33273,"href":"https:\/\/fushaco.com\/sq\/wp-json\/wp\/v2\/product\/30192\/revisions\/33273"}],"wp:featuredmedia":[{"embeddable":true,"href":"https:\/\/fushaco.com\/sq\/wp-json\/wp\/v2\/media\/30193"}],"wp:attachment":[{"href":"https:\/\/fushaco.com\/sq\/wp-json\/wp\/v2\/media?parent=30192"}],"wp:term":[{"taxonomy":"product_brand","embeddable":true,"href":"https:\/\/fushaco.com\/sq\/wp-json\/wp\/v2\/product_brand?post=30192"},{"taxonomy":"product_cat","embeddable":true,"href":"https:\/\/fushaco.com\/sq\/wp-json\/wp\/v2\/product_cat?post=30192"},{"taxonomy":"product_tag","embeddable":true,"href":"https:\/\/fushaco.com\/sq\/wp-json\/wp\/v2\/product_tag?post=30192"}],"curies":[{"name":"wp","href":"https:\/\/api.w.org\/{rel}","templated":true}]}}