{"id":30217,"date":"2025-10-09T10:22:21","date_gmt":"2025-10-09T10:22:21","guid":{"rendered":"https:\/\/fushaco.com\/?post_type=product&#038;p=30217"},"modified":"2025-12-16T12:10:10","modified_gmt":"2025-12-16T12:10:10","slug":"fush226","status":"publish","type":"product","link":"https:\/\/fushaco.com\/sq\/produkt\/fush226\/","title":{"rendered":"\u00c7ant\u00eb p\u00ebr dhurata &#8211; FUSH226"},"content":{"rendered":"<p data-start=\"175\" data-end=\"387\">Qese dhuratash elegante,me fjongo t\u00eb art\u00eb, perfekte p\u00ebr raste speciale si dit\u00eblindje, p\u00ebrvjetor\u00eb apo dhurata romantike. Kombinon stilin modern me nj\u00eb prekje luksi.<\/p>","protected":false},"excerpt":{"rendered":"<p data-start=\"1056\" data-end=\"1084\"><strong data-start=\"1058\" data-end=\"1082\">Detajet e produktit:<\/strong><\/p>\n<ul data-start=\"1085\" data-end=\"1332\">\n<li data-start=\"1085\" data-end=\"1121\">\n<p data-start=\"1087\" data-end=\"1121\">Materiali: Let\u00ebr premium e fort\u00eb<\/p>\n<\/li>\n<li data-start=\"1085\" data-end=\"1121\"><strong>1 KOMPLET I KA 12 COPA<\/strong><\/li>\n<li data-start=\"1162\" data-end=\"1225\">\n<p data-start=\"1164\" data-end=\"1225\">Teksti: \u201cSpecially for you!\u201d i printuar me shkronja t\u00eb arta<\/p>\n<\/li>\n<li data-start=\"1226\" data-end=\"1283\">\n<p data-start=\"1228\" data-end=\"1283\">Doreza: Rrip tekstili i q\u00ebndruesh\u00ebm n\u00eb ngjyr\u00eb t\u00eb kuqe<\/p>\n<\/li>\n<li data-start=\"1284\" data-end=\"1332\">\n<p data-start=\"1286\" data-end=\"1332\">P\u00ebrmasa: E p\u00ebrshtatshme p\u00ebr dhurata t\u00eb mesme<\/p>\n<\/li>\n<\/ul>","protected":false},"featured_media":30195,"template":"","meta":[],"product_brand":[],"product_cat":[311],"product_tag":[],"class_list":{"0":"post-30217","1":"product","2":"type-product","3":"status-publish","4":"has-post-thumbnail","6":"product_cat-ambalazhim","8":"first","9":"instock","10":"taxable","11":"shipping-taxable","12":"purchasable","13":"product-type-variable","14":"has-default-attributes"},"group_of_quantity":0,"min_quantity":0,"max_quantity":"","exclude_order_quantity_value_rules":"no","exclude_category_quantity_rules":"no","combine_variations":"no","jetpack_sharing_enabled":true,"_links":{"self":[{"href":"https:\/\/fushaco.com\/sq\/wp-json\/wp\/v2\/product\/30217","targetHints":{"allow":["GET"]}}],"collection":[{"href":"https:\/\/fushaco.com\/sq\/wp-json\/wp\/v2\/product"}],"about":[{"href":"https:\/\/fushaco.com\/sq\/wp-json\/wp\/v2\/types\/product"}],"version-history":[{"count":5,"href":"https:\/\/fushaco.com\/sq\/wp-json\/wp\/v2\/product\/30217\/revisions"}],"predecessor-version":[{"id":33050,"href":"https:\/\/fushaco.com\/sq\/wp-json\/wp\/v2\/product\/30217\/revisions\/33050"}],"wp:featuredmedia":[{"embeddable":true,"href":"https:\/\/fushaco.com\/sq\/wp-json\/wp\/v2\/media\/30195"}],"wp:attachment":[{"href":"https:\/\/fushaco.com\/sq\/wp-json\/wp\/v2\/media?parent=30217"}],"wp:term":[{"taxonomy":"product_brand","embeddable":true,"href":"https:\/\/fushaco.com\/sq\/wp-json\/wp\/v2\/product_brand?post=30217"},{"taxonomy":"product_cat","embeddable":true,"href":"https:\/\/fushaco.com\/sq\/wp-json\/wp\/v2\/product_cat?post=30217"},{"taxonomy":"product_tag","embeddable":true,"href":"https:\/\/fushaco.com\/sq\/wp-json\/wp\/v2\/product_tag?post=30217"}],"curies":[{"name":"wp","href":"https:\/\/api.w.org\/{rel}","templated":true}]}}