{"id":30239,"date":"2025-10-09T10:32:59","date_gmt":"2025-10-09T10:32:59","guid":{"rendered":"https:\/\/fushaco.com\/?post_type=product&#038;p=30239"},"modified":"2025-12-16T12:10:22","modified_gmt":"2025-12-16T12:10:22","slug":"fush227-228","status":"publish","type":"product","link":"https:\/\/fushaco.com\/sq\/produkt\/fush227-228\/","title":{"rendered":"\u00c7ant\u00eb p\u00ebr dhurata &#8211; FUSH227"},"content":{"rendered":"<p>Qese elegante dhuratash,me dizajn minimalist \u201cBe Happy\u201d. Ideale p\u00ebr \u00e7do rast \u2013 nga dhuratat personale deri te paketimet festive apo korporative.<\/p>","protected":false},"excerpt":{"rendered":"<p data-start=\"1060\" data-end=\"1088\"><strong data-start=\"1062\" data-end=\"1086\">Detajet e produktit:<\/strong><\/p>\n<ul data-start=\"1089\" data-end=\"1344\">\n<li data-start=\"1089\" data-end=\"1125\">\n<p data-start=\"1091\" data-end=\"1125\">Materiali: Let\u00ebr e fort\u00eb premium<\/p>\n<\/li>\n<li data-start=\"1089\" data-end=\"1125\"><strong>Lartesia e Qantes 15cm<\/strong><\/li>\n<li data-start=\"1089\" data-end=\"1125\"><strong>1 KOMPLET I KA 12 COPA<br \/>\n<\/strong><\/li>\n<li data-start=\"1181\" data-end=\"1246\">\n<p data-start=\"1183\" data-end=\"1246\">Doreza: Rrip i gjer\u00eb tekstili i zi, i q\u00ebndruesh\u00ebm dhe elegant<\/p>\n<\/li>\n<li data-start=\"1247\" data-end=\"1295\">\n<p data-start=\"1249\" data-end=\"1295\">P\u00ebrmasa: E p\u00ebrshtatshme p\u00ebr dhurata t\u00eb mesme<\/p>\n<\/li>\n<li data-start=\"1296\" data-end=\"1344\">\n<p data-start=\"1298\" data-end=\"1344\">Teksti: \u201cBE HAPPY\u201d i printuar me stil modern<\/p>\n<\/li>\n<\/ul>","protected":false},"featured_media":30200,"template":"","meta":[],"product_brand":[],"product_cat":[311],"product_tag":[],"class_list":{"0":"post-30239","1":"product","2":"type-product","3":"status-publish","4":"has-post-thumbnail","6":"product_cat-ambalazhim","8":"first","9":"instock","10":"taxable","11":"shipping-taxable","12":"purchasable","13":"product-type-variable","14":"has-default-attributes"},"group_of_quantity":0,"min_quantity":0,"max_quantity":"","exclude_order_quantity_value_rules":"no","exclude_category_quantity_rules":"no","combine_variations":"no","jetpack_sharing_enabled":true,"_links":{"self":[{"href":"https:\/\/fushaco.com\/sq\/wp-json\/wp\/v2\/product\/30239","targetHints":{"allow":["GET"]}}],"collection":[{"href":"https:\/\/fushaco.com\/sq\/wp-json\/wp\/v2\/product"}],"about":[{"href":"https:\/\/fushaco.com\/sq\/wp-json\/wp\/v2\/types\/product"}],"version-history":[{"count":7,"href":"https:\/\/fushaco.com\/sq\/wp-json\/wp\/v2\/product\/30239\/revisions"}],"predecessor-version":[{"id":33051,"href":"https:\/\/fushaco.com\/sq\/wp-json\/wp\/v2\/product\/30239\/revisions\/33051"}],"wp:featuredmedia":[{"embeddable":true,"href":"https:\/\/fushaco.com\/sq\/wp-json\/wp\/v2\/media\/30200"}],"wp:attachment":[{"href":"https:\/\/fushaco.com\/sq\/wp-json\/wp\/v2\/media?parent=30239"}],"wp:term":[{"taxonomy":"product_brand","embeddable":true,"href":"https:\/\/fushaco.com\/sq\/wp-json\/wp\/v2\/product_brand?post=30239"},{"taxonomy":"product_cat","embeddable":true,"href":"https:\/\/fushaco.com\/sq\/wp-json\/wp\/v2\/product_cat?post=30239"},{"taxonomy":"product_tag","embeddable":true,"href":"https:\/\/fushaco.com\/sq\/wp-json\/wp\/v2\/product_tag?post=30239"}],"curies":[{"name":"wp","href":"https:\/\/api.w.org\/{rel}","templated":true}]}}