{"id":30249,"date":"2025-10-09T10:36:12","date_gmt":"2025-10-09T10:36:12","guid":{"rendered":"https:\/\/fushaco.com\/?post_type=product&#038;p=30249"},"modified":"2025-12-18T16:23:46","modified_gmt":"2025-12-18T16:23:46","slug":"fush229","status":"publish","type":"product","link":"https:\/\/fushaco.com\/sq\/produkt\/fush229\/","title":{"rendered":"Stend\u00eb Dekorative Metalike me Kristale &#8211; FUSH229"},"content":{"rendered":"<p>Stend\u00eb elegante dekorative me ngjyr\u00eb ari dhe detaje kristali, ideale p\u00ebr aranzhime lulesh, evente dasmash, festa apo ekspozime dhuratash. Nj\u00eb element q\u00eb shton shk\u00eblqim dhe luks n\u00eb \u00e7do ambient.<\/p>","protected":false},"excerpt":{"rendered":"<p data-start=\"1192\" data-end=\"1220\"><strong data-start=\"1194\" data-end=\"1218\">Detajet e produktit:<\/strong><\/p>\n<ul data-start=\"1221\" data-end=\"1459\">\n<li data-start=\"1221\" data-end=\"1277\">\n<p data-start=\"1223\" data-end=\"1277\">Materiali: Metal i art\u00eb me detaje kristali t\u00eb qelqta<\/p>\n<\/li>\n<li data-start=\"1278\" data-end=\"1318\">\n<p data-start=\"1280\" data-end=\"1318\">Ngjyra: Ari me transparenc\u00eb kristali<\/p>\n<\/li>\n<li data-start=\"1319\" data-end=\"1367\">\n<p data-start=\"1321\" data-end=\"1367\">Struktura: K\u00ebnddrejt\u00eb me baz\u00eb t\u00eb q\u00ebndrueshme<\/p>\n<\/li>\n<li data-start=\"1368\" data-end=\"1407\">\n<p data-start=\"1370\" data-end=\"1407\">Pamje moderne, elegante dhe luksoze<\/p>\n<\/li>\n<li data-start=\"1408\" data-end=\"1459\">\n<p data-start=\"1410\" data-end=\"1459\">Leht\u00eb p\u00ebr t\u2019u vendosur dhe p\u00ebr t\u2019u transportuar<\/p>\n<\/li>\n<\/ul>","protected":false},"featured_media":30202,"template":"","meta":[],"product_brand":[],"product_cat":[306],"product_tag":[],"class_list":{"0":"post-30249","1":"product","2":"type-product","3":"status-publish","4":"has-post-thumbnail","6":"product_cat-dekore","8":"first","9":"instock","10":"sale","11":"taxable","12":"shipping-taxable","13":"purchasable","14":"product-type-simple"},"group_of_quantity":0,"min_quantity":0,"max_quantity":"","exclude_order_quantity_value_rules":"no","exclude_category_quantity_rules":"no","combine_variations":"no","jetpack_sharing_enabled":true,"_links":{"self":[{"href":"https:\/\/fushaco.com\/sq\/wp-json\/wp\/v2\/product\/30249","targetHints":{"allow":["GET"]}}],"collection":[{"href":"https:\/\/fushaco.com\/sq\/wp-json\/wp\/v2\/product"}],"about":[{"href":"https:\/\/fushaco.com\/sq\/wp-json\/wp\/v2\/types\/product"}],"version-history":[{"count":3,"href":"https:\/\/fushaco.com\/sq\/wp-json\/wp\/v2\/product\/30249\/revisions"}],"predecessor-version":[{"id":33271,"href":"https:\/\/fushaco.com\/sq\/wp-json\/wp\/v2\/product\/30249\/revisions\/33271"}],"wp:featuredmedia":[{"embeddable":true,"href":"https:\/\/fushaco.com\/sq\/wp-json\/wp\/v2\/media\/30202"}],"wp:attachment":[{"href":"https:\/\/fushaco.com\/sq\/wp-json\/wp\/v2\/media?parent=30249"}],"wp:term":[{"taxonomy":"product_brand","embeddable":true,"href":"https:\/\/fushaco.com\/sq\/wp-json\/wp\/v2\/product_brand?post=30249"},{"taxonomy":"product_cat","embeddable":true,"href":"https:\/\/fushaco.com\/sq\/wp-json\/wp\/v2\/product_cat?post=30249"},{"taxonomy":"product_tag","embeddable":true,"href":"https:\/\/fushaco.com\/sq\/wp-json\/wp\/v2\/product_tag?post=30249"}],"curies":[{"name":"wp","href":"https:\/\/api.w.org\/{rel}","templated":true}]}}