{"id":30251,"date":"2025-10-09T10:41:46","date_gmt":"2025-10-09T10:41:46","guid":{"rendered":"https:\/\/fushaco.com\/?post_type=product&#038;p=30251"},"modified":"2025-12-18T17:00:19","modified_gmt":"2025-12-18T17:00:19","slug":"fush247","status":"publish","type":"product","link":"https:\/\/fushaco.com\/sq\/produkt\/fush247\/","title":{"rendered":"Let\u00ebr Mbush\u00ebse p\u00ebr Dhurata &#8211; FUSH247"},"content":{"rendered":"<p data-start=\"180\" data-end=\"401\">Mbush\u00ebs dekorativ, perfekt p\u00ebr paketim dhuratash, kuti dekorative, shporta dhe produkte florale. Jep nj\u00eb pamje elegante, festive dhe t\u00eb kujdesshme \u00e7do prezantimi.<\/p>","protected":false},"excerpt":{"rendered":"<p data-start=\"1094\" data-end=\"1122\"><strong data-start=\"1096\" data-end=\"1120\">Detajet e produktit:<\/strong><\/p>\n<ul data-start=\"1123\" data-end=\"1390\">\n<li data-start=\"1123\" data-end=\"1182\">\n<p data-start=\"1125\" data-end=\"1182\">Materiali: Let\u00ebr e holl\u00eb, fleksibile dhe e riciklueshme<\/p>\n<\/li>\n<li data-start=\"1277\" data-end=\"1339\">\n<p data-start=\"1279\" data-end=\"1339\">I leht\u00eb p\u00ebr t\u2019u p\u00ebrdorur dhe p\u00ebr t\u2019u formuar sipas nevoj\u00ebs<\/p>\n<\/li>\n<li data-start=\"1340\" data-end=\"1390\">\n<p data-start=\"1342\" data-end=\"1390\">Jep pamje profesionale dhe mbrojtje dekorative<\/p>\n<\/li>\n<\/ul>","protected":false},"featured_media":30207,"template":"","meta":[],"product_brand":[],"product_cat":[311,318],"product_tag":[],"class_list":{"0":"post-30251","1":"product","2":"type-product","3":"status-publish","4":"has-post-thumbnail","6":"product_cat-ambalazhim","7":"product_cat-gift-box","9":"first","10":"instock","11":"taxable","12":"shipping-taxable","13":"purchasable","14":"product-type-variable","15":"has-default-attributes"},"group_of_quantity":0,"min_quantity":0,"max_quantity":"","exclude_order_quantity_value_rules":"no","exclude_category_quantity_rules":"no","combine_variations":"no","jetpack_sharing_enabled":true,"_links":{"self":[{"href":"https:\/\/fushaco.com\/sq\/wp-json\/wp\/v2\/product\/30251","targetHints":{"allow":["GET"]}}],"collection":[{"href":"https:\/\/fushaco.com\/sq\/wp-json\/wp\/v2\/product"}],"about":[{"href":"https:\/\/fushaco.com\/sq\/wp-json\/wp\/v2\/types\/product"}],"version-history":[{"count":4,"href":"https:\/\/fushaco.com\/sq\/wp-json\/wp\/v2\/product\/30251\/revisions"}],"predecessor-version":[{"id":33306,"href":"https:\/\/fushaco.com\/sq\/wp-json\/wp\/v2\/product\/30251\/revisions\/33306"}],"wp:featuredmedia":[{"embeddable":true,"href":"https:\/\/fushaco.com\/sq\/wp-json\/wp\/v2\/media\/30207"}],"wp:attachment":[{"href":"https:\/\/fushaco.com\/sq\/wp-json\/wp\/v2\/media?parent=30251"}],"wp:term":[{"taxonomy":"product_brand","embeddable":true,"href":"https:\/\/fushaco.com\/sq\/wp-json\/wp\/v2\/product_brand?post=30251"},{"taxonomy":"product_cat","embeddable":true,"href":"https:\/\/fushaco.com\/sq\/wp-json\/wp\/v2\/product_cat?post=30251"},{"taxonomy":"product_tag","embeddable":true,"href":"https:\/\/fushaco.com\/sq\/wp-json\/wp\/v2\/product_tag?post=30251"}],"curies":[{"name":"wp","href":"https:\/\/api.w.org\/{rel}","templated":true}]}}