{"id":30262,"date":"2025-10-10T07:19:26","date_gmt":"2025-10-10T07:19:26","guid":{"rendered":"https:\/\/fushaco.com\/?post_type=product&#038;p=30262"},"modified":"2025-12-17T16:49:29","modified_gmt":"2025-12-17T16:49:29","slug":"fush212","status":"publish","type":"product","link":"https:\/\/fushaco.com\/sq\/produkt\/fush212\/","title":{"rendered":"Balona Festiv &#8211; FUSH212"},"content":{"rendered":"<p>Krijo nj\u00eb atmosfer\u00eb magjike festive me k\u00ebt\u00eb <strong data-start=\"280\" data-end=\"331\">set elegant balonash<\/strong>. Ideal p\u00ebr dit\u00eblindje, evente, festa familjare apo dekorime profesionale q\u00eb l\u00ebn\u00eb mbresa!<\/p>","protected":false},"excerpt":{"rendered":"<p data-start=\"1191\" data-end=\"1219\"><strong data-start=\"1193\" data-end=\"1217\">Detajet e produktit:<\/strong><\/p>\n<ul data-start=\"1220\" data-end=\"1503\">\n<li data-start=\"1326\" data-end=\"1371\">\n<p data-start=\"1328\" data-end=\"1371\">Materiali: Latex &amp; Folie metalike premium<\/p>\n<\/li>\n<li data-start=\"1372\" data-end=\"1434\">\n<p data-start=\"1374\" data-end=\"1434\">P\u00ebrfshin disa madh\u00ebsi dhe forma balonash (sferike dhe yll)<\/p>\n<\/li>\n<li data-start=\"1435\" data-end=\"1503\">\n<p data-start=\"1437\" data-end=\"1503\">Leht\u00eb p\u00ebr t\u2019u montuar \u2013 p\u00ebrfshin gjith\u00e7ka p\u00ebr nd\u00ebrtimin e harkut<\/p>\n<\/li>\n<\/ul>","protected":false},"featured_media":30263,"template":"","meta":[],"product_brand":[],"product_cat":[295],"product_tag":[],"class_list":{"0":"post-30262","1":"product","2":"type-product","3":"status-publish","4":"has-post-thumbnail","6":"product_cat-ballone","8":"first","9":"instock","10":"sale","11":"taxable","12":"shipping-taxable","13":"purchasable","14":"product-type-simple"},"group_of_quantity":0,"min_quantity":0,"max_quantity":"","exclude_order_quantity_value_rules":"no","exclude_category_quantity_rules":"no","combine_variations":"no","jetpack_sharing_enabled":true,"_links":{"self":[{"href":"https:\/\/fushaco.com\/sq\/wp-json\/wp\/v2\/product\/30262","targetHints":{"allow":["GET"]}}],"collection":[{"href":"https:\/\/fushaco.com\/sq\/wp-json\/wp\/v2\/product"}],"about":[{"href":"https:\/\/fushaco.com\/sq\/wp-json\/wp\/v2\/types\/product"}],"version-history":[{"count":4,"href":"https:\/\/fushaco.com\/sq\/wp-json\/wp\/v2\/product\/30262\/revisions"}],"predecessor-version":[{"id":33019,"href":"https:\/\/fushaco.com\/sq\/wp-json\/wp\/v2\/product\/30262\/revisions\/33019"}],"wp:featuredmedia":[{"embeddable":true,"href":"https:\/\/fushaco.com\/sq\/wp-json\/wp\/v2\/media\/30263"}],"wp:attachment":[{"href":"https:\/\/fushaco.com\/sq\/wp-json\/wp\/v2\/media?parent=30262"}],"wp:term":[{"taxonomy":"product_brand","embeddable":true,"href":"https:\/\/fushaco.com\/sq\/wp-json\/wp\/v2\/product_brand?post=30262"},{"taxonomy":"product_cat","embeddable":true,"href":"https:\/\/fushaco.com\/sq\/wp-json\/wp\/v2\/product_cat?post=30262"},{"taxonomy":"product_tag","embeddable":true,"href":"https:\/\/fushaco.com\/sq\/wp-json\/wp\/v2\/product_tag?post=30262"}],"curies":[{"name":"wp","href":"https:\/\/api.w.org\/{rel}","templated":true}]}}