{"id":30266,"date":"2025-10-10T14:03:30","date_gmt":"2025-10-10T14:03:30","guid":{"rendered":"https:\/\/fushaco.com\/?post_type=product&#038;p=30266"},"modified":"2026-01-29T11:59:32","modified_gmt":"2026-01-29T11:59:32","slug":"fush180","status":"publish","type":"product","link":"https:\/\/fushaco.com\/sq\/produkt\/fush180\/","title":{"rendered":"Mbajt\u00ebse dekorative p\u00ebr buqeta &#8211; FUSH180 &#8211; Komplet"},"content":{"rendered":"<p data-start=\"203\" data-end=\"433\">Qese luksoze me mbishkrimin elegant <strong data-start=\"286\" data-end=\"304\">\u201cJust For You\u201d<\/strong> n\u00eb ngjyr\u00eb ari. Ideale p\u00ebr paketim dhuratash, aranzhime lulesh dhe raste t\u00eb ve\u00e7anta q\u00eb k\u00ebrkojn\u00eb nj\u00eb prekje klasike dhe moderne.<\/p>","protected":false},"excerpt":{"rendered":"<p data-start=\"1131\" data-end=\"1159\"><strong data-start=\"1133\" data-end=\"1157\">Detajet e produktit:<\/strong><\/p>\n<ul data-start=\"1160\" data-end=\"1381\">\n<li data-start=\"1160\" data-end=\"1198\">\n<p data-start=\"1162\" data-end=\"1198\">Materiali: Karton i trash\u00eb cil\u00ebsor<\/p>\n<\/li>\n<li data-start=\"1160\" data-end=\"1198\"><strong>KOMPLETI I KA 10 COPA<\/strong><\/li>\n<li data-start=\"1234\" data-end=\"1300\">\n<p data-start=\"1236\" data-end=\"1300\">Mbishkrimi: \u201cJust For You\u201d (stil elegant me shk\u00eblqim t\u00eb leht\u00eb)<\/p>\n<\/li>\n<li data-start=\"1301\" data-end=\"1351\">\n<p data-start=\"1303\" data-end=\"1351\">Struktur\u00eb e q\u00ebndrueshme me dorez\u00eb t\u00eb integruar<\/p>\n<\/li>\n<li data-start=\"1352\" data-end=\"1381\">\n<p data-start=\"1354\" data-end=\"1381\">Dizajn modern dhe minimal<\/p>\n<\/li>\n<\/ul>","protected":false},"featured_media":30270,"template":"","meta":[],"product_brand":[],"product_cat":[311],"product_tag":[],"class_list":{"0":"post-30266","1":"product","2":"type-product","3":"status-publish","4":"has-post-thumbnail","6":"product_cat-ambalazhim","8":"first","9":"instock","10":"taxable","11":"shipping-taxable","12":"purchasable","13":"product-type-variable","14":"has-default-attributes"},"group_of_quantity":0,"min_quantity":2,"max_quantity":"","exclude_order_quantity_value_rules":"no","exclude_category_quantity_rules":"no","combine_variations":"no","jetpack_sharing_enabled":true,"_links":{"self":[{"href":"https:\/\/fushaco.com\/sq\/wp-json\/wp\/v2\/product\/30266","targetHints":{"allow":["GET"]}}],"collection":[{"href":"https:\/\/fushaco.com\/sq\/wp-json\/wp\/v2\/product"}],"about":[{"href":"https:\/\/fushaco.com\/sq\/wp-json\/wp\/v2\/types\/product"}],"version-history":[{"count":7,"href":"https:\/\/fushaco.com\/sq\/wp-json\/wp\/v2\/product\/30266\/revisions"}],"predecessor-version":[{"id":34039,"href":"https:\/\/fushaco.com\/sq\/wp-json\/wp\/v2\/product\/30266\/revisions\/34039"}],"wp:featuredmedia":[{"embeddable":true,"href":"https:\/\/fushaco.com\/sq\/wp-json\/wp\/v2\/media\/30270"}],"wp:attachment":[{"href":"https:\/\/fushaco.com\/sq\/wp-json\/wp\/v2\/media?parent=30266"}],"wp:term":[{"taxonomy":"product_brand","embeddable":true,"href":"https:\/\/fushaco.com\/sq\/wp-json\/wp\/v2\/product_brand?post=30266"},{"taxonomy":"product_cat","embeddable":true,"href":"https:\/\/fushaco.com\/sq\/wp-json\/wp\/v2\/product_cat?post=30266"},{"taxonomy":"product_tag","embeddable":true,"href":"https:\/\/fushaco.com\/sq\/wp-json\/wp\/v2\/product_tag?post=30266"}],"curies":[{"name":"wp","href":"https:\/\/api.w.org\/{rel}","templated":true}]}}