{"id":30277,"date":"2025-10-10T14:04:11","date_gmt":"2025-10-10T14:04:11","guid":{"rendered":"https:\/\/fushaco.com\/?post_type=product&#038;p=30277"},"modified":"2025-12-16T16:00:44","modified_gmt":"2025-12-16T16:00:44","slug":"fush181","status":"publish","type":"product","link":"https:\/\/fushaco.com\/sq\/produkt\/fush181\/","title":{"rendered":"Mbajt\u00ebse dekorative p\u00ebr buqeta &#8211; FUSH181"},"content":{"rendered":"<p>Qese dekorative elegante me mbishkrimin <em data-start=\"285\" data-end=\"301\">\u201cFresh Flower\u201d<\/em>, e punuar nga material kartoni cil\u00ebsor me dizajn modern dhe minimalist. Ideale p\u00ebr paketimin e luleve, dhuratave ose dekorimeve t\u00eb ndryshme.<\/p>","protected":false},"excerpt":{"rendered":"<p data-start=\"1165\" data-end=\"1193\"><strong data-start=\"1167\" data-end=\"1191\">Detajet e produktit:<\/strong><\/p>\n<ul data-start=\"1194\" data-end=\"1418\">\n<li data-start=\"1194\" data-end=\"1242\">\n<p data-start=\"1196\" data-end=\"1242\">Materiali: Karton i trash\u00eb dhe i q\u00ebndruesh\u00ebm<\/p>\n<\/li>\n<li data-start=\"1243\" data-end=\"1285\">\n<p data-start=\"1245\" data-end=\"1285\">Ngjyra: Kafe e leht\u00eb (nuanc\u00eb natyrale)<\/p>\n<\/li>\n<li data-start=\"1286\" data-end=\"1339\">\n<p data-start=\"1288\" data-end=\"1339\">Dizajni: Minimalist me mbishkrimin \u201cFresh Flower\u201d<\/p>\n<\/li>\n<li data-start=\"1340\" data-end=\"1385\">\n<p data-start=\"1342\" data-end=\"1385\">Struktur\u00eb e fort\u00eb me doreza t\u00eb integruara<\/p>\n<\/li>\n<li data-start=\"1340\" data-end=\"1385\"><strong>10 copa kompleti<\/strong><\/li>\n<li data-start=\"1386\" data-end=\"1418\">\n<p data-start=\"1388\" data-end=\"1418\">P\u00ebrdorim praktik dhe estetik<\/p>\n<\/li>\n<\/ul>","protected":false},"featured_media":30278,"template":"","meta":[],"product_brand":[],"product_cat":[311],"product_tag":[],"class_list":{"0":"post-30277","1":"product","2":"type-product","3":"status-publish","4":"has-post-thumbnail","6":"product_cat-ambalazhim","8":"first","9":"instock","10":"taxable","11":"shipping-taxable","12":"purchasable","13":"product-type-simple"},"group_of_quantity":0,"min_quantity":0,"max_quantity":"","exclude_order_quantity_value_rules":"no","exclude_category_quantity_rules":"no","combine_variations":"no","jetpack_sharing_enabled":true,"_links":{"self":[{"href":"https:\/\/fushaco.com\/sq\/wp-json\/wp\/v2\/product\/30277","targetHints":{"allow":["GET"]}}],"collection":[{"href":"https:\/\/fushaco.com\/sq\/wp-json\/wp\/v2\/product"}],"about":[{"href":"https:\/\/fushaco.com\/sq\/wp-json\/wp\/v2\/types\/product"}],"version-history":[{"count":4,"href":"https:\/\/fushaco.com\/sq\/wp-json\/wp\/v2\/product\/30277\/revisions"}],"predecessor-version":[{"id":33046,"href":"https:\/\/fushaco.com\/sq\/wp-json\/wp\/v2\/product\/30277\/revisions\/33046"}],"wp:featuredmedia":[{"embeddable":true,"href":"https:\/\/fushaco.com\/sq\/wp-json\/wp\/v2\/media\/30278"}],"wp:attachment":[{"href":"https:\/\/fushaco.com\/sq\/wp-json\/wp\/v2\/media?parent=30277"}],"wp:term":[{"taxonomy":"product_brand","embeddable":true,"href":"https:\/\/fushaco.com\/sq\/wp-json\/wp\/v2\/product_brand?post=30277"},{"taxonomy":"product_cat","embeddable":true,"href":"https:\/\/fushaco.com\/sq\/wp-json\/wp\/v2\/product_cat?post=30277"},{"taxonomy":"product_tag","embeddable":true,"href":"https:\/\/fushaco.com\/sq\/wp-json\/wp\/v2\/product_tag?post=30277"}],"curies":[{"name":"wp","href":"https:\/\/api.w.org\/{rel}","templated":true}]}}