{"id":30280,"date":"2025-10-10T14:05:58","date_gmt":"2025-10-10T14:05:58","guid":{"rendered":"https:\/\/fushaco.com\/?post_type=product&#038;p=30280"},"modified":"2026-04-01T10:57:02","modified_gmt":"2026-04-01T10:57:02","slug":"fush184","status":"publish","type":"product","link":"https:\/\/fushaco.com\/sq\/produkt\/fush184\/","title":{"rendered":"Aksesore Dekorative p\u00ebr Buqeta &#8211; FUSH184"},"content":{"rendered":"<p>Dekor i \u00ebmb\u00ebl n\u00eb form\u00eb zemre dhe fjongo, perfekt p\u00ebr aranzhime lulesh, dhurata, dasma apo dit\u00ebn e Sh\u00ebn Valentinit.<\/p>","protected":false},"excerpt":{"rendered":"<p data-start=\"1043\" data-end=\"1071\"><strong>VETEM ME KOMPLET PAKO KA 12 COPA<\/strong><\/p>\n<p data-start=\"1043\" data-end=\"1071\"><strong data-start=\"1045\" data-end=\"1069\">Detajet e produktit:<\/strong><\/p>\n<ul data-start=\"1072\" data-end=\"1271\">\n<li data-start=\"1072\" data-end=\"1119\">\n<p data-start=\"1074\" data-end=\"1119\">Materiali: Dru<\/p>\n<\/li>\n<li data-start=\"1156\" data-end=\"1205\">\n<p data-start=\"1158\" data-end=\"1205\">Fjongo: Kuqe me vija t\u00eb bardha n\u00eb stil klasik<\/p>\n<\/li>\n<li data-start=\"1206\" data-end=\"1234\">\n<p data-start=\"1208\" data-end=\"1234\">Lart\u00ebsia: rreth 25\u201330 cm<\/p>\n<\/li>\n<li data-start=\"1235\" data-end=\"1271\">\n<p data-start=\"1237\" data-end=\"1271\">Dizajn elegant dhe i q\u00ebndruesh\u00ebm<\/p>\n<\/li>\n<li data-start=\"1235\" data-end=\"1271\">P\u00ebr Buqeta t\u00eb Luleve<\/li>\n<\/ul>","protected":false},"featured_media":30281,"template":"","meta":[],"product_brand":[],"product_cat":[308],"product_tag":[],"class_list":{"0":"post-30280","1":"product","2":"type-product","3":"status-publish","4":"has-post-thumbnail","6":"product_cat-dekorime-florale","8":"first","9":"instock","10":"taxable","11":"shipping-taxable","12":"purchasable","13":"product-type-variable","14":"has-default-attributes"},"group_of_quantity":0,"min_quantity":2,"max_quantity":"","exclude_order_quantity_value_rules":"no","exclude_category_quantity_rules":"no","combine_variations":"yes","jetpack_sharing_enabled":true,"_links":{"self":[{"href":"https:\/\/fushaco.com\/sq\/wp-json\/wp\/v2\/product\/30280","targetHints":{"allow":["GET"]}}],"collection":[{"href":"https:\/\/fushaco.com\/sq\/wp-json\/wp\/v2\/product"}],"about":[{"href":"https:\/\/fushaco.com\/sq\/wp-json\/wp\/v2\/types\/product"}],"version-history":[{"count":6,"href":"https:\/\/fushaco.com\/sq\/wp-json\/wp\/v2\/product\/30280\/revisions"}],"predecessor-version":[{"id":35517,"href":"https:\/\/fushaco.com\/sq\/wp-json\/wp\/v2\/product\/30280\/revisions\/35517"}],"wp:featuredmedia":[{"embeddable":true,"href":"https:\/\/fushaco.com\/sq\/wp-json\/wp\/v2\/media\/30281"}],"wp:attachment":[{"href":"https:\/\/fushaco.com\/sq\/wp-json\/wp\/v2\/media?parent=30280"}],"wp:term":[{"taxonomy":"product_brand","embeddable":true,"href":"https:\/\/fushaco.com\/sq\/wp-json\/wp\/v2\/product_brand?post=30280"},{"taxonomy":"product_cat","embeddable":true,"href":"https:\/\/fushaco.com\/sq\/wp-json\/wp\/v2\/product_cat?post=30280"},{"taxonomy":"product_tag","embeddable":true,"href":"https:\/\/fushaco.com\/sq\/wp-json\/wp\/v2\/product_tag?post=30280"}],"curies":[{"name":"wp","href":"https:\/\/api.w.org\/{rel}","templated":true}]}}