{"id":30286,"date":"2025-10-10T14:09:02","date_gmt":"2025-10-10T14:09:02","guid":{"rendered":"https:\/\/fushaco.com\/?post_type=product&#038;p=30286"},"modified":"2025-12-18T16:54:45","modified_gmt":"2025-12-18T16:54:45","slug":"fush185","status":"publish","type":"product","link":"https:\/\/fushaco.com\/sq\/produkt\/fush185\/","title":{"rendered":"Shport\u00eb Dekorative p\u00ebr Dhurata &#038; Evente &#8211; FUSH185"},"content":{"rendered":"<p data-start=\"436\" data-end=\"805\">Kjo <strong data-start=\"466\" data-end=\"497\">shport\u00eb dekorative rrethore<\/strong> \u00ebsht\u00eb nj\u00eb aksesor i mrekulluesh\u00ebm q\u00eb kombinon <strong data-start=\"544\" data-end=\"580\">stil klasik dhe eleganc\u00eb moderne<\/strong>. Punuar me kujdes nga <strong data-start=\"603\" data-end=\"657\">materiale t\u00eb q\u00ebndrueshme n\u00eb ngjyr\u00eb natyrale kashte<\/strong>, ajo shquhet p\u00ebr <strong data-start=\"675\" data-end=\"702\">dorez\u00ebn me rruza perl\u00eb<\/strong> q\u00eb i jep nj\u00eb pamje t\u00eb sofistikuar dhe <strong data-start=\"741\" data-end=\"775\">fjongon e bardh\u00eb t\u00eb tejdukshme<\/strong> q\u00eb shton but\u00ebsi dhe fines\u00eb.<\/p>\n<p data-start=\"807\" data-end=\"970\">E p\u00ebrkryer p\u00ebr <strong data-start=\"822\" data-end=\"904\">dhurata, aranzhime lulesh, suvenire, evente festive, dasma apo dekorim sht\u00ebpie<\/strong>, kjo shport\u00eb p\u00ebrfaq\u00ebson harmonin\u00eb mes natyralitetit dhe luksit.<\/p>","protected":false},"excerpt":{"rendered":"<p data-start=\"1151\" data-end=\"1179\"><strong data-start=\"1153\" data-end=\"1177\">Detajet e produktit:<\/strong><\/p>\n<ul data-start=\"1180\" data-end=\"1458\">\n<li data-start=\"1180\" data-end=\"1244\">\n<p data-start=\"1182\" data-end=\"1244\">Materiali: Rrjet\u00eb dekorative natyrale (kashte e q\u00ebndrueshme)<\/p>\n<\/li>\n<li data-start=\"1245\" data-end=\"1309\">\n<p data-start=\"1247\" data-end=\"1309\">Dekorime: Dorez\u00eb me rruza perl\u00eb dhe fjongo e bardh\u00eb organza<\/p>\n<\/li>\n<li data-start=\"1310\" data-end=\"1350\">\n<p data-start=\"1312\" data-end=\"1350\">Ngjyra: Natyrale me detaje t\u00eb bardha<\/p>\n<\/li>\n<li data-start=\"1351\" data-end=\"1406\">\n<p data-start=\"1353\" data-end=\"1406\">Form\u00eb: Rrethore me dizajn modern dhe t\u00eb q\u00ebndruesh\u00ebm<\/p>\n<\/li>\n<li data-start=\"1407\" data-end=\"1458\">\n<p data-start=\"1409\" data-end=\"1458\">P\u00ebrdorim i shum\u00ebfisht\u00eb p\u00ebr dekorime apo dhurata<\/p>\n<\/li>\n<\/ul>","protected":false},"featured_media":30287,"template":"","meta":[],"product_brand":[],"product_cat":[318],"product_tag":[],"class_list":{"0":"post-30286","1":"product","2":"type-product","3":"status-publish","4":"has-post-thumbnail","6":"product_cat-gift-box","8":"first","9":"instock","10":"taxable","11":"shipping-taxable","12":"purchasable","13":"product-type-simple"},"group_of_quantity":0,"min_quantity":0,"max_quantity":"","exclude_order_quantity_value_rules":"no","exclude_category_quantity_rules":"no","combine_variations":"no","jetpack_sharing_enabled":true,"_links":{"self":[{"href":"https:\/\/fushaco.com\/sq\/wp-json\/wp\/v2\/product\/30286","targetHints":{"allow":["GET"]}}],"collection":[{"href":"https:\/\/fushaco.com\/sq\/wp-json\/wp\/v2\/product"}],"about":[{"href":"https:\/\/fushaco.com\/sq\/wp-json\/wp\/v2\/types\/product"}],"version-history":[{"count":4,"href":"https:\/\/fushaco.com\/sq\/wp-json\/wp\/v2\/product\/30286\/revisions"}],"predecessor-version":[{"id":33305,"href":"https:\/\/fushaco.com\/sq\/wp-json\/wp\/v2\/product\/30286\/revisions\/33305"}],"wp:featuredmedia":[{"embeddable":true,"href":"https:\/\/fushaco.com\/sq\/wp-json\/wp\/v2\/media\/30287"}],"wp:attachment":[{"href":"https:\/\/fushaco.com\/sq\/wp-json\/wp\/v2\/media?parent=30286"}],"wp:term":[{"taxonomy":"product_brand","embeddable":true,"href":"https:\/\/fushaco.com\/sq\/wp-json\/wp\/v2\/product_brand?post=30286"},{"taxonomy":"product_cat","embeddable":true,"href":"https:\/\/fushaco.com\/sq\/wp-json\/wp\/v2\/product_cat?post=30286"},{"taxonomy":"product_tag","embeddable":true,"href":"https:\/\/fushaco.com\/sq\/wp-json\/wp\/v2\/product_tag?post=30286"}],"curies":[{"name":"wp","href":"https:\/\/api.w.org\/{rel}","templated":true}]}}