{"id":30298,"date":"2025-10-10T14:14:43","date_gmt":"2025-10-10T14:14:43","guid":{"rendered":"https:\/\/fushaco.com\/?post_type=product&#038;p=30298"},"modified":"2025-12-18T16:53:42","modified_gmt":"2025-12-18T16:53:42","slug":"fush188","status":"publish","type":"product","link":"https:\/\/fushaco.com\/sq\/produkt\/fush188\/","title":{"rendered":"Set Kuti Premium p\u00ebr Lule &#038; Surpriza &#8211; FUSH188"},"content":{"rendered":"<p data-start=\"220\" data-end=\"441\">Set elegant me tre kuti dhuratash akrilike t\u00eb madh\u00ebsive t\u00eb ndryshme, t\u00eb dekoruara me fjongo sateni n\u00eb ngjyr\u00eb ari. Ideale p\u00ebr paketim luksoz t\u00eb dhuratave, bizhuterive apo luleve dekorative.<\/p>\n<p>&nbsp;<\/p>","protected":false},"excerpt":{"rendered":"<p data-start=\"1226\" data-end=\"1254\"><strong data-start=\"1228\" data-end=\"1252\">Detajet e produktit:<\/strong><\/p>\n<ul data-start=\"1255\" data-end=\"1512\">\n<li data-start=\"1255\" data-end=\"1301\">\n<p data-start=\"1257\" data-end=\"1301\">Set me 3 kuti (e madhe, mesatare, e vog\u00ebl)<\/p>\n<\/li>\n<li data-start=\"1255\" data-end=\"1301\">1. Lartesia 8cm, Gjeresia 14cm, Gjatesia 9cm<br \/>\n2. Lartesia 11.5cm, Gjeresia 18cm, Gjatesia 13.5cm<br \/>\n3. Lartesia 13cm, Gjeresia 20cm, Gjatesia 20cm<\/li>\n<li data-start=\"1302\" data-end=\"1359\">\n<p data-start=\"1304\" data-end=\"1359\">Materiali: Akrilik transparent + baz\u00eb kartoni cil\u00ebsor<\/p>\n<\/li>\n<li data-start=\"1360\" data-end=\"1387\">\n<p data-start=\"1362\" data-end=\"1387\">Ngjyra: Ari dhe krem<\/p>\n<\/li>\n<li data-start=\"1388\" data-end=\"1431\">\n<p data-start=\"1390\" data-end=\"1431\">Fjongo: Sateni luksoz n\u00eb ngjyr\u00eb ari<\/p>\n<\/li>\n<li data-start=\"1432\" data-end=\"1476\">\n<p data-start=\"1434\" data-end=\"1476\">P\u00ebrdorim i shum\u00ebfisht\u00eb dhe i q\u00ebndruesh\u00ebm<\/p>\n<\/li>\n<li data-start=\"1477\" data-end=\"1512\">\n<p data-start=\"1479\" data-end=\"1512\">Pamje moderne dhe e sofistikuar<\/p>\n<\/li>\n<\/ul>","protected":false},"featured_media":30300,"template":"","meta":[],"product_brand":[],"product_cat":[318],"product_tag":[],"class_list":{"0":"post-30298","1":"product","2":"type-product","3":"status-publish","4":"has-post-thumbnail","6":"product_cat-gift-box","8":"first","9":"instock","10":"taxable","11":"shipping-taxable","12":"purchasable","13":"product-type-simple"},"group_of_quantity":0,"min_quantity":0,"max_quantity":"","exclude_order_quantity_value_rules":"no","exclude_category_quantity_rules":"no","combine_variations":"no","jetpack_sharing_enabled":true,"_links":{"self":[{"href":"https:\/\/fushaco.com\/sq\/wp-json\/wp\/v2\/product\/30298","targetHints":{"allow":["GET"]}}],"collection":[{"href":"https:\/\/fushaco.com\/sq\/wp-json\/wp\/v2\/product"}],"about":[{"href":"https:\/\/fushaco.com\/sq\/wp-json\/wp\/v2\/types\/product"}],"version-history":[{"count":6,"href":"https:\/\/fushaco.com\/sq\/wp-json\/wp\/v2\/product\/30298\/revisions"}],"predecessor-version":[{"id":33303,"href":"https:\/\/fushaco.com\/sq\/wp-json\/wp\/v2\/product\/30298\/revisions\/33303"}],"wp:featuredmedia":[{"embeddable":true,"href":"https:\/\/fushaco.com\/sq\/wp-json\/wp\/v2\/media\/30300"}],"wp:attachment":[{"href":"https:\/\/fushaco.com\/sq\/wp-json\/wp\/v2\/media?parent=30298"}],"wp:term":[{"taxonomy":"product_brand","embeddable":true,"href":"https:\/\/fushaco.com\/sq\/wp-json\/wp\/v2\/product_brand?post=30298"},{"taxonomy":"product_cat","embeddable":true,"href":"https:\/\/fushaco.com\/sq\/wp-json\/wp\/v2\/product_cat?post=30298"},{"taxonomy":"product_tag","embeddable":true,"href":"https:\/\/fushaco.com\/sq\/wp-json\/wp\/v2\/product_tag?post=30298"}],"curies":[{"name":"wp","href":"https:\/\/api.w.org\/{rel}","templated":true}]}}