{"id":30305,"date":"2025-10-10T14:17:07","date_gmt":"2025-10-10T14:17:07","guid":{"rendered":"https:\/\/fushaco.com\/?post_type=product&#038;p=30305"},"modified":"2026-05-04T12:47:56","modified_gmt":"2026-05-04T12:47:56","slug":"fush194","status":"publish","type":"product","link":"https:\/\/fushaco.com\/sq\/produkt\/fush194\/","title":{"rendered":"Mbajt\u00ebse dekorative p\u00ebr buqeta &#8211; FUSH194 &#8211; Kompleti"},"content":{"rendered":"<p data-start=\"197\" data-end=\"457\">Nj\u00eb qese elegante dhurate, ideale p\u00ebr prezantimin e luleve, dhuratave apo dekorimeve t\u00eb vogla. Me dizajn modern dhe mbishkrim t\u00eb art\u00eb \u201cYou the most beautiful Flower world\u201d, kjo qese shton hijeshi n\u00eb \u00e7do dhurat\u00eb.<\/p>","protected":false},"excerpt":{"rendered":"<p data-start=\"1129\" data-end=\"1157\"><strong data-start=\"1131\" data-end=\"1155\">Detajet e produktit:<\/strong><\/p>\n<ul data-start=\"1158\" data-end=\"1438\">\n<li data-start=\"1177\" data-end=\"1225\">\n<p data-start=\"1179\" data-end=\"1225\">Materiali: Let\u00ebr e fort\u00eb e cil\u00ebsis\u00eb s\u00eb lart\u00eb<\/p>\n<\/li>\n<li data-start=\"1177\" data-end=\"1225\">\n<h3><strong>Kompleti i ka 10 copa\u00a0<\/strong><\/h3>\n<\/li>\n<li data-start=\"1226\" data-end=\"1294\">\n<p data-start=\"1228\" data-end=\"1294\">Mbishkrim: \u201cYou the most beautiful Flower world\u201d (n\u00eb ngjyr\u00eb ari)<\/p>\n<\/li>\n<li data-start=\"1295\" data-end=\"1351\">\n<p data-start=\"1297\" data-end=\"1351\">Doreza: Dy rripa t\u00eb q\u00ebndruesh\u00ebm p\u00ebr mbajtje t\u00eb leht\u00eb<\/p>\n<\/li>\n<li data-start=\"1352\" data-end=\"1408\">\n<p data-start=\"1354\" data-end=\"1408\">P\u00ebrshtatet p\u00ebr lule, dhurata dhe produkte dekorative<\/p>\n<\/li>\n<li data-start=\"1409\" data-end=\"1438\">\n<p data-start=\"1411\" data-end=\"1438\">Dizajn modern dhe elegant<\/p>\n<\/li>\n<\/ul>","protected":false},"featured_media":30307,"template":"","meta":[],"product_brand":[],"product_cat":[311],"product_tag":[],"class_list":{"0":"post-30305","1":"product","2":"type-product","3":"status-publish","4":"has-post-thumbnail","6":"product_cat-ambalazhim","8":"first","9":"instock","10":"taxable","11":"shipping-taxable","12":"purchasable","13":"product-type-variable","14":"has-default-attributes"},"group_of_quantity":0,"min_quantity":1,"max_quantity":"","exclude_order_quantity_value_rules":"no","exclude_category_quantity_rules":"no","combine_variations":"no","jetpack_sharing_enabled":true,"_links":{"self":[{"href":"https:\/\/fushaco.com\/sq\/wp-json\/wp\/v2\/product\/30305","targetHints":{"allow":["GET"]}}],"collection":[{"href":"https:\/\/fushaco.com\/sq\/wp-json\/wp\/v2\/product"}],"about":[{"href":"https:\/\/fushaco.com\/sq\/wp-json\/wp\/v2\/types\/product"}],"version-history":[{"count":8,"href":"https:\/\/fushaco.com\/sq\/wp-json\/wp\/v2\/product\/30305\/revisions"}],"predecessor-version":[{"id":34037,"href":"https:\/\/fushaco.com\/sq\/wp-json\/wp\/v2\/product\/30305\/revisions\/34037"}],"wp:featuredmedia":[{"embeddable":true,"href":"https:\/\/fushaco.com\/sq\/wp-json\/wp\/v2\/media\/30307"}],"wp:attachment":[{"href":"https:\/\/fushaco.com\/sq\/wp-json\/wp\/v2\/media?parent=30305"}],"wp:term":[{"taxonomy":"product_brand","embeddable":true,"href":"https:\/\/fushaco.com\/sq\/wp-json\/wp\/v2\/product_brand?post=30305"},{"taxonomy":"product_cat","embeddable":true,"href":"https:\/\/fushaco.com\/sq\/wp-json\/wp\/v2\/product_cat?post=30305"},{"taxonomy":"product_tag","embeddable":true,"href":"https:\/\/fushaco.com\/sq\/wp-json\/wp\/v2\/product_tag?post=30305"}],"curies":[{"name":"wp","href":"https:\/\/api.w.org\/{rel}","templated":true}]}}