{"id":30315,"date":"2025-10-10T14:20:13","date_gmt":"2025-10-10T14:20:13","guid":{"rendered":"https:\/\/fushaco.com\/?post_type=product&#038;p=30315"},"modified":"2025-12-16T12:08:30","modified_gmt":"2025-12-16T12:08:30","slug":"fush195","status":"publish","type":"product","link":"https:\/\/fushaco.com\/sq\/produkt\/fush195\/","title":{"rendered":"Mbajt\u00ebse dekorative p\u00ebr lule &#8211; FUSH195"},"content":{"rendered":"<p>Nj\u00eb kartolin\u00eb e bukur dhe plot ndjesi, ideale p\u00ebr t\u00eb p\u00ebrcjell\u00eb dashuri, mir\u00ebnjohje dhe frym\u00ebzim. Me dizajn floral delikat dhe mesazh emocional, \u201cPetal Whispers\u201d \u00ebsht\u00eb zgjedhja perfekte p\u00ebr \u00e7do rast t\u00eb ve\u00e7ant\u00eb.<\/p>","protected":false},"excerpt":{"rendered":"<p data-start=\"1290\" data-end=\"1318\"><strong data-start=\"1292\" data-end=\"1316\">Detajet e produktit:<\/strong><\/p>\n<ul data-start=\"1319\" data-end=\"1515\">\n<li data-start=\"1319\" data-end=\"1363\">\n<p data-start=\"1321\" data-end=\"1363\">Materiali: Let\u00ebr cil\u00ebsore me shtres\u00eb mat<\/p>\n<\/li>\n<li data-start=\"1319\" data-end=\"1363\"><strong>KOMPLETI KA 10 COPA<\/strong><\/li>\n<li data-start=\"1444\" data-end=\"1482\">\n<p data-start=\"1446\" data-end=\"1482\">Tekst i shtypur me mesazh motivues<\/p>\n<\/li>\n<li data-start=\"1483\" data-end=\"1515\">\n<p data-start=\"1485\" data-end=\"1515\">Dizajn modern dhe i ndjesh\u00ebm<\/p>\n<\/li>\n<\/ul>","protected":false},"featured_media":30317,"template":"","meta":[],"product_brand":[],"product_cat":[311],"product_tag":[],"class_list":{"0":"post-30315","1":"product","2":"type-product","3":"status-publish","4":"has-post-thumbnail","6":"product_cat-ambalazhim","8":"first","9":"instock","10":"taxable","11":"shipping-taxable","12":"purchasable","13":"product-type-variable","14":"has-default-attributes"},"group_of_quantity":0,"min_quantity":0,"max_quantity":"","exclude_order_quantity_value_rules":"no","exclude_category_quantity_rules":"no","combine_variations":"no","jetpack_sharing_enabled":true,"_links":{"self":[{"href":"https:\/\/fushaco.com\/sq\/wp-json\/wp\/v2\/product\/30315","targetHints":{"allow":["GET"]}}],"collection":[{"href":"https:\/\/fushaco.com\/sq\/wp-json\/wp\/v2\/product"}],"about":[{"href":"https:\/\/fushaco.com\/sq\/wp-json\/wp\/v2\/types\/product"}],"version-history":[{"count":5,"href":"https:\/\/fushaco.com\/sq\/wp-json\/wp\/v2\/product\/30315\/revisions"}],"predecessor-version":[{"id":33044,"href":"https:\/\/fushaco.com\/sq\/wp-json\/wp\/v2\/product\/30315\/revisions\/33044"}],"wp:featuredmedia":[{"embeddable":true,"href":"https:\/\/fushaco.com\/sq\/wp-json\/wp\/v2\/media\/30317"}],"wp:attachment":[{"href":"https:\/\/fushaco.com\/sq\/wp-json\/wp\/v2\/media?parent=30315"}],"wp:term":[{"taxonomy":"product_brand","embeddable":true,"href":"https:\/\/fushaco.com\/sq\/wp-json\/wp\/v2\/product_brand?post=30315"},{"taxonomy":"product_cat","embeddable":true,"href":"https:\/\/fushaco.com\/sq\/wp-json\/wp\/v2\/product_cat?post=30315"},{"taxonomy":"product_tag","embeddable":true,"href":"https:\/\/fushaco.com\/sq\/wp-json\/wp\/v2\/product_tag?post=30315"}],"curies":[{"name":"wp","href":"https:\/\/api.w.org\/{rel}","templated":true}]}}