{"id":30326,"date":"2025-10-10T14:21:45","date_gmt":"2025-10-10T14:21:45","guid":{"rendered":"https:\/\/fushaco.com\/?post_type=product&#038;p=30326"},"modified":"2026-01-01T04:24:49","modified_gmt":"2026-01-01T04:24:49","slug":"fush203","status":"publish","type":"product","link":"https:\/\/fushaco.com\/sq\/produkt\/fush203\/","title":{"rendered":"Arush Pellushi &#8211; FUSH203"},"content":{"rendered":"<p>Nj\u00eb dhurat\u00eb e \u00ebmb\u00ebl dhe plot dashuri! Ariushi i but\u00eb me buqet\u00eb lulesh shum\u00ebngjyr\u00ebshe, i vendosur n\u00eb nj\u00eb kuti elegante dhurate, \u00ebsht\u00eb zgjedhja perfekte p\u00ebr t\u00eb shprehur kujdes, dashuri dhe p\u00ebrk\u00ebdhelje n\u00eb \u00e7do rast t\u00eb ve\u00e7ant\u00eb.<\/p>","protected":false},"excerpt":{"rendered":"<p data-start=\"1208\" data-end=\"1236\"><strong data-start=\"1210\" data-end=\"1234\">Detajet e produktit:<\/strong><\/p>\n<ul data-start=\"1237\" data-end=\"1524\">\n<li data-start=\"1237\" data-end=\"1289\">\n<p data-start=\"1239\" data-end=\"1289\">Ariush i but\u00eb me buqet\u00eb tr\u00ebndafilash artificial\u00eb<\/p>\n<\/li>\n<li data-start=\"1290\" data-end=\"1337\">\n<p data-start=\"1292\" data-end=\"1337\">Ngjyrat e luleve: E kuqe, roz\u00eb dhe e bardh\u00eb<\/p>\n<\/li>\n<li data-start=\"1338\" data-end=\"1389\">\n<p data-start=\"1340\" data-end=\"1389\">Materiali i ariushit: Pelush cil\u00ebsor dhe i but\u00eb<\/p>\n<\/li>\n<li data-start=\"1390\" data-end=\"1430\">\n<p data-start=\"1392\" data-end=\"1430\">Paketim: Kuti transparente me dorez\u00eb<\/p>\n<\/li>\n<li data-start=\"1471\" data-end=\"1524\">\n<p data-start=\"1473\" data-end=\"1524\">Nuk k\u00ebrkon mir\u00ebmbajtje \u2013 dhurat\u00eb q\u00eb q\u00ebndron gjat\u00eb<\/p>\n<\/li>\n<\/ul>","protected":false},"featured_media":30320,"template":"","meta":[],"product_brand":[],"product_cat":[282],"product_tag":[],"class_list":{"0":"post-30326","1":"product","2":"type-product","3":"status-publish","4":"has-post-thumbnail","6":"product_cat-arusha-pelushi","8":"first","9":"instock","10":"taxable","11":"shipping-taxable","12":"purchasable","13":"product-type-simple"},"group_of_quantity":0,"min_quantity":0,"max_quantity":"","exclude_order_quantity_value_rules":"no","exclude_category_quantity_rules":"no","combine_variations":"no","jetpack_sharing_enabled":true,"_links":{"self":[{"href":"https:\/\/fushaco.com\/sq\/wp-json\/wp\/v2\/product\/30326","targetHints":{"allow":["GET"]}}],"collection":[{"href":"https:\/\/fushaco.com\/sq\/wp-json\/wp\/v2\/product"}],"about":[{"href":"https:\/\/fushaco.com\/sq\/wp-json\/wp\/v2\/types\/product"}],"version-history":[{"count":3,"href":"https:\/\/fushaco.com\/sq\/wp-json\/wp\/v2\/product\/30326\/revisions"}],"predecessor-version":[{"id":32996,"href":"https:\/\/fushaco.com\/sq\/wp-json\/wp\/v2\/product\/30326\/revisions\/32996"}],"wp:featuredmedia":[{"embeddable":true,"href":"https:\/\/fushaco.com\/sq\/wp-json\/wp\/v2\/media\/30320"}],"wp:attachment":[{"href":"https:\/\/fushaco.com\/sq\/wp-json\/wp\/v2\/media?parent=30326"}],"wp:term":[{"taxonomy":"product_brand","embeddable":true,"href":"https:\/\/fushaco.com\/sq\/wp-json\/wp\/v2\/product_brand?post=30326"},{"taxonomy":"product_cat","embeddable":true,"href":"https:\/\/fushaco.com\/sq\/wp-json\/wp\/v2\/product_cat?post=30326"},{"taxonomy":"product_tag","embeddable":true,"href":"https:\/\/fushaco.com\/sq\/wp-json\/wp\/v2\/product_tag?post=30326"}],"curies":[{"name":"wp","href":"https:\/\/api.w.org\/{rel}","templated":true}]}}