{"id":30328,"date":"2025-10-10T14:24:42","date_gmt":"2025-10-10T14:24:42","guid":{"rendered":"https:\/\/fushaco.com\/?post_type=product&#038;p=30328"},"modified":"2026-02-19T21:31:17","modified_gmt":"2026-02-19T21:31:17","slug":"fush204","status":"publish","type":"product","link":"https:\/\/fushaco.com\/sq\/produkt\/fush204\/","title":{"rendered":"Kuti Dekorative me Buqet\u00eb Artificiale &#8211; FUSH204"},"content":{"rendered":"<article class=\"text-token-text-primary w-full focus:outline-none [--shadow-height:45px] has-data-writing-block:pointer-events-none has-data-writing-block:-mt-(--shadow-height) has-data-writing-block:pt-(--shadow-height) [&amp;:has([data-writing-block])&gt;*]:pointer-events-auto scroll-mt-(--header-height)\" dir=\"auto\" tabindex=\"-1\" data-turn-id=\"a374c332-ff76-49a3-8a10-f8ec3b1974db\" data-testid=\"conversation-turn-5\" data-scroll-anchor=\"false\" data-turn=\"user\">\n<div class=\"text-base my-auto mx-auto pt-12 [--thread-content-margin:--spacing(4)] thread-sm:[--thread-content-margin:--spacing(6)] thread-lg:[--thread-content-margin:--spacing(16)] px-(--thread-content-margin)\">\n<div class=\"[--thread-content-max-width:40rem] thread-lg:[--thread-content-max-width:48rem] mx-auto max-w-(--thread-content-max-width) flex-1 group\/turn-messages focus-visible:outline-hidden relative flex w-full min-w-0 flex-col\" tabindex=\"-1\">\n<div class=\"flex max-w-full flex-col grow\">\n<div class=\"min-h-8 text-message relative flex w-full flex-col items-end gap-2 text-start break-words whitespace-normal [.text-message+&amp;]:mt-1\" dir=\"auto\" data-message-author-role=\"user\" data-message-id=\"a374c332-ff76-49a3-8a10-f8ec3b1974db\">\n<div class=\"flex w-full flex-col gap-1 empty:hidden items-end rtl:items-start\">\n<div class=\"user-message-bubble-color relative rounded-[18px] px-4 py-1.5 data-[multiline]:py-3 rounded-se-lg max-w-[var(--user-chat-width,70%)]\">\n<div class=\"whitespace-pre-wrap\">Kjo <strong data-start=\"451\" data-end=\"500\">buqet\u00eb tr\u00ebndafilash dekorativ\u00eb <\/strong>\u00ebsht\u00eb nj\u00eb kombinim perfekt i <strong data-start=\"530\" data-end=\"567\">eleganc\u00ebs, but\u00ebsis\u00eb dhe dashuris\u00eb<\/strong>. \u00c7do tr\u00ebndafil \u00ebsht\u00eb i zbukuruar me <strong data-start=\"604\" data-end=\"631\">detaje t\u00eb im\u00ebta perlash<\/strong>, duke i dh\u00ebn\u00eb produktit nj\u00eb pamje luksoze dhe t\u00eb sofistikuar.<\/div>\n<\/div>\n<\/div>\n<\/div>\n<div class=\"text-token-text-secondary my-2 me-4 flex flex-row justify-end gap-1 text-xs\"><\/div>\n<\/div>\n<div class=\"z-0 flex justify-end\"><\/div>\n<\/div>\n<\/div>\n<\/article>\n<article class=\"text-token-text-primary w-full focus:outline-none [--shadow-height:45px] has-data-writing-block:pointer-events-none has-data-writing-block:-mt-(--shadow-height) has-data-writing-block:pt-(--shadow-height) [&amp;:has([data-writing-block])&gt;*]:pointer-events-auto [content-visibility:auto] supports-[content-visibility:auto]:[contain-intrinsic-size:auto_100lvh] scroll-mt-[calc(var(--header-height)+min(200px,max(70px,20svh)))]\" dir=\"auto\" tabindex=\"-1\" data-turn-id=\"request-WEB:55d69d63-4adc-444f-bdc6-faa54dd56552-2\" data-testid=\"conversation-turn-6\" data-scroll-anchor=\"true\" data-turn=\"assistant\">\n<h6 class=\"sr-only\"><\/h6>\n<\/article>","protected":false},"excerpt":{"rendered":"<p data-start=\"1105\" data-end=\"1133\"><strong data-start=\"1107\" data-end=\"1131\">Detajet e produktit:<\/strong><\/p>\n<ul data-start=\"1134\" data-end=\"1368\">\n<li data-start=\"1173\" data-end=\"1210\">\n<p data-start=\"1175\" data-end=\"1210\">Dekorime: Perla t\u00eb vogla elegante<\/p>\n<\/li>\n<li data-start=\"1173\" data-end=\"1210\">Lule artificiale t\u00eb cil\u00ebsis\u00eb s\u00eb lart\u00eb q\u00eb nuk vyshken<\/li>\n<li data-start=\"1211\" data-end=\"1255\">\n<p data-start=\"1213\" data-end=\"1255\">Ambalazh: Material roz\u00eb i but\u00eb me fjongo<\/p>\n<\/li>\n<li data-start=\"1256\" data-end=\"1311\">\n<p data-start=\"1258\" data-end=\"1311\">Etiket\u00eb: \u201cBaby\u2019s Breath Florist \u2013 Nice to meet you\u201d<\/p>\n<\/li>\n<\/ul>","protected":false},"featured_media":30330,"template":"","meta":[],"product_brand":[],"product_cat":[308],"product_tag":[],"class_list":{"0":"post-30328","1":"product","2":"type-product","3":"status-publish","4":"has-post-thumbnail","6":"product_cat-dekorime-florale","8":"first","9":"instock","10":"taxable","11":"shipping-taxable","12":"purchasable","13":"product-type-variable"},"group_of_quantity":0,"min_quantity":0,"max_quantity":"","exclude_order_quantity_value_rules":"no","exclude_category_quantity_rules":"no","combine_variations":"no","jetpack_sharing_enabled":true,"_links":{"self":[{"href":"https:\/\/fushaco.com\/sq\/wp-json\/wp\/v2\/product\/30328","targetHints":{"allow":["GET"]}}],"collection":[{"href":"https:\/\/fushaco.com\/sq\/wp-json\/wp\/v2\/product"}],"about":[{"href":"https:\/\/fushaco.com\/sq\/wp-json\/wp\/v2\/types\/product"}],"version-history":[{"count":4,"href":"https:\/\/fushaco.com\/sq\/wp-json\/wp\/v2\/product\/30328\/revisions"}],"predecessor-version":[{"id":33278,"href":"https:\/\/fushaco.com\/sq\/wp-json\/wp\/v2\/product\/30328\/revisions\/33278"}],"wp:featuredmedia":[{"embeddable":true,"href":"https:\/\/fushaco.com\/sq\/wp-json\/wp\/v2\/media\/30330"}],"wp:attachment":[{"href":"https:\/\/fushaco.com\/sq\/wp-json\/wp\/v2\/media?parent=30328"}],"wp:term":[{"taxonomy":"product_brand","embeddable":true,"href":"https:\/\/fushaco.com\/sq\/wp-json\/wp\/v2\/product_brand?post=30328"},{"taxonomy":"product_cat","embeddable":true,"href":"https:\/\/fushaco.com\/sq\/wp-json\/wp\/v2\/product_cat?post=30328"},{"taxonomy":"product_tag","embeddable":true,"href":"https:\/\/fushaco.com\/sq\/wp-json\/wp\/v2\/product_tag?post=30328"}],"curies":[{"name":"wp","href":"https:\/\/api.w.org\/{rel}","templated":true}]}}