{"id":30336,"date":"2025-10-10T14:25:46","date_gmt":"2025-10-10T14:25:46","guid":{"rendered":"https:\/\/fushaco.com\/?post_type=product&#038;p=30336"},"modified":"2025-12-18T16:33:48","modified_gmt":"2025-12-18T16:33:48","slug":"fush209","status":"publish","type":"product","link":"https:\/\/fushaco.com\/sq\/produkt\/fush209\/","title":{"rendered":"Kuti Dekorative Zem\u00ebr me Tr\u00ebndafila Artificial\u00eb &#8211; FUSH209"},"content":{"rendered":"<p data-start=\"178\" data-end=\"461\">Nj\u00eb dhurat\u00eb elegante dhe romantike q\u00eb p\u00ebr\u00e7on mesazhin e dashuris\u00eb s\u00eb p\u00ebrjetshme. Kjo kuti n\u00eb form\u00eb zemre me tr\u00ebndafila t\u00eb kuq artificial\u00eb, e zbukuruar me fjongo t\u00eb zez\u00eb dhe mbishkrimin \u201cLove is Eternal\u201d, \u00ebsht\u00eb simbol i eleganc\u00ebs dhe ndjenj\u00ebs s\u00eb sinqert\u00eb.<\/p>","protected":false},"excerpt":{"rendered":"<p data-start=\"1238\" data-end=\"1266\"><strong data-start=\"1240\" data-end=\"1264\">Detajet e produktit:<\/strong><\/p>\n<ul data-start=\"1267\" data-end=\"1530\">\n<li data-start=\"1267\" data-end=\"1283\">\n<p data-start=\"1269\" data-end=\"1283\">Forma: Zem\u00ebr<\/p>\n<\/li>\n<li data-start=\"1284\" data-end=\"1317\">\n<p data-start=\"1286\" data-end=\"1317\">Ngjyra e tr\u00ebndafilave: E kuqe<\/p>\n<\/li>\n<li data-start=\"1318\" data-end=\"1369\">\n<p data-start=\"1320\" data-end=\"1369\">Fjongo: E zez\u00eb me mbishkrimin \u201cLove is Eternal\u201d<\/p>\n<\/li>\n<li data-start=\"1370\" data-end=\"1427\">\n<p data-start=\"1372\" data-end=\"1427\">Materiali i tr\u00ebndafilave: P\u00eblhur\u00eb e cil\u00ebsis\u00eb s\u00eb lart\u00eb<\/p>\n<\/li>\n<li data-start=\"1428\" data-end=\"1471\">\n<p data-start=\"1430\" data-end=\"1471\">Materiali i kutis\u00eb: Akrilik transparent<\/p>\n<\/li>\n<li data-start=\"1472\" data-end=\"1530\">\n<p data-start=\"1474\" data-end=\"1530\">Tr\u00ebndafila q\u00eb nuk vyshken dhe nuk k\u00ebrkojn\u00eb mir\u00ebmbajtje<\/p>\n<\/li>\n<\/ul>","protected":false},"featured_media":30337,"template":"","meta":[],"product_brand":[],"product_cat":[308],"product_tag":[],"class_list":{"0":"post-30336","1":"product","2":"type-product","3":"status-publish","4":"has-post-thumbnail","6":"product_cat-dekorime-florale","8":"first","9":"instock","10":"taxable","11":"shipping-taxable","12":"purchasable","13":"product-type-simple"},"group_of_quantity":0,"min_quantity":0,"max_quantity":"","exclude_order_quantity_value_rules":"no","exclude_category_quantity_rules":"no","combine_variations":"no","jetpack_sharing_enabled":true,"_links":{"self":[{"href":"https:\/\/fushaco.com\/sq\/wp-json\/wp\/v2\/product\/30336","targetHints":{"allow":["GET"]}}],"collection":[{"href":"https:\/\/fushaco.com\/sq\/wp-json\/wp\/v2\/product"}],"about":[{"href":"https:\/\/fushaco.com\/sq\/wp-json\/wp\/v2\/types\/product"}],"version-history":[{"count":4,"href":"https:\/\/fushaco.com\/sq\/wp-json\/wp\/v2\/product\/30336\/revisions"}],"predecessor-version":[{"id":33277,"href":"https:\/\/fushaco.com\/sq\/wp-json\/wp\/v2\/product\/30336\/revisions\/33277"}],"wp:featuredmedia":[{"embeddable":true,"href":"https:\/\/fushaco.com\/sq\/wp-json\/wp\/v2\/media\/30337"}],"wp:attachment":[{"href":"https:\/\/fushaco.com\/sq\/wp-json\/wp\/v2\/media?parent=30336"}],"wp:term":[{"taxonomy":"product_brand","embeddable":true,"href":"https:\/\/fushaco.com\/sq\/wp-json\/wp\/v2\/product_brand?post=30336"},{"taxonomy":"product_cat","embeddable":true,"href":"https:\/\/fushaco.com\/sq\/wp-json\/wp\/v2\/product_cat?post=30336"},{"taxonomy":"product_tag","embeddable":true,"href":"https:\/\/fushaco.com\/sq\/wp-json\/wp\/v2\/product_tag?post=30336"}],"curies":[{"name":"wp","href":"https:\/\/api.w.org\/{rel}","templated":true}]}}