{"id":30342,"date":"2025-10-10T14:30:10","date_gmt":"2025-10-10T14:30:10","guid":{"rendered":"https:\/\/fushaco.com\/?post_type=product&#038;p=30342"},"modified":"2026-02-25T12:58:11","modified_gmt":"2026-02-25T12:58:11","slug":"fush223","status":"publish","type":"product","link":"https:\/\/fushaco.com\/sq\/produkt\/fush223\/","title":{"rendered":"Kuti Dekorative Zem\u00ebr me Tr\u00ebndafila Artificial\u00eb &#8211; FUSH223"},"content":{"rendered":"<p data-start=\"181\" data-end=\"467\">Kjo <strong data-start=\"185\" data-end=\"248\">kuti zem\u00ebr me dizajn elegant dhe dorez\u00eb metalike ngjyr\u00eb ari<\/strong> \u00ebsht\u00eb nj\u00eb zgjedhje perfekte p\u00ebr dhurata romantike dhe prezantime luksoze.<br data-start=\"322\" data-end=\"325\" \/>E mbushur me <strong data-start=\"338\" data-end=\"389\">tr\u00ebndafila artificial\u00eb me pamje natyrale<\/strong>, kjo kuti sjell nj\u00eb kombinim t\u00eb p\u00ebrsosur t\u00eb pasionit, eleganc\u00ebs dhe klasit.<\/p>\n<p data-start=\"469\" data-end=\"633\">Dizajni unik n\u00eb form\u00eb zemre, me ngjyr\u00ebn <strong data-start=\"509\" data-end=\"546\">e zez\u00eb matte dhe dorez\u00ebn metalike<\/strong>, e b\u00ebn k\u00ebt\u00eb produkt ideal p\u00ebr <strong data-start=\"577\" data-end=\"630\">dhurata dashurie, dit\u00eblindje apo dekorime festive<\/strong>.<\/p>","protected":false},"excerpt":{"rendered":"<h3 data-start=\"640\" data-end=\"672\"><strong data-start=\"644\" data-end=\"672\">Karakteristikat kryesore<\/strong><\/h3>\n<ul data-start=\"673\" data-end=\"1031\">\n<li data-start=\"673\" data-end=\"731\">\n<p data-start=\"675\" data-end=\"731\"><strong data-start=\"678\" data-end=\"729\">Kuti n\u00eb form\u00eb zemre me dizajn luksoz dhe modern<\/strong><\/p>\n<\/li>\n<li data-start=\"732\" data-end=\"805\">\n<p data-start=\"734\" data-end=\"805\"><strong data-start=\"737\" data-end=\"803\">E mbushur me tr\u00ebndafila artificial\u00eb cil\u00ebsor\u00eb\u00a0<\/strong><\/p>\n<\/li>\n<li data-start=\"806\" data-end=\"879\">\n<p data-start=\"808\" data-end=\"879\"><strong data-start=\"810\" data-end=\"877\">Dorez\u00eb metalike ngjyr\u00eb ari p\u00ebr nj\u00eb prekje elegante dhe praktike<\/strong><\/p>\n<\/li>\n<li data-start=\"880\" data-end=\"953\">\n<p data-start=\"882\" data-end=\"953\">Perfekte p\u00ebr <strong data-start=\"898\" data-end=\"951\">dhurata romantike, dekorime apo evente t\u00eb ve\u00e7anta<\/strong><\/p>\n<\/li>\n<li data-start=\"954\" data-end=\"1031\">\n<p data-start=\"956\" data-end=\"1031\"><strong data-start=\"959\" data-end=\"997\">Material i fort\u00eb dhe i q\u00ebndruesh\u00ebm<\/strong> q\u00eb garanton cil\u00ebsi dhe estetik\u00eb<\/p>\n<\/li>\n<\/ul>","protected":false},"featured_media":30343,"template":"","meta":[],"product_brand":[],"product_cat":[308],"product_tag":[],"class_list":{"0":"post-30342","1":"product","2":"type-product","3":"status-publish","4":"has-post-thumbnail","6":"product_cat-dekorime-florale","8":"first","9":"instock","10":"sale","11":"taxable","12":"shipping-taxable","13":"purchasable","14":"product-type-variable"},"group_of_quantity":0,"min_quantity":0,"max_quantity":"","exclude_order_quantity_value_rules":"no","exclude_category_quantity_rules":"no","combine_variations":"no","jetpack_sharing_enabled":true,"_links":{"self":[{"href":"https:\/\/fushaco.com\/sq\/wp-json\/wp\/v2\/product\/30342","targetHints":{"allow":["GET"]}}],"collection":[{"href":"https:\/\/fushaco.com\/sq\/wp-json\/wp\/v2\/product"}],"about":[{"href":"https:\/\/fushaco.com\/sq\/wp-json\/wp\/v2\/types\/product"}],"version-history":[{"count":4,"href":"https:\/\/fushaco.com\/sq\/wp-json\/wp\/v2\/product\/30342\/revisions"}],"predecessor-version":[{"id":33275,"href":"https:\/\/fushaco.com\/sq\/wp-json\/wp\/v2\/product\/30342\/revisions\/33275"}],"wp:featuredmedia":[{"embeddable":true,"href":"https:\/\/fushaco.com\/sq\/wp-json\/wp\/v2\/media\/30343"}],"wp:attachment":[{"href":"https:\/\/fushaco.com\/sq\/wp-json\/wp\/v2\/media?parent=30342"}],"wp:term":[{"taxonomy":"product_brand","embeddable":true,"href":"https:\/\/fushaco.com\/sq\/wp-json\/wp\/v2\/product_brand?post=30342"},{"taxonomy":"product_cat","embeddable":true,"href":"https:\/\/fushaco.com\/sq\/wp-json\/wp\/v2\/product_cat?post=30342"},{"taxonomy":"product_tag","embeddable":true,"href":"https:\/\/fushaco.com\/sq\/wp-json\/wp\/v2\/product_tag?post=30342"}],"curies":[{"name":"wp","href":"https:\/\/api.w.org\/{rel}","templated":true}]}}