{"id":30350,"date":"2025-10-10T14:40:02","date_gmt":"2025-10-10T14:40:02","guid":{"rendered":"https:\/\/fushaco.com\/?post_type=product&#038;p=30350"},"modified":"2025-12-18T16:51:04","modified_gmt":"2025-12-18T16:51:04","slug":"fush225","status":"publish","type":"product","link":"https:\/\/fushaco.com\/sq\/produkt\/fush225\/","title":{"rendered":"Set Kuti Dekorative Akrilike &#8211; FUSH225"},"content":{"rendered":"<p data-start=\"173\" data-end=\"507\">K\u00ebto <strong data-start=\"178\" data-end=\"214\">kuti akrilike <\/strong>jan\u00eb nj\u00eb kombinim perfekt midis dizajnit modern dhe funksionalitetit praktik.<br data-start=\"292\" data-end=\"295\" \/>Me <strong data-start=\"298\" data-end=\"337\">struktur\u00eb elegante n\u00eb form\u00eb katrore<\/strong>, ato ofrojn\u00eb nj\u00eb pamje unike dhe t\u00ebrheq\u00ebse p\u00ebr \u00e7do p\u00ebrdorim \u2013 nga <strong data-start=\"433\" data-end=\"458\">aranxhimet dekorative<\/strong> deri te <strong data-start=\"467\" data-end=\"504\">prezantimet luksoze t\u00eb produkteve<\/strong>.<\/p>\n<p data-start=\"509\" data-end=\"651\">Materiali transparent i jep mund\u00ebsi shfaqjes s\u00eb p\u00ebrmbajtjes me stil dhe thjesht\u00ebsi, nd\u00ebrsa bazamenti i fort\u00eb siguron q\u00ebndrueshm\u00ebri t\u00eb plot\u00eb.<\/p>","protected":false},"excerpt":{"rendered":"<h3 data-start=\"658\" data-end=\"690\"><strong data-start=\"662\" data-end=\"690\">Karakteristikat kryesore<\/strong><\/h3>\n<ul data-start=\"691\" data-end=\"1002\">\n<li data-start=\"691\" data-end=\"751\">\n<p data-start=\"693\" data-end=\"751\"><strong data-start=\"696\" data-end=\"749\">Dizajn modern me korniz\u00eb\u00a0<\/strong><\/p>\n<\/li>\n<li data-start=\"691\" data-end=\"751\">Kutia e 1 &#8211; Lartesia 16cm,Gjeresia 17cm,Gjatesia 17cm<br \/>\nKutia e 2 &#8211; Lartesia 19cm,Gjeresia 20cm,Gjatesia 20cm<br \/>\nKutia e 3 &#8211; Lartesia 22cm,Gjeresia 23cm,Gjatesia 23cm<br \/>\nKutia e 4 &#8211; Lartesia 25cm,Gjeresia 26cm,Gjatesia 26cm<br \/>\nKutia e 5 &#8211; Lartesia 29cm,Gjeresia 30cm,Gjatesia 30cm<\/li>\n<li data-start=\"752\" data-end=\"803\">\n<p data-start=\"754\" data-end=\"803\"><strong data-start=\"757\" data-end=\"801\">Material akrilik cil\u00ebsor dhe transparent<\/strong><\/p>\n<\/li>\n<li data-start=\"804\" data-end=\"864\">\n<p data-start=\"806\" data-end=\"864\"><strong data-start=\"809\" data-end=\"862\">Set me disa madh\u00ebsi q\u00eb futen brenda nj\u00ebra-tjetr\u00ebs<\/strong><\/p>\n<\/li>\n<li data-start=\"865\" data-end=\"940\">\n<p data-start=\"867\" data-end=\"940\">Perfekte p\u00ebr <strong data-start=\"883\" data-end=\"938\">aranxhime dhuratash, lule apo prezantime produktesh<\/strong><\/p>\n<\/li>\n<li data-start=\"941\" data-end=\"1002\">\n<p data-start=\"943\" data-end=\"1002\"><strong data-start=\"946\" data-end=\"1000\">Ideale p\u00ebr dekorime interieri apo vitrina tregtare<\/strong><\/p>\n<\/li>\n<\/ul>","protected":false},"featured_media":30352,"template":"","meta":[],"product_brand":[],"product_cat":[318],"product_tag":[],"class_list":{"0":"post-30350","1":"product","2":"type-product","3":"status-publish","4":"has-post-thumbnail","6":"product_cat-gift-box","8":"first","9":"instock","10":"sale","11":"taxable","12":"shipping-taxable","13":"purchasable","14":"product-type-variable","15":"has-default-attributes"},"group_of_quantity":0,"min_quantity":0,"max_quantity":"","exclude_order_quantity_value_rules":"no","exclude_category_quantity_rules":"no","combine_variations":"no","jetpack_sharing_enabled":true,"_links":{"self":[{"href":"https:\/\/fushaco.com\/sq\/wp-json\/wp\/v2\/product\/30350","targetHints":{"allow":["GET"]}}],"collection":[{"href":"https:\/\/fushaco.com\/sq\/wp-json\/wp\/v2\/product"}],"about":[{"href":"https:\/\/fushaco.com\/sq\/wp-json\/wp\/v2\/types\/product"}],"version-history":[{"count":4,"href":"https:\/\/fushaco.com\/sq\/wp-json\/wp\/v2\/product\/30350\/revisions"}],"predecessor-version":[{"id":33301,"href":"https:\/\/fushaco.com\/sq\/wp-json\/wp\/v2\/product\/30350\/revisions\/33301"}],"wp:featuredmedia":[{"embeddable":true,"href":"https:\/\/fushaco.com\/sq\/wp-json\/wp\/v2\/media\/30352"}],"wp:attachment":[{"href":"https:\/\/fushaco.com\/sq\/wp-json\/wp\/v2\/media?parent=30350"}],"wp:term":[{"taxonomy":"product_brand","embeddable":true,"href":"https:\/\/fushaco.com\/sq\/wp-json\/wp\/v2\/product_brand?post=30350"},{"taxonomy":"product_cat","embeddable":true,"href":"https:\/\/fushaco.com\/sq\/wp-json\/wp\/v2\/product_cat?post=30350"},{"taxonomy":"product_tag","embeddable":true,"href":"https:\/\/fushaco.com\/sq\/wp-json\/wp\/v2\/product_tag?post=30350"}],"curies":[{"name":"wp","href":"https:\/\/api.w.org\/{rel}","templated":true}]}}