{"id":30358,"date":"2025-10-10T14:44:23","date_gmt":"2025-10-10T14:44:23","guid":{"rendered":"https:\/\/fushaco.com\/?post_type=product&#038;p=30358"},"modified":"2025-12-18T16:50:52","modified_gmt":"2025-12-18T16:50:52","slug":"fush251-252","status":"publish","type":"product","link":"https:\/\/fushaco.com\/sq\/produkt\/fush251-252\/","title":{"rendered":"Set Kuti Dekorative Akrilike &#8211; FUSH251-252"},"content":{"rendered":"<p data-start=\"164\" data-end=\"457\">Shtoni nj\u00eb prekje elegance dhe luksi n\u00eb \u00e7do prezantim me k\u00ebt\u00eb <strong data-start=\"226\" data-end=\"270\">set prej tre kutish akrilike<\/strong>.<br data-start=\"271\" data-end=\"274\" \/>Dizajni i past\u00ebr transparent me<strong data-start=\"318\" data-end=\"369\">\u00a0logon dekorative<\/strong> e b\u00ebn k\u00ebt\u00eb set perfekt p\u00ebr <strong data-start=\"397\" data-end=\"454\">aranxhime dhuratash, bizhuterish apo produkte luksoze<\/strong>.<\/p>\n<p data-start=\"459\" data-end=\"612\">Kutit\u00eb jan\u00eb t\u00eb punuara me kujdes nga <strong data-start=\"496\" data-end=\"524\">material akrilik premium<\/strong>, t\u00eb q\u00ebndrueshme dhe estetikisht t\u00eb p\u00ebrkryera p\u00ebr \u00e7do ambient modern apo event festiv.<\/p>","protected":false},"excerpt":{"rendered":"<h3 data-start=\"619\" data-end=\"651\"><strong data-start=\"623\" data-end=\"651\">Karakteristikat kryesore<\/strong><\/h3>\n<ul data-start=\"652\" data-end=\"946\">\n<li data-start=\"652\" data-end=\"701\">\n<p data-start=\"654\" data-end=\"701\"><strong data-start=\"657\" data-end=\"699\">Set me 3 kuti t\u00eb madh\u00ebsive t\u00eb ndryshme<\/strong><\/p>\n<\/li>\n<li data-start=\"652\" data-end=\"701\">1. Lartesia 7cm, Gjeresia 25cm, Gjatesia 15cm<br \/>\n2. Lartesia 10cm, Gjeresia 29cm, Gjatesia 19cm<br \/>\n3. Lartesia 13cm,Gjeresia 33cm, Gjatesia 23cm<\/li>\n<li data-start=\"702\" data-end=\"765\">\n<p data-start=\"704\" data-end=\"765\"><strong data-start=\"706\" data-end=\"763\">Dizajn elegant transparent\u00a0<\/strong><\/p>\n<\/li>\n<li data-start=\"766\" data-end=\"810\">\n<p data-start=\"768\" data-end=\"810\"><strong data-start=\"771\" data-end=\"808\">Dekorim me logo elegante n\u00eb kapak<\/strong><\/p>\n<\/li>\n<li data-start=\"811\" data-end=\"860\">\n<p data-start=\"813\" data-end=\"860\"><strong data-start=\"816\" data-end=\"858\">Material akrilik cil\u00ebsor dhe rezistent<\/strong><\/p>\n<\/li>\n<li data-start=\"861\" data-end=\"946\">\n<p data-start=\"863\" data-end=\"946\">Perfekte p\u00ebr <strong data-start=\"879\" data-end=\"944\">aranxhime dhuratash, lule, bizhuteri apo ekspozime produktesh<\/strong><\/p>\n<\/li>\n<\/ul>","protected":false},"featured_media":30359,"template":"","meta":[],"product_brand":[],"product_cat":[318],"product_tag":[],"class_list":{"0":"post-30358","1":"product","2":"type-product","3":"status-publish","4":"has-post-thumbnail","6":"product_cat-gift-box","8":"first","9":"instock","10":"sale","11":"taxable","12":"shipping-taxable","13":"purchasable","14":"product-type-variable"},"group_of_quantity":0,"min_quantity":0,"max_quantity":"","exclude_order_quantity_value_rules":"no","exclude_category_quantity_rules":"no","combine_variations":"no","jetpack_sharing_enabled":true,"_links":{"self":[{"href":"https:\/\/fushaco.com\/sq\/wp-json\/wp\/v2\/product\/30358","targetHints":{"allow":["GET"]}}],"collection":[{"href":"https:\/\/fushaco.com\/sq\/wp-json\/wp\/v2\/product"}],"about":[{"href":"https:\/\/fushaco.com\/sq\/wp-json\/wp\/v2\/types\/product"}],"version-history":[{"count":4,"href":"https:\/\/fushaco.com\/sq\/wp-json\/wp\/v2\/product\/30358\/revisions"}],"predecessor-version":[{"id":33299,"href":"https:\/\/fushaco.com\/sq\/wp-json\/wp\/v2\/product\/30358\/revisions\/33299"}],"wp:featuredmedia":[{"embeddable":true,"href":"https:\/\/fushaco.com\/sq\/wp-json\/wp\/v2\/media\/30359"}],"wp:attachment":[{"href":"https:\/\/fushaco.com\/sq\/wp-json\/wp\/v2\/media?parent=30358"}],"wp:term":[{"taxonomy":"product_brand","embeddable":true,"href":"https:\/\/fushaco.com\/sq\/wp-json\/wp\/v2\/product_brand?post=30358"},{"taxonomy":"product_cat","embeddable":true,"href":"https:\/\/fushaco.com\/sq\/wp-json\/wp\/v2\/product_cat?post=30358"},{"taxonomy":"product_tag","embeddable":true,"href":"https:\/\/fushaco.com\/sq\/wp-json\/wp\/v2\/product_tag?post=30358"}],"curies":[{"name":"wp","href":"https:\/\/api.w.org\/{rel}","templated":true}]}}