{"id":30368,"date":"2025-10-10T14:58:48","date_gmt":"2025-10-10T14:58:48","guid":{"rendered":"https:\/\/fushaco.com\/?post_type=product&#038;p=30368"},"modified":"2025-12-18T16:50:57","modified_gmt":"2025-12-18T16:50:57","slug":"fush253","status":"publish","type":"product","link":"https:\/\/fushaco.com\/sq\/produkt\/fush253\/","title":{"rendered":"Set Kuti Dekorative Akrilike &#8211; FUSH253"},"content":{"rendered":"<p data-start=\"161\" data-end=\"448\">Ky <strong data-start=\"164\" data-end=\"213\">set luksoz kutish dekorative me dizajn modern<\/strong> \u00ebsht\u00eb kombinimi perfekt midis minimalizmit dhe eleganc\u00ebs.<br data-start=\"271\" data-end=\"274\" \/>Kutit\u00eb jan\u00eb t\u00eb punuara me <strong data-start=\"300\" data-end=\"339\">material t\u00eb tejduksh\u00ebm me efekt mat<\/strong>, t\u00eb vendosura mbi <strong data-start=\"358\" data-end=\"385\">baz\u00eb ngjyr\u00eb ari metalik<\/strong>, duke krijuar nj\u00eb kontrast t\u00eb sofistikuar dhe pamje premium.<\/p>\n<p data-start=\"450\" data-end=\"573\">Ideale p\u00ebr <strong data-start=\"461\" data-end=\"522\">aranxhime dhuratash, lule, bizhuteri apo dekorime sht\u00ebpie<\/strong>, ky set sjell nj\u00eb prekje moderne n\u00eb \u00e7do ambient.<\/p>","protected":false},"excerpt":{"rendered":"<h3 data-start=\"580\" data-end=\"612\"><strong data-start=\"584\" data-end=\"612\">Karakteristikat kryesore<\/strong><\/h3>\n<ul data-start=\"613\" data-end=\"952\">\n<li data-start=\"613\" data-end=\"672\">\n<p data-start=\"615\" data-end=\"672\"><strong data-start=\"617\" data-end=\"670\">Set me 3 kuti dekorative t\u00eb madh\u00ebsive t\u00eb ndryshme<\/strong><\/p>\n<\/li>\n<li data-start=\"613\" data-end=\"672\">Dimensionet1.Lartesia 22cm, Gjeresia 22cm, Gjatesia 22cm<br \/>\n2.Lartesia 26cm, Gjeresia 26cm, Gjatesia 26cm<br \/>\n3.Lartesia 30cm, Gjeresia 30cm, Gjatesia 30cm<\/li>\n<li data-start=\"673\" data-end=\"746\">\n<p data-start=\"675\" data-end=\"746\"><strong data-start=\"678\" data-end=\"744\">Material akrilik me p\u00ebrfundim mat dhe baz\u00eb metalike ngjyr\u00eb ari<\/strong><\/p>\n<\/li>\n<li data-start=\"747\" data-end=\"823\">\n<p data-start=\"749\" data-end=\"823\">Perfekte p\u00ebr <strong data-start=\"765\" data-end=\"821\">aranxhime luksoze, dhurata apo prezantime produktesh<\/strong><\/p>\n<\/li>\n<li data-start=\"824\" data-end=\"888\">\n<p data-start=\"826\" data-end=\"888\"><strong data-start=\"829\" data-end=\"850\">Dizajn minimalist<\/strong> q\u00eb p\u00ebrshtatet n\u00eb \u00e7do stil interieri<\/p>\n<\/li>\n<li data-start=\"889\" data-end=\"952\">\n<p data-start=\"891\" data-end=\"952\"><strong data-start=\"894\" data-end=\"928\">Struktur\u00eb e fort\u00eb dhe cil\u00ebsore<\/strong> p\u00ebr p\u00ebrdorim t\u00eb gjat\u00eb<\/p>\n<\/li>\n<\/ul>","protected":false},"featured_media":30369,"template":"","meta":[],"product_brand":[],"product_cat":[318],"product_tag":[],"class_list":{"0":"post-30368","1":"product","2":"type-product","3":"status-publish","4":"has-post-thumbnail","6":"product_cat-gift-box","8":"first","9":"instock","10":"sale","11":"taxable","12":"shipping-taxable","13":"purchasable","14":"product-type-simple"},"group_of_quantity":0,"min_quantity":0,"max_quantity":"","exclude_order_quantity_value_rules":"no","exclude_category_quantity_rules":"no","combine_variations":"no","jetpack_sharing_enabled":true,"_links":{"self":[{"href":"https:\/\/fushaco.com\/sq\/wp-json\/wp\/v2\/product\/30368","targetHints":{"allow":["GET"]}}],"collection":[{"href":"https:\/\/fushaco.com\/sq\/wp-json\/wp\/v2\/product"}],"about":[{"href":"https:\/\/fushaco.com\/sq\/wp-json\/wp\/v2\/types\/product"}],"version-history":[{"count":5,"href":"https:\/\/fushaco.com\/sq\/wp-json\/wp\/v2\/product\/30368\/revisions"}],"predecessor-version":[{"id":33300,"href":"https:\/\/fushaco.com\/sq\/wp-json\/wp\/v2\/product\/30368\/revisions\/33300"}],"wp:featuredmedia":[{"embeddable":true,"href":"https:\/\/fushaco.com\/sq\/wp-json\/wp\/v2\/media\/30369"}],"wp:attachment":[{"href":"https:\/\/fushaco.com\/sq\/wp-json\/wp\/v2\/media?parent=30368"}],"wp:term":[{"taxonomy":"product_brand","embeddable":true,"href":"https:\/\/fushaco.com\/sq\/wp-json\/wp\/v2\/product_brand?post=30368"},{"taxonomy":"product_cat","embeddable":true,"href":"https:\/\/fushaco.com\/sq\/wp-json\/wp\/v2\/product_cat?post=30368"},{"taxonomy":"product_tag","embeddable":true,"href":"https:\/\/fushaco.com\/sq\/wp-json\/wp\/v2\/product_tag?post=30368"}],"curies":[{"name":"wp","href":"https:\/\/api.w.org\/{rel}","templated":true}]}}