{"id":30372,"date":"2025-10-10T15:02:23","date_gmt":"2025-10-10T15:02:23","guid":{"rendered":"https:\/\/fushaco.com\/?post_type=product&#038;p=30372"},"modified":"2025-12-18T16:49:59","modified_gmt":"2025-12-18T16:49:59","slug":"fush262","status":"publish","type":"product","link":"https:\/\/fushaco.com\/sq\/produkt\/fush262\/","title":{"rendered":"Kuti Dhurat\u00eb Luksoze me Dorez\u00eb Dekorative &#8211; FUSH262"},"content":{"rendered":"<p data-start=\"169\" data-end=\"509\">Kjo <strong data-start=\"173\" data-end=\"229\">kuti dhuratash akrilike me dizajn elegant dhe modern<\/strong> \u00ebsht\u00eb zgjedhja perfekte p\u00ebr dhurata t\u00eb ve\u00e7anta dhe prezantime luksoze.<br data-start=\"300\" data-end=\"303\" \/>E punuar me <strong data-start=\"315\" data-end=\"347\">material transparent cil\u00ebsor<\/strong>, e kombinuar me <strong data-start=\"364\" data-end=\"394\">kap\u00ebse metalike ngjyr\u00eb ari<\/strong> dhe <strong data-start=\"399\" data-end=\"443\">dorez\u00eb t\u00eb mb\u00ebshtjell\u00eb me shall dekorativ<\/strong>, kjo kuti sjell nj\u00eb ndjesi fine dhe t\u00eb sofistikuar n\u00eb \u00e7do rast.<\/p>\n<p data-start=\"511\" data-end=\"646\">E p\u00ebrshtatshme p\u00ebr <strong data-start=\"530\" data-end=\"589\">bizhuteri, lule, aksesor\u00eb, parfume apo dhurata elegante<\/strong>, kjo kuti e transformon \u00e7do dhurat\u00eb n\u00eb nj\u00eb vep\u00ebr arti.<\/p>","protected":false},"excerpt":{"rendered":"<p>&nbsp;<\/p>\n<h3 data-start=\"653\" data-end=\"685\"><strong data-start=\"657\" data-end=\"685\">Karakteristikat kryesore<\/strong><\/h3>\n<ul data-start=\"686\" data-end=\"1027\">\n<li data-start=\"686\" data-end=\"764\">\n<p data-start=\"688\" data-end=\"764\"><strong data-start=\"691\" data-end=\"731\">Material akrilik transparent premium<\/strong> p\u00ebr pamje moderne dhe elegante<\/p>\n<\/li>\n<li data-start=\"686\" data-end=\"764\">Lartesia 12cm, Gjeresia 17.5cm, Gjatesia 15<\/li>\n<li data-start=\"765\" data-end=\"820\">\n<p data-start=\"767\" data-end=\"820\"><strong data-start=\"769\" data-end=\"799\">Kap\u00ebse metalike ngjyr\u00eb ari<\/strong> p\u00ebr prekje luksoze<\/p>\n<\/li>\n<li data-start=\"821\" data-end=\"887\">\n<p data-start=\"823\" data-end=\"887\"><strong data-start=\"826\" data-end=\"855\">Dorez\u00eb me shall dekorativ<\/strong> p\u00ebr stil unik dhe t\u00eb rafinuar<\/p>\n<\/li>\n<li data-start=\"888\" data-end=\"947\">\n<p data-start=\"890\" data-end=\"947\"><strong data-start=\"893\" data-end=\"945\">E q\u00ebndrueshme, funksionale dhe shum\u00ebp\u00ebrdorimshme<\/strong><\/p>\n<\/li>\n<li data-start=\"948\" data-end=\"1027\">\n<p data-start=\"950\" data-end=\"1027\">Ideale p\u00ebr <strong data-start=\"964\" data-end=\"1025\">aranxhime lulesh, dhurata, bizhuteri apo dekorime festive<\/strong><\/p>\n<\/li>\n<\/ul>","protected":false},"featured_media":30373,"template":"","meta":[],"product_brand":[],"product_cat":[318],"product_tag":[],"class_list":{"0":"post-30372","1":"product","2":"type-product","3":"status-publish","4":"has-post-thumbnail","6":"product_cat-gift-box","8":"first","9":"instock","10":"sale","11":"taxable","12":"shipping-taxable","13":"purchasable","14":"product-type-simple"},"group_of_quantity":0,"min_quantity":0,"max_quantity":"","exclude_order_quantity_value_rules":"no","exclude_category_quantity_rules":"no","combine_variations":"no","jetpack_sharing_enabled":true,"_links":{"self":[{"href":"https:\/\/fushaco.com\/sq\/wp-json\/wp\/v2\/product\/30372","targetHints":{"allow":["GET"]}}],"collection":[{"href":"https:\/\/fushaco.com\/sq\/wp-json\/wp\/v2\/product"}],"about":[{"href":"https:\/\/fushaco.com\/sq\/wp-json\/wp\/v2\/types\/product"}],"version-history":[{"count":4,"href":"https:\/\/fushaco.com\/sq\/wp-json\/wp\/v2\/product\/30372\/revisions"}],"predecessor-version":[{"id":33298,"href":"https:\/\/fushaco.com\/sq\/wp-json\/wp\/v2\/product\/30372\/revisions\/33298"}],"wp:featuredmedia":[{"embeddable":true,"href":"https:\/\/fushaco.com\/sq\/wp-json\/wp\/v2\/media\/30373"}],"wp:attachment":[{"href":"https:\/\/fushaco.com\/sq\/wp-json\/wp\/v2\/media?parent=30372"}],"wp:term":[{"taxonomy":"product_brand","embeddable":true,"href":"https:\/\/fushaco.com\/sq\/wp-json\/wp\/v2\/product_brand?post=30372"},{"taxonomy":"product_cat","embeddable":true,"href":"https:\/\/fushaco.com\/sq\/wp-json\/wp\/v2\/product_cat?post=30372"},{"taxonomy":"product_tag","embeddable":true,"href":"https:\/\/fushaco.com\/sq\/wp-json\/wp\/v2\/product_tag?post=30372"}],"curies":[{"name":"wp","href":"https:\/\/api.w.org\/{rel}","templated":true}]}}