{"id":30375,"date":"2025-10-10T15:21:54","date_gmt":"2025-10-10T15:21:54","guid":{"rendered":"https:\/\/fushaco.com\/?post_type=product&#038;p=30375"},"modified":"2026-02-24T16:02:26","modified_gmt":"2026-02-24T16:02:26","slug":"fush263","status":"publish","type":"product","link":"https:\/\/fushaco.com\/sq\/produkt\/fush263\/","title":{"rendered":"Flower Box Cilindrike &#8211; FUSH263"},"content":{"rendered":"<ul data-start=\"531\" data-end=\"707\">\n<li data-start=\"531\" data-end=\"568\">\n<p data-start=\"533\" data-end=\"568\">Materiali: Karton i fort\u00eb premium<\/p>\n<\/li>\n<li data-start=\"610\" data-end=\"638\">\n<p data-start=\"612\" data-end=\"638\">Forma: Rrethore me kapak<\/p>\n<\/li>\n<li data-start=\"639\" data-end=\"672\">\n<p data-start=\"641\" data-end=\"672\">Shkrim elegant \u201cAll the best\u201d<\/p>\n<\/li>\n<\/ul>\n<p data-start=\"709\" data-end=\"793\">\u00a0<strong data-start=\"712\" data-end=\"735\">E p\u00ebrshtatshme p\u00ebr:<\/strong> Dasma, dit\u00eblindje, Sh\u00ebn Valentin, apo \u00e7do rast special.<\/p>\n<p data-start=\"624\" data-end=\"636\">Madh\u00ebsit\u00eb:<\/p>\n<ul data-start=\"639\" data-end=\"722\">\n<li data-start=\"639\" data-end=\"664\">\n<p data-start=\"641\" data-end=\"664\">E vog\u00ebl: \u00d8 19.50 \u00d7 12 cm<\/p>\n<\/li>\n<li data-start=\"667\" data-end=\"694\">\n<p data-start=\"669\" data-end=\"694\">E mesme: \u00d8 21.50 \u00d7 14 cm<\/p>\n<\/li>\n<li data-start=\"697\" data-end=\"722\">\n<p data-start=\"699\" data-end=\"722\">E madhe: \u00d8 24.00 \u00d7 16 cm<\/p>\n<\/li>\n<\/ul>","protected":false},"excerpt":{"rendered":"<p data-start=\"180\" data-end=\"503\">Flower box elegant dhe modern n\u00eb ngjyr\u00eb t\u00eb kuqe me detaje ari dhe mbishkrimin <strong data-start=\"258\" data-end=\"276\">\u201cAll the Best\u201d<\/strong>, ideal p\u00ebr <strong data-start=\"288\" data-end=\"308\">aranxhime lulesh<\/strong>, <strong data-start=\"310\" data-end=\"330\">dhurata speciale<\/strong>, <strong data-start=\"332\" data-end=\"346\">dit\u00eblindje<\/strong>, <strong data-start=\"348\" data-end=\"362\">p\u00ebrvjetor\u00eb<\/strong>, <strong data-start=\"364\" data-end=\"381\">Sh\u00ebn Valentin<\/strong> apo raste festive. Dizajni cilindrik i jep nj\u00eb pamje luksoze dhe t\u00eb rafinuar, duke e b\u00ebr\u00eb dhurat\u00ebn t\u00eb dallohet menj\u00ebher\u00eb.<\/p>\n<p data-start=\"505\" data-end=\"787\">E nd\u00ebrtuar nga material cil\u00ebsor dhe rezistent, kjo kuti \u00ebsht\u00eb e p\u00ebrshtatshme si p\u00ebr <strong data-start=\"589\" data-end=\"609\">lule t\u00eb fresk\u00ebta<\/strong>, ashtu edhe p\u00ebr <strong data-start=\"626\" data-end=\"646\">lule artificiale<\/strong>, \u00e7okollata apo dhurata t\u00eb vogla. Kombinimi i ngjyr\u00ebs s\u00eb kuqe me shkrimin elegant e b\u00ebn perfekte p\u00ebr surpriza romantike dhe urime t\u00eb ve\u00e7anta.<\/p>","protected":false},"featured_media":34590,"template":"","meta":[],"product_brand":[],"product_cat":[318],"product_tag":[],"class_list":{"0":"post-30375","1":"product","2":"type-product","3":"status-publish","4":"has-post-thumbnail","6":"product_cat-gift-box","8":"first","9":"instock","10":"taxable","11":"shipping-taxable","12":"purchasable","13":"product-type-variable"},"group_of_quantity":0,"min_quantity":0,"max_quantity":"","exclude_order_quantity_value_rules":"no","exclude_category_quantity_rules":"no","combine_variations":"no","jetpack_sharing_enabled":true,"_links":{"self":[{"href":"https:\/\/fushaco.com\/sq\/wp-json\/wp\/v2\/product\/30375","targetHints":{"allow":["GET"]}}],"collection":[{"href":"https:\/\/fushaco.com\/sq\/wp-json\/wp\/v2\/product"}],"about":[{"href":"https:\/\/fushaco.com\/sq\/wp-json\/wp\/v2\/types\/product"}],"version-history":[{"count":5,"href":"https:\/\/fushaco.com\/sq\/wp-json\/wp\/v2\/product\/30375\/revisions"}],"predecessor-version":[{"id":33297,"href":"https:\/\/fushaco.com\/sq\/wp-json\/wp\/v2\/product\/30375\/revisions\/33297"}],"wp:featuredmedia":[{"embeddable":true,"href":"https:\/\/fushaco.com\/sq\/wp-json\/wp\/v2\/media\/34590"}],"wp:attachment":[{"href":"https:\/\/fushaco.com\/sq\/wp-json\/wp\/v2\/media?parent=30375"}],"wp:term":[{"taxonomy":"product_brand","embeddable":true,"href":"https:\/\/fushaco.com\/sq\/wp-json\/wp\/v2\/product_brand?post=30375"},{"taxonomy":"product_cat","embeddable":true,"href":"https:\/\/fushaco.com\/sq\/wp-json\/wp\/v2\/product_cat?post=30375"},{"taxonomy":"product_tag","embeddable":true,"href":"https:\/\/fushaco.com\/sq\/wp-json\/wp\/v2\/product_tag?post=30375"}],"curies":[{"name":"wp","href":"https:\/\/api.w.org\/{rel}","templated":true}]}}