{"id":30383,"date":"2025-10-10T15:37:27","date_gmt":"2025-10-10T15:37:27","guid":{"rendered":"https:\/\/fushaco.com\/?post_type=product&#038;p=30383"},"modified":"2026-02-24T11:05:55","modified_gmt":"2026-02-24T11:05:55","slug":"fush264","status":"publish","type":"product","link":"https:\/\/fushaco.com\/sq\/produkt\/fush264\/","title":{"rendered":"Flower Box Cilindrike &#8211; FUSH264"},"content":{"rendered":"<p data-start=\"699\" data-end=\"722\">Shto nj\u00eb prekje romantike dhe elegante n\u00eb \u00e7do dhurat\u00eb me k\u00ebt\u00eb <strong data-start=\"221\" data-end=\"271\">set prej tre kutish dhuratash me dizajn lulesh<\/strong>.<br data-start=\"272\" data-end=\"275\" \/>Kutit\u00eb jan\u00eb dekoruar me <strong data-start=\"299\" data-end=\"343\">motive tr\u00ebndafilash t\u00eb kuq dhe t\u00eb bardh\u00eb<\/strong> mbi nj\u00eb sfond krem, duke krijuar nj\u00eb pamje klasike dhe t\u00eb sofistikuar.<br data-start=\"414\" data-end=\"417\" \/>Ideale p\u00ebr <strong data-start=\"428\" data-end=\"500\">aranxhime lulesh, dhurata festive, bizhuteri apo produkte dekorative<\/strong>, k\u00ebto kuti jan\u00eb zgjedhja perfekte p\u00ebr \u00e7do rast special.<\/p>","protected":false},"excerpt":{"rendered":"<h3 data-start=\"565\" data-end=\"597\"><strong data-start=\"569\" data-end=\"597\">Karakteristikat kryesore<\/strong><\/h3>\n<ul data-start=\"598\" data-end=\"911\">\n<li data-start=\"598\" data-end=\"647\">\n<p data-start=\"600\" data-end=\"647\"><strong data-start=\"603\" data-end=\"645\">Set me 3 kuti t\u00eb madh\u00ebsive t\u00eb ndryshme<\/strong><\/p>\n<\/li>\n<li data-start=\"598\" data-end=\"647\">\n<p data-start=\"624\" data-end=\"636\">Madh\u00ebsit\u00eb:<\/p>\n<ul data-start=\"639\" data-end=\"722\">\n<li data-start=\"639\" data-end=\"664\">\n<p data-start=\"641\" data-end=\"664\">E vog\u00ebl: \u00d8 15 \u00d7 14.50 cm<\/p>\n<\/li>\n<li data-start=\"667\" data-end=\"694\">\n<p data-start=\"669\" data-end=\"694\">E mesme: \u00d8 16.50 \u00d7 17 cm<\/p>\n<\/li>\n<li data-start=\"697\" data-end=\"722\">\n<p data-start=\"699\" data-end=\"722\">E madhe: \u00d8 18.50 \u00d7 19 cm<\/p>\n<\/li>\n<\/ul>\n<\/li>\n<li data-start=\"648\" data-end=\"708\">\n<p data-start=\"650\" data-end=\"708\"><strong data-start=\"652\" data-end=\"706\">Dizajn romantik me tr\u00ebndafila t\u00eb kuq dhe t\u00eb bardh\u00eb<\/strong><\/p>\n<\/li>\n<li data-start=\"709\" data-end=\"775\">\n<p data-start=\"711\" data-end=\"775\"><strong data-start=\"714\" data-end=\"752\">Material i q\u00ebndruesh\u00ebm dhe cil\u00ebsor<\/strong> me mbyllje t\u00eb sigurt<\/p>\n<\/li>\n<li data-start=\"776\" data-end=\"844\">\n<p data-start=\"778\" data-end=\"844\">Perfekte p\u00ebr <strong data-start=\"794\" data-end=\"842\">lule, dhurata, aksesor\u00eb dhe dekorime festive<\/strong><\/p>\n<\/li>\n<li data-start=\"845\" data-end=\"911\">\n<p data-start=\"847\" data-end=\"911\"><strong data-start=\"850\" data-end=\"867\">Kapak elegant<\/strong> me detaj ngjyr\u00eb ari p\u00ebr nj\u00eb pamje luksoze<\/p>\n<\/li>\n<\/ul>","protected":false},"featured_media":34587,"template":"","meta":[],"product_brand":[],"product_cat":[318],"product_tag":[],"class_list":{"0":"post-30383","1":"product","2":"type-product","3":"status-publish","4":"has-post-thumbnail","6":"product_cat-gift-box","8":"first","9":"instock","10":"taxable","11":"shipping-taxable","12":"purchasable","13":"product-type-simple"},"group_of_quantity":0,"min_quantity":0,"max_quantity":"","exclude_order_quantity_value_rules":"no","exclude_category_quantity_rules":"no","combine_variations":"no","jetpack_sharing_enabled":true,"_links":{"self":[{"href":"https:\/\/fushaco.com\/sq\/wp-json\/wp\/v2\/product\/30383","targetHints":{"allow":["GET"]}}],"collection":[{"href":"https:\/\/fushaco.com\/sq\/wp-json\/wp\/v2\/product"}],"about":[{"href":"https:\/\/fushaco.com\/sq\/wp-json\/wp\/v2\/types\/product"}],"version-history":[{"count":4,"href":"https:\/\/fushaco.com\/sq\/wp-json\/wp\/v2\/product\/30383\/revisions"}],"predecessor-version":[{"id":33296,"href":"https:\/\/fushaco.com\/sq\/wp-json\/wp\/v2\/product\/30383\/revisions\/33296"}],"wp:featuredmedia":[{"embeddable":true,"href":"https:\/\/fushaco.com\/sq\/wp-json\/wp\/v2\/media\/34587"}],"wp:attachment":[{"href":"https:\/\/fushaco.com\/sq\/wp-json\/wp\/v2\/media?parent=30383"}],"wp:term":[{"taxonomy":"product_brand","embeddable":true,"href":"https:\/\/fushaco.com\/sq\/wp-json\/wp\/v2\/product_brand?post=30383"},{"taxonomy":"product_cat","embeddable":true,"href":"https:\/\/fushaco.com\/sq\/wp-json\/wp\/v2\/product_cat?post=30383"},{"taxonomy":"product_tag","embeddable":true,"href":"https:\/\/fushaco.com\/sq\/wp-json\/wp\/v2\/product_tag?post=30383"}],"curies":[{"name":"wp","href":"https:\/\/api.w.org\/{rel}","templated":true}]}}