{"id":30403,"date":"2025-10-16T08:45:50","date_gmt":"2025-10-16T08:45:50","guid":{"rendered":"https:\/\/fushaco.com\/?post_type=product&#038;p=30403"},"modified":"2025-12-18T16:47:53","modified_gmt":"2025-12-18T16:47:53","slug":"fush267-268","status":"publish","type":"product","link":"https:\/\/fushaco.com\/sq\/produkt\/fush267-268\/","title":{"rendered":"Kuti Dhurat\u00eb Multifunksionale Premium &#8211; FUSH267-268"},"content":{"rendered":"<p data-start=\"185\" data-end=\"511\">Jep nj\u00eb prekje dashurie dhe elegance \u00e7do dhurate me k\u00ebt\u00eb <strong data-start=\"242\" data-end=\"304\">kuti luksoze dhuratash me sirtar dhe fjongo sateni<\/strong>.<br data-start=\"305\" data-end=\"308\" \/>Dizajni i saj modern me <strong data-start=\"332\" data-end=\"361\">kapak transparent akrilik<\/strong>, <strong data-start=\"363\" data-end=\"393\">bazin\u00eb e art\u00eb t\u00eb brendshme<\/strong>\u00a0e b\u00ebn k\u00ebt\u00eb kuti t\u00eb p\u00ebrsosur p\u00ebr \u00e7do rast romantik ose special.<\/p>\n<p data-start=\"513\" data-end=\"641\">Kombinimi i <strong data-start=\"525\" data-end=\"558\">luksozit dhe funksionalitetit<\/strong> e b\u00ebn ideale p\u00ebr <strong data-start=\"576\" data-end=\"638\">aranxhime lulesh, bizhuteri, aksesor\u00eb apo surpriza festive<\/strong>.<\/p>","protected":false},"excerpt":{"rendered":"<h3 data-start=\"1024\" data-end=\"1040\"><strong data-start=\"1028\" data-end=\"1040\">P\u00ebrmasat<\/strong><\/h3>\n<ul data-start=\"1041\" data-end=\"1177\">\n<li data-start=\"1041\" data-end=\"1061\">\n<p data-start=\"1043\" data-end=\"1061\">Lart\u00ebsia: ~19 cm<\/p>\n<\/li>\n<li data-start=\"1062\" data-end=\"1082\">\n<p data-start=\"1064\" data-end=\"1082\">Gj\u00ebr\u00ebsia: ~20 cm<\/p>\n<\/li>\n<li data-start=\"1062\" data-end=\"1082\">Gjat\u00ebsia: ~20 cm<\/li>\n<li data-start=\"1126\" data-end=\"1177\">\n<p data-start=\"1128\" data-end=\"1177\">Materiali: <strong data-start=\"1139\" data-end=\"1175\">Karton premium &amp; akrilik cil\u00ebsor<\/strong><\/p>\n<\/li>\n<\/ul>","protected":false},"featured_media":30404,"template":"","meta":[],"product_brand":[],"product_cat":[318],"product_tag":[],"class_list":{"0":"post-30403","1":"product","2":"type-product","3":"status-publish","4":"has-post-thumbnail","6":"product_cat-gift-box","8":"first","9":"instock","10":"taxable","11":"shipping-taxable","12":"purchasable","13":"product-type-variable"},"group_of_quantity":0,"min_quantity":0,"max_quantity":"","exclude_order_quantity_value_rules":"no","exclude_category_quantity_rules":"no","combine_variations":"no","jetpack_sharing_enabled":true,"_links":{"self":[{"href":"https:\/\/fushaco.com\/sq\/wp-json\/wp\/v2\/product\/30403","targetHints":{"allow":["GET"]}}],"collection":[{"href":"https:\/\/fushaco.com\/sq\/wp-json\/wp\/v2\/product"}],"about":[{"href":"https:\/\/fushaco.com\/sq\/wp-json\/wp\/v2\/types\/product"}],"version-history":[{"count":5,"href":"https:\/\/fushaco.com\/sq\/wp-json\/wp\/v2\/product\/30403\/revisions"}],"predecessor-version":[{"id":33295,"href":"https:\/\/fushaco.com\/sq\/wp-json\/wp\/v2\/product\/30403\/revisions\/33295"}],"wp:featuredmedia":[{"embeddable":true,"href":"https:\/\/fushaco.com\/sq\/wp-json\/wp\/v2\/media\/30404"}],"wp:attachment":[{"href":"https:\/\/fushaco.com\/sq\/wp-json\/wp\/v2\/media?parent=30403"}],"wp:term":[{"taxonomy":"product_brand","embeddable":true,"href":"https:\/\/fushaco.com\/sq\/wp-json\/wp\/v2\/product_brand?post=30403"},{"taxonomy":"product_cat","embeddable":true,"href":"https:\/\/fushaco.com\/sq\/wp-json\/wp\/v2\/product_cat?post=30403"},{"taxonomy":"product_tag","embeddable":true,"href":"https:\/\/fushaco.com\/sq\/wp-json\/wp\/v2\/product_tag?post=30403"}],"curies":[{"name":"wp","href":"https:\/\/api.w.org\/{rel}","templated":true}]}}