{"id":30409,"date":"2025-10-16T08:47:09","date_gmt":"2025-10-16T08:47:09","guid":{"rendered":"https:\/\/fushaco.com\/?post_type=product&#038;p=30409"},"modified":"2025-12-18T16:47:45","modified_gmt":"2025-12-18T16:47:45","slug":"fush269-270","status":"publish","type":"product","link":"https:\/\/fushaco.com\/sq\/produkt\/fush269-270\/","title":{"rendered":"Kuti Dhurat\u00eb Multifunksionale Premium &#8211; FUSH269-270"},"content":{"rendered":"<p data-start=\"179\" data-end=\"507\">Shto nj\u00eb prekje luksi dhe kreativiteti n\u00eb \u00e7do prezantim dhurate me k\u00ebt\u00eb <strong data-start=\"251\" data-end=\"295\">kuti ekskluzive gjasht\u00ebk\u00ebndore me sirtar<\/strong>.<br data-start=\"296\" data-end=\"299\" \/>E punuar me <strong data-start=\"311\" data-end=\"354\">dizajn modern<\/strong>, kjo kuti kombinon <strong data-start=\"374\" data-end=\"405\">kapakun transparent akrilik<\/strong> me <strong data-start=\"409\" data-end=\"444\">bazin\u00eb solide me sirtar praktik<\/strong>, duke ofruar eleganc\u00eb dhe funksionalitet n\u00eb t\u00eb nj\u00ebjt\u00ebn koh\u00eb.<\/p>\n<p data-start=\"509\" data-end=\"673\">Perfekte p\u00ebr <strong data-start=\"522\" data-end=\"593\">aranxhime lulesh, bizhuteri, aksesor\u00eb apo dhurata t\u00eb personalizuara<\/strong>, kjo kuti \u00ebsht\u00eb nj\u00eb zgjedhje ideale p\u00ebr evente luksoze, dasma apo dit\u00eblindje.<\/p>","protected":false},"excerpt":{"rendered":"<h3 data-start=\"1082\" data-end=\"1098\"><strong data-start=\"1086\" data-end=\"1098\">P\u00ebrmasat<\/strong><\/h3>\n<ul data-start=\"1099\" data-end=\"1235\">\n<li data-start=\"1099\" data-end=\"1119\">\n<p data-start=\"1101\" data-end=\"1119\">Lart\u00ebsia: ~19 cm<\/p>\n<\/li>\n<li data-start=\"1120\" data-end=\"1140\">\n<p data-start=\"1122\" data-end=\"1140\">Gj\u00ebr\u00ebsia: ~20.5 cm<\/p>\n<\/li>\n<li data-start=\"1120\" data-end=\"1140\">Gjat\u00ebsia: ~18 cm<\/li>\n<li data-start=\"1141\" data-end=\"1183\">\n<p data-start=\"1143\" data-end=\"1183\">Ngjyra: <strong data-start=\"1151\" data-end=\"1181\">E zez\u00eb, ari &amp; transparente<\/strong><\/p>\n<\/li>\n<li data-start=\"1184\" data-end=\"1235\">\n<p data-start=\"1186\" data-end=\"1235\">Materiali: <strong data-start=\"1197\" data-end=\"1233\">Karton premium &amp; akrilik cil\u00ebsor<\/strong><\/p>\n<\/li>\n<\/ul>","protected":false},"featured_media":30411,"template":"","meta":[],"product_brand":[],"product_cat":[318],"product_tag":[],"class_list":{"0":"post-30409","1":"product","2":"type-product","3":"status-publish","4":"has-post-thumbnail","6":"product_cat-gift-box","8":"first","9":"instock","10":"taxable","11":"shipping-taxable","12":"purchasable","13":"product-type-variable"},"group_of_quantity":0,"min_quantity":0,"max_quantity":"","exclude_order_quantity_value_rules":"no","exclude_category_quantity_rules":"no","combine_variations":"no","jetpack_sharing_enabled":true,"_links":{"self":[{"href":"https:\/\/fushaco.com\/sq\/wp-json\/wp\/v2\/product\/30409","targetHints":{"allow":["GET"]}}],"collection":[{"href":"https:\/\/fushaco.com\/sq\/wp-json\/wp\/v2\/product"}],"about":[{"href":"https:\/\/fushaco.com\/sq\/wp-json\/wp\/v2\/types\/product"}],"version-history":[{"count":4,"href":"https:\/\/fushaco.com\/sq\/wp-json\/wp\/v2\/product\/30409\/revisions"}],"predecessor-version":[{"id":33294,"href":"https:\/\/fushaco.com\/sq\/wp-json\/wp\/v2\/product\/30409\/revisions\/33294"}],"wp:featuredmedia":[{"embeddable":true,"href":"https:\/\/fushaco.com\/sq\/wp-json\/wp\/v2\/media\/30411"}],"wp:attachment":[{"href":"https:\/\/fushaco.com\/sq\/wp-json\/wp\/v2\/media?parent=30409"}],"wp:term":[{"taxonomy":"product_brand","embeddable":true,"href":"https:\/\/fushaco.com\/sq\/wp-json\/wp\/v2\/product_brand?post=30409"},{"taxonomy":"product_cat","embeddable":true,"href":"https:\/\/fushaco.com\/sq\/wp-json\/wp\/v2\/product_cat?post=30409"},{"taxonomy":"product_tag","embeddable":true,"href":"https:\/\/fushaco.com\/sq\/wp-json\/wp\/v2\/product_tag?post=30409"}],"curies":[{"name":"wp","href":"https:\/\/api.w.org\/{rel}","templated":true}]}}