{"id":30419,"date":"2025-10-16T08:51:05","date_gmt":"2025-10-16T08:51:05","guid":{"rendered":"https:\/\/fushaco.com\/?post_type=product&#038;p=30419"},"modified":"2025-12-18T16:46:25","modified_gmt":"2025-12-18T16:46:25","slug":"fush275","status":"publish","type":"product","link":"https:\/\/fushaco.com\/sq\/produkt\/fush275\/","title":{"rendered":"Kuti Dhurat\u00eb Dekorative Katrore &#8211; FUSH275"},"content":{"rendered":"<p data-start=\"189\" data-end=\"548\">Sill eleganc\u00eb dhe klas n\u00eb \u00e7do prezantim dhurate me k\u00ebt\u00eb <strong data-start=\"245\" data-end=\"308\">kuti luksoze me kapak transparent dhe fjongo sateni<\/strong>.<br data-start=\"309\" data-end=\"312\" \/>E dizajnuar p\u00ebr ata q\u00eb duan nj\u00eb <strong data-start=\"344\" data-end=\"383\">prezantim t\u00eb sofistikuar dhe modern<\/strong>, kjo kuti p\u00ebrmban\u00a0<strong data-start=\"464\" data-end=\"493\">kapak transparent akrilik<\/strong> q\u00eb e b\u00ebn dhurat\u00ebn t\u00eb shk\u00eblqej\u00eb n\u00eb m\u00ebnyr\u00eb t\u00eb ve\u00e7ant\u00eb.<\/p>\n<p data-start=\"550\" data-end=\"692\">Perfekte p\u00ebr <strong data-start=\"563\" data-end=\"623\">aranxhime dhuratash, lule, aksesor\u00eb apo produkte luksoze<\/strong>, kjo kuti \u00ebsht\u00eb nj\u00eb kombinim ideal i fines\u00ebs dhe funksionalitetit.<\/p>","protected":false},"excerpt":{"rendered":"<h3 data-start=\"699\" data-end=\"731\"><strong data-start=\"703\" data-end=\"731\">Karakteristikat kryesore<\/strong><\/h3>\n<ul data-start=\"732\" data-end=\"1083\">\n<li data-start=\"732\" data-end=\"812\">\n<p data-start=\"734\" data-end=\"812\">\ud83d\udda4 <strong data-start=\"737\" data-end=\"766\">Dizajn elegant dhe modern<\/strong><\/p>\n<\/li>\n<li data-start=\"813\" data-end=\"874\">\n<p data-start=\"815\" data-end=\"874\">\u2728 <strong data-start=\"817\" data-end=\"846\">Kapak transparent akrilik<\/strong> p\u00ebr prezantim t\u00eb rafinuar<\/p>\n<\/li>\n<li data-start=\"875\" data-end=\"932\">\n<p data-start=\"877\" data-end=\"932\">\ud83c\udf80 <strong data-start=\"880\" data-end=\"904\">Fjongo sateni <\/strong>\u00a0p\u00ebr prekje luksi dhe stil<\/p>\n<\/li>\n<li data-start=\"933\" data-end=\"1007\">\n<p data-start=\"935\" data-end=\"1007\">\ud83d\udc8e <strong data-start=\"938\" data-end=\"976\">Material cil\u00ebsor dhe i q\u00ebndruesh\u00ebm<\/strong>, perfekt p\u00ebr dhurata premium<\/p>\n<\/li>\n<li data-start=\"1008\" data-end=\"1083\">\n<p data-start=\"1010\" data-end=\"1083\">\ud83c\udf81 E p\u00ebrshtatshme p\u00ebr <strong data-start=\"1032\" data-end=\"1081\">evente, dasma, dit\u00eblindje apo dhurata festive<\/strong><\/p>\n<\/li>\n<li data-start=\"1008\" data-end=\"1083\">Masat: 13 cm gjeresi &#8211; 12 cm lartesi<\/li>\n<\/ul>","protected":false},"featured_media":30423,"template":"","meta":[],"product_brand":[],"product_cat":[318],"product_tag":[],"class_list":{"0":"post-30419","1":"product","2":"type-product","3":"status-publish","4":"has-post-thumbnail","6":"product_cat-gift-box","8":"first","9":"instock","10":"taxable","11":"shipping-taxable","12":"purchasable","13":"product-type-variable"},"group_of_quantity":0,"min_quantity":0,"max_quantity":"","exclude_order_quantity_value_rules":"no","exclude_category_quantity_rules":"no","combine_variations":"no","jetpack_sharing_enabled":true,"_links":{"self":[{"href":"https:\/\/fushaco.com\/sq\/wp-json\/wp\/v2\/product\/30419","targetHints":{"allow":["GET"]}}],"collection":[{"href":"https:\/\/fushaco.com\/sq\/wp-json\/wp\/v2\/product"}],"about":[{"href":"https:\/\/fushaco.com\/sq\/wp-json\/wp\/v2\/types\/product"}],"version-history":[{"count":5,"href":"https:\/\/fushaco.com\/sq\/wp-json\/wp\/v2\/product\/30419\/revisions"}],"predecessor-version":[{"id":33292,"href":"https:\/\/fushaco.com\/sq\/wp-json\/wp\/v2\/product\/30419\/revisions\/33292"}],"wp:featuredmedia":[{"embeddable":true,"href":"https:\/\/fushaco.com\/sq\/wp-json\/wp\/v2\/media\/30423"}],"wp:attachment":[{"href":"https:\/\/fushaco.com\/sq\/wp-json\/wp\/v2\/media?parent=30419"}],"wp:term":[{"taxonomy":"product_brand","embeddable":true,"href":"https:\/\/fushaco.com\/sq\/wp-json\/wp\/v2\/product_brand?post=30419"},{"taxonomy":"product_cat","embeddable":true,"href":"https:\/\/fushaco.com\/sq\/wp-json\/wp\/v2\/product_cat?post=30419"},{"taxonomy":"product_tag","embeddable":true,"href":"https:\/\/fushaco.com\/sq\/wp-json\/wp\/v2\/product_tag?post=30419"}],"curies":[{"name":"wp","href":"https:\/\/api.w.org\/{rel}","templated":true}]}}