{"id":30440,"date":"2025-10-16T08:54:35","date_gmt":"2025-10-16T08:54:35","guid":{"rendered":"https:\/\/fushaco.com\/?post_type=product&#038;p=30440"},"modified":"2026-02-24T08:42:39","modified_gmt":"2026-02-24T08:42:39","slug":"fush276","status":"publish","type":"product","link":"https:\/\/fushaco.com\/sq\/produkt\/fush276\/","title":{"rendered":"Gift Box Zem\u00ebr me Kapak Transparent &#8211; FUSH276"},"content":{"rendered":"<p data-start=\"178\" data-end=\"529\">Sill nj\u00eb prekje dashurie dhe elegance n\u00eb \u00e7do dhurat\u00eb me k\u00ebt\u00eb <strong data-start=\"239\" data-end=\"283\">kuti luksoze transparente me form\u00eb zemre<\/strong>.<br data-start=\"284\" data-end=\"287\" \/>E punuar me detaje t\u00eb rafinuara, kjo kuti kombinon <strong data-start=\"338\" data-end=\"369\">kapakun transparent akrilik<\/strong>,dhe <strong data-start=\"405\" data-end=\"440\">fjongon e m\u00ebndafsht\u00eb dekorative<\/strong>, duke e b\u00ebr\u00eb ideale p\u00ebr <strong data-start=\"465\" data-end=\"526\">aranxhime lulesh, dhurata romantike apo evente t\u00eb ve\u00e7anta<\/strong>.<\/p>\n<p data-start=\"531\" data-end=\"664\">Kjo kuti \u00ebsht\u00eb perfekte p\u00ebr ata q\u00eb duan t\u00eb shprehin dashurin\u00eb me stil, duke e b\u00ebr\u00eb \u00e7do dhurat\u00eb t\u00eb duket e ve\u00e7ant\u00eb dhe e kujdesshme.<\/p>","protected":false},"excerpt":{"rendered":"<h3 data-start=\"671\" data-end=\"703\"><strong data-start=\"675\" data-end=\"703\">Karakteristikat kryesore<\/strong><\/h3>\n<ul data-start=\"704\" data-end=\"1061\">\n<li data-start=\"704\" data-end=\"767\">\n<p data-start=\"706\" data-end=\"767\"><strong data-start=\"709\" data-end=\"740\">Dizajn elegant dhe romantik<\/strong> me form\u00eb zemre n\u00eb qend\u00ebr<\/p>\n<\/li>\n<li data-start=\"704\" data-end=\"767\">Dimensionet jane 20x20x12<\/li>\n<li data-start=\"768\" data-end=\"837\">\n<p data-start=\"770\" data-end=\"837\"><strong data-start=\"772\" data-end=\"801\">Kapak transparent akrilik<\/strong> q\u00eb thekson bukurin\u00eb e p\u00ebrmbajtjes<\/p>\n<\/li>\n<li data-start=\"838\" data-end=\"906\">\n<p data-start=\"840\" data-end=\"906\"><strong data-start=\"843\" data-end=\"869\">Fjongo dekorative <\/strong>p\u00ebr nj\u00eb pamje luksoze dhe t\u00eb \u00ebmb\u00ebl<\/p>\n<\/li>\n<li data-start=\"907\" data-end=\"988\">\n<p data-start=\"909\" data-end=\"988\"><strong data-start=\"912\" data-end=\"953\">Materiale cil\u00ebsore dhe t\u00eb q\u00ebndrueshme<\/strong>, perfekte p\u00ebr p\u00ebrdorim afatgjat\u00eb<\/p>\n<\/li>\n<li data-start=\"989\" data-end=\"1061\">\n<p data-start=\"991\" data-end=\"1061\">Ideale p\u00ebr <strong data-start=\"1005\" data-end=\"1059\">aranxhime dhuratash, lulesh apo surpriza romantike<\/strong><\/p>\n<\/li>\n<\/ul>","protected":false},"featured_media":30425,"template":"","meta":[],"product_brand":[],"product_cat":[318],"product_tag":[],"class_list":{"0":"post-30440","1":"product","2":"type-product","3":"status-publish","4":"has-post-thumbnail","6":"product_cat-gift-box","8":"first","9":"instock","10":"taxable","11":"shipping-taxable","12":"purchasable","13":"product-type-variable","14":"has-default-attributes"},"group_of_quantity":0,"min_quantity":0,"max_quantity":"","exclude_order_quantity_value_rules":"no","exclude_category_quantity_rules":"no","combine_variations":"no","jetpack_sharing_enabled":true,"_links":{"self":[{"href":"https:\/\/fushaco.com\/sq\/wp-json\/wp\/v2\/product\/30440","targetHints":{"allow":["GET"]}}],"collection":[{"href":"https:\/\/fushaco.com\/sq\/wp-json\/wp\/v2\/product"}],"about":[{"href":"https:\/\/fushaco.com\/sq\/wp-json\/wp\/v2\/types\/product"}],"version-history":[{"count":6,"href":"https:\/\/fushaco.com\/sq\/wp-json\/wp\/v2\/product\/30440\/revisions"}],"predecessor-version":[{"id":34549,"href":"https:\/\/fushaco.com\/sq\/wp-json\/wp\/v2\/product\/30440\/revisions\/34549"}],"wp:featuredmedia":[{"embeddable":true,"href":"https:\/\/fushaco.com\/sq\/wp-json\/wp\/v2\/media\/30425"}],"wp:attachment":[{"href":"https:\/\/fushaco.com\/sq\/wp-json\/wp\/v2\/media?parent=30440"}],"wp:term":[{"taxonomy":"product_brand","embeddable":true,"href":"https:\/\/fushaco.com\/sq\/wp-json\/wp\/v2\/product_brand?post=30440"},{"taxonomy":"product_cat","embeddable":true,"href":"https:\/\/fushaco.com\/sq\/wp-json\/wp\/v2\/product_cat?post=30440"},{"taxonomy":"product_tag","embeddable":true,"href":"https:\/\/fushaco.com\/sq\/wp-json\/wp\/v2\/product_tag?post=30440"}],"curies":[{"name":"wp","href":"https:\/\/api.w.org\/{rel}","templated":true}]}}