{"id":30446,"date":"2025-10-16T08:59:10","date_gmt":"2025-10-16T08:59:10","guid":{"rendered":"https:\/\/fushaco.com\/?post_type=product&#038;p=30446"},"modified":"2026-02-24T16:03:14","modified_gmt":"2026-02-24T16:03:14","slug":"fush349","status":"publish","type":"product","link":"https:\/\/fushaco.com\/sq\/produkt\/fush349\/","title":{"rendered":"Gift Box Premium me Dorez\u00eb Bambuje &#8211; FUSH349"},"content":{"rendered":"<p data-start=\"192\" data-end=\"545\">Shto nj\u00eb prekje luksi dhe elegance n\u00eb \u00e7do dhurat\u00eb me k\u00ebt\u00eb <strong data-start=\"250\" data-end=\"301\">kuti premium transparente <\/strong>.<br data-start=\"302\" data-end=\"305\" \/>Kombinimi i <strong data-start=\"317\" data-end=\"351\">kapakut prej kadifeje elegante<\/strong>, <strong data-start=\"353\" data-end=\"386\">dorez\u00ebs prej bambuje natyrale<\/strong>, <strong data-start=\"388\" data-end=\"423\">mbylljes metalike n\u00eb ngjyr\u00eb ari<\/strong> dhe <strong data-start=\"428\" data-end=\"451\">fjongoje dekorative<\/strong>, e b\u00ebn k\u00ebt\u00eb kuti perfekte p\u00ebr <strong data-start=\"482\" data-end=\"542\">aranxhime dhuratash, lule, aksesor\u00eb apo dekorime festive<\/strong>.<\/p>\n<p data-start=\"547\" data-end=\"707\">Kjo kuti \u00ebsht\u00eb zgjedhja ideale p\u00ebr ata q\u00eb k\u00ebrkojn\u00eb <strong data-start=\"598\" data-end=\"650\">nj\u00eb m\u00ebnyr\u00eb t\u00eb ve\u00e7ant\u00eb p\u00ebr t\u00eb prezantuar dhuratat<\/strong>, duke reflektuar stil, fines\u00eb dhe kujdes n\u00eb \u00e7do detaj.<\/p>","protected":false},"excerpt":{"rendered":"<ul>\n<li data-start=\"747\" data-end=\"818\">\n<p data-start=\"749\" data-end=\"818\"><strong data-start=\"752\" data-end=\"780\">Dizajn luksoz dhe modern<\/strong> me kombinim t\u00eb materialeve cil\u00ebsore<\/p>\n<\/li>\n<li data-start=\"873\" data-end=\"945\">\n<p data-start=\"875\" data-end=\"945\"><strong data-start=\"878\" data-end=\"905\">Dorez\u00eb bambuje natyrale<\/strong> p\u00ebr nj\u00eb stil t\u00eb rafinuar dhe autentik<\/p>\n<\/li>\n<li data-start=\"946\" data-end=\"1007\">\n<p data-start=\"948\" data-end=\"1007\"><strong data-start=\"950\" data-end=\"981\">Mbyllje metalike ngjyr\u00eb ari<\/strong> p\u00ebr siguri dhe estetik\u00eb<\/p>\n<\/li>\n<li data-start=\"1008\" data-end=\"1085\">\n<p data-start=\"1010\" data-end=\"1085\"><strong data-start=\"1013\" data-end=\"1049\">E zbukuruar me fjongo dekorative<\/strong> p\u00ebr nj\u00eb pamje t\u00eb p\u00ebrkryer dhurate<\/p>\n<\/li>\n<li data-start=\"1086\" data-end=\"1156\">\n<p data-start=\"1088\" data-end=\"1156\"><strong data-start=\"1091\" data-end=\"1113\">Kutia transparente<\/strong> lejon q\u00eb p\u00ebrmbajtja t\u00eb shk\u00eblqej\u00eb me stil<\/p>\n<\/li>\n<\/ul>","protected":false},"featured_media":30432,"template":"","meta":[],"product_brand":[],"product_cat":[318],"product_tag":[],"class_list":{"0":"post-30446","1":"product","2":"type-product","3":"status-publish","4":"has-post-thumbnail","6":"product_cat-gift-box","8":"first","9":"instock","10":"taxable","11":"shipping-taxable","12":"purchasable","13":"product-type-variable","14":"has-default-attributes"},"group_of_quantity":0,"min_quantity":0,"max_quantity":"","exclude_order_quantity_value_rules":"no","exclude_category_quantity_rules":"no","combine_variations":"no","jetpack_sharing_enabled":true,"_links":{"self":[{"href":"https:\/\/fushaco.com\/sq\/wp-json\/wp\/v2\/product\/30446","targetHints":{"allow":["GET"]}}],"collection":[{"href":"https:\/\/fushaco.com\/sq\/wp-json\/wp\/v2\/product"}],"about":[{"href":"https:\/\/fushaco.com\/sq\/wp-json\/wp\/v2\/types\/product"}],"version-history":[{"count":4,"href":"https:\/\/fushaco.com\/sq\/wp-json\/wp\/v2\/product\/30446\/revisions"}],"predecessor-version":[{"id":33289,"href":"https:\/\/fushaco.com\/sq\/wp-json\/wp\/v2\/product\/30446\/revisions\/33289"}],"wp:featuredmedia":[{"embeddable":true,"href":"https:\/\/fushaco.com\/sq\/wp-json\/wp\/v2\/media\/30432"}],"wp:attachment":[{"href":"https:\/\/fushaco.com\/sq\/wp-json\/wp\/v2\/media?parent=30446"}],"wp:term":[{"taxonomy":"product_brand","embeddable":true,"href":"https:\/\/fushaco.com\/sq\/wp-json\/wp\/v2\/product_brand?post=30446"},{"taxonomy":"product_cat","embeddable":true,"href":"https:\/\/fushaco.com\/sq\/wp-json\/wp\/v2\/product_cat?post=30446"},{"taxonomy":"product_tag","embeddable":true,"href":"https:\/\/fushaco.com\/sq\/wp-json\/wp\/v2\/product_tag?post=30446"}],"curies":[{"name":"wp","href":"https:\/\/api.w.org\/{rel}","templated":true}]}}