{"id":30454,"date":"2025-10-17T10:10:52","date_gmt":"2025-10-17T10:10:52","guid":{"rendered":"https:\/\/fushaco.com\/?post_type=product&#038;p=30454"},"modified":"2026-03-12T08:42:03","modified_gmt":"2026-03-12T08:42:03","slug":"fush265","status":"publish","type":"product","link":"https:\/\/fushaco.com\/sq\/produkt\/fush265\/","title":{"rendered":"Flower Box Cilindrike &#8211; FUSH265"},"content":{"rendered":"<p data-start=\"176\" data-end=\"520\">Prezanto dhuratat dhe dekorimet e tua me stil me k\u00ebt\u00eb <strong data-start=\"230\" data-end=\"253\">set kutish p\u00ebr lule<\/strong>, t\u00eb zbukuruara me mbishkrimin elegant <strong data-start=\"318\" data-end=\"339\">\u201cFLOWERS FOR YOU\u201d<\/strong> n\u00eb ngjyr\u00eb ari.<br data-start=\"354\" data-end=\"357\" \/>K\u00ebto kuti jan\u00eb perfekte p\u00ebr <strong data-start=\"385\" data-end=\"454\">aranxhime lulesh, dhurata romantike, evente, apo dekorime festive<\/strong>, duke i dh\u00ebn\u00eb \u00e7do prezantimi nj\u00eb pamje t\u00eb rafinuar dhe luksoze.<\/p>\n<p data-start=\"522\" data-end=\"645\">T\u00eb punuara me materiale cil\u00ebsore, jan\u00eb t\u00eb q\u00ebndrueshme, t\u00eb lehta dhe shum\u00eb praktike p\u00ebr p\u00ebrdorim profesional apo personal.<\/p>","protected":false},"excerpt":{"rendered":"<h3 data-start=\"652\" data-end=\"684\"><strong data-start=\"656\" data-end=\"684\">Karakteristikat kryesore<\/strong><\/h3>\n<ul data-start=\"685\" data-end=\"1044\">\n<li data-start=\"685\" data-end=\"744\">\n<p data-start=\"687\" data-end=\"744\"><strong data-start=\"690\" data-end=\"719\">Dizajn elegant dhe modern<\/strong><\/p>\n<\/li>\n<li data-start=\"685\" data-end=\"744\">Masa e Madhe : Diametri 15.50cm \/ Lartesia 16.50cm<br \/>\nMasa e Vogel : Diametri 12.50cm \/ Lartesia 14.00cm<\/li>\n<li data-start=\"745\" data-end=\"817\">\n<p data-start=\"747\" data-end=\"817\"><strong data-start=\"749\" data-end=\"780\">Mbishkrim \u201cFLOWERS FOR YOU\u201d<\/strong> me ngjyr\u00eb ari p\u00ebr nj\u00eb prekje luksi<\/p>\n<\/li>\n<li data-start=\"818\" data-end=\"901\">\n<p data-start=\"820\" data-end=\"901\"><strong data-start=\"823\" data-end=\"855\">Material i fort\u00eb dhe cil\u00ebsor<\/strong>, ideal p\u00ebr lule t\u00eb fresk\u00ebta ose artificiale<\/p>\n<\/li>\n<li data-start=\"902\" data-end=\"987\">\n<p data-start=\"904\" data-end=\"987\">E p\u00ebrshtatshme p\u00ebr <strong data-start=\"926\" data-end=\"985\">aranxhime dhuratash, evente, dasma apo dekorime sht\u00ebpie<\/strong><\/p>\n<\/li>\n<li data-start=\"988\" data-end=\"1044\">\n<p data-start=\"990\" data-end=\"1044\">E leht\u00eb p\u00ebr t\u2019u transportuar dhe shum\u00eb rezistente<\/p>\n<\/li>\n<\/ul>","protected":false},"featured_media":30397,"template":"","meta":[],"product_brand":[],"product_cat":[311,318],"product_tag":[],"class_list":{"0":"post-30454","1":"product","2":"type-product","3":"status-publish","4":"has-post-thumbnail","6":"product_cat-ambalazhim","7":"product_cat-gift-box","9":"first","10":"instock","11":"taxable","12":"shipping-taxable","13":"purchasable","14":"product-type-variable"},"group_of_quantity":0,"min_quantity":0,"max_quantity":"","exclude_order_quantity_value_rules":"no","exclude_category_quantity_rules":"no","combine_variations":"no","jetpack_sharing_enabled":true,"_links":{"self":[{"href":"https:\/\/fushaco.com\/sq\/wp-json\/wp\/v2\/product\/30454","targetHints":{"allow":["GET"]}}],"collection":[{"href":"https:\/\/fushaco.com\/sq\/wp-json\/wp\/v2\/product"}],"about":[{"href":"https:\/\/fushaco.com\/sq\/wp-json\/wp\/v2\/types\/product"}],"version-history":[{"count":5,"href":"https:\/\/fushaco.com\/sq\/wp-json\/wp\/v2\/product\/30454\/revisions"}],"predecessor-version":[{"id":34140,"href":"https:\/\/fushaco.com\/sq\/wp-json\/wp\/v2\/product\/30454\/revisions\/34140"}],"wp:featuredmedia":[{"embeddable":true,"href":"https:\/\/fushaco.com\/sq\/wp-json\/wp\/v2\/media\/30397"}],"wp:attachment":[{"href":"https:\/\/fushaco.com\/sq\/wp-json\/wp\/v2\/media?parent=30454"}],"wp:term":[{"taxonomy":"product_brand","embeddable":true,"href":"https:\/\/fushaco.com\/sq\/wp-json\/wp\/v2\/product_brand?post=30454"},{"taxonomy":"product_cat","embeddable":true,"href":"https:\/\/fushaco.com\/sq\/wp-json\/wp\/v2\/product_cat?post=30454"},{"taxonomy":"product_tag","embeddable":true,"href":"https:\/\/fushaco.com\/sq\/wp-json\/wp\/v2\/product_tag?post=30454"}],"curies":[{"name":"wp","href":"https:\/\/api.w.org\/{rel}","templated":true}]}}