{"id":30460,"date":"2025-10-17T10:16:19","date_gmt":"2025-10-17T10:16:19","guid":{"rendered":"https:\/\/fushaco.com\/?post_type=product&#038;p=30460"},"modified":"2025-12-23T11:01:42","modified_gmt":"2025-12-23T11:01:42","slug":"fush099","status":"publish","type":"product","link":"https:\/\/fushaco.com\/sq\/produkt\/fush099\/","title":{"rendered":"Tr\u00ebndafil Artificial p\u00ebr Aranzhime Florale \u2013 FUSH099"},"content":{"rendered":"<p data-start=\"186\" data-end=\"525\">Shto nj\u00eb prekje romantike dhe luksoze n\u00eb ambientin t\u00ebnd me k\u00ebt\u00eb <strong data-start=\"250\" data-end=\"290\">tr\u00ebndafil artificial<\/strong>, i punuar me detaje t\u00eb jasht\u00ebzakonshme p\u00ebr nj\u00eb pamje sa m\u00eb natyrale.<br data-start=\"359\" data-end=\"362\" \/>Me pes\u00eb lule t\u00eb plota n\u00eb nj\u00eb deg\u00eb, ky tr\u00ebndafil krijon nj\u00eb efekt mbres\u00ebl\u00ebn\u00ebs dhe elegant, perfekt p\u00ebr <strong data-start=\"464\" data-end=\"522\">vazo dekorative, buqeta dasmash apo dhurata t\u00eb ve\u00e7anta<\/strong>.<\/p>\n<p data-start=\"527\" data-end=\"628\">Kjo lule artificiale sjell hijeshi t\u00eb p\u00ebrhershme, pa nevoj\u00ebn e kujdesit q\u00eb k\u00ebrkojn\u00eb lulet natyrale<\/p>","protected":false},"excerpt":{"rendered":"<h3 data-start=\"635\" data-end=\"667\"><strong data-start=\"639\" data-end=\"667\">Karakteristikat kryesore<\/strong><\/h3>\n<ul data-start=\"668\" data-end=\"1052\">\n<li data-start=\"668\" data-end=\"741\">\n<p data-start=\"670\" data-end=\"741\"><strong data-start=\"673\" data-end=\"703\">Dizajn realist dhe elegant<\/strong> me 5 tr\u00ebndafila t\u00eb punuar me detaje<\/p>\n<\/li>\n<li data-start=\"742\" data-end=\"844\">\n<p data-start=\"744\" data-end=\"844\"><strong data-start=\"747\" data-end=\"802\">Material cil\u00ebsor (PU premium &amp; plastik\u00eb fleksibile)<\/strong> \u2013 i q\u00ebndruesh\u00ebm dhe me ngjyr\u00eb afatgjat\u00eb<\/p>\n<\/li>\n<li data-start=\"845\" data-end=\"909\">\n<p data-start=\"847\" data-end=\"909\"><strong data-start=\"850\" data-end=\"868\">Pa mir\u00ebmbajtje<\/strong> \u2013 nuk k\u00ebrkon uj\u00eb apo kujdes t\u00eb ve\u00e7ant\u00eb<\/p>\n<\/li>\n<li data-start=\"910\" data-end=\"976\">\n<p data-start=\"912\" data-end=\"976\">Ideale p\u00ebr <strong data-start=\"926\" data-end=\"974\">sht\u00ebpi, evente, dasma apo dhurata dekorative<\/strong><\/p>\n<\/li>\n<li data-start=\"977\" data-end=\"1052\">\n<p data-start=\"979\" data-end=\"1052\"><strong data-start=\"982\" data-end=\"1018\">Simbol i dashuris\u00eb dhe eleganc\u00ebs<\/strong> \u2013 perfekt p\u00ebr \u00e7do rast romantik<\/p>\n<\/li>\n<li data-start=\"977\" data-end=\"1052\"><strong>Lartesia &#8211; 83cm<\/strong><\/li>\n<\/ul>","protected":false},"featured_media":30463,"template":"","meta":[],"product_brand":[],"product_cat":[307],"product_tag":[],"class_list":{"0":"post-30460","1":"product","2":"type-product","3":"status-publish","4":"has-post-thumbnail","6":"product_cat-lule-artificiale","8":"first","9":"instock","10":"taxable","11":"shipping-taxable","12":"purchasable","13":"product-type-variable"},"group_of_quantity":0,"min_quantity":0,"max_quantity":"","exclude_order_quantity_value_rules":"no","exclude_category_quantity_rules":"no","combine_variations":"no","jetpack_sharing_enabled":true,"_links":{"self":[{"href":"https:\/\/fushaco.com\/sq\/wp-json\/wp\/v2\/product\/30460","targetHints":{"allow":["GET"]}}],"collection":[{"href":"https:\/\/fushaco.com\/sq\/wp-json\/wp\/v2\/product"}],"about":[{"href":"https:\/\/fushaco.com\/sq\/wp-json\/wp\/v2\/types\/product"}],"version-history":[{"count":7,"href":"https:\/\/fushaco.com\/sq\/wp-json\/wp\/v2\/product\/30460\/revisions"}],"predecessor-version":[{"id":33594,"href":"https:\/\/fushaco.com\/sq\/wp-json\/wp\/v2\/product\/30460\/revisions\/33594"}],"wp:featuredmedia":[{"embeddable":true,"href":"https:\/\/fushaco.com\/sq\/wp-json\/wp\/v2\/media\/30463"}],"wp:attachment":[{"href":"https:\/\/fushaco.com\/sq\/wp-json\/wp\/v2\/media?parent=30460"}],"wp:term":[{"taxonomy":"product_brand","embeddable":true,"href":"https:\/\/fushaco.com\/sq\/wp-json\/wp\/v2\/product_brand?post=30460"},{"taxonomy":"product_cat","embeddable":true,"href":"https:\/\/fushaco.com\/sq\/wp-json\/wp\/v2\/product_cat?post=30460"},{"taxonomy":"product_tag","embeddable":true,"href":"https:\/\/fushaco.com\/sq\/wp-json\/wp\/v2\/product_tag?post=30460"}],"curies":[{"name":"wp","href":"https:\/\/api.w.org\/{rel}","templated":true}]}}