{"id":30468,"date":"2025-10-17T10:17:26","date_gmt":"2025-10-17T10:17:26","guid":{"rendered":"https:\/\/fushaco.com\/?post_type=product&#038;p=30468"},"modified":"2025-12-23T11:01:28","modified_gmt":"2025-12-23T11:01:28","slug":"fush100","status":"publish","type":"product","link":"https:\/\/fushaco.com\/sq\/produkt\/fush100\/","title":{"rendered":"Lule Artificiale Gypsophila \u2013 FUSH100"},"content":{"rendered":"<p data-start=\"169\" data-end=\"458\">Shto delikates\u00eb dhe ndjesi romantike n\u00eb \u00e7do dekor me k\u00ebt\u00eb <strong data-start=\"227\" data-end=\"287\">lule artificiale Baby\u2019s Breath (lule t\u00eb vogla t\u00eb bardha)<\/strong>.<br data-start=\"288\" data-end=\"291\" \/>E punuar me kujdes nga materiale cil\u00ebsore, kjo deg\u00eb imiton n\u00eb m\u00ebnyr\u00eb perfekte lulet natyrale duke i dh\u00ebn\u00eb \u00e7do hap\u00ebsire nj\u00eb <strong data-start=\"414\" data-end=\"455\">pamje t\u00eb but\u00eb, t\u00eb past\u00ebr dhe elegante<\/strong>.<\/p>\n<p data-start=\"460\" data-end=\"626\">Ideale p\u00ebr t\u2019u kombinuar me tr\u00ebndafila, tulipan\u00eb apo lule t\u00eb tjera, kjo lule \u00ebsht\u00eb zgjedhja e duhur p\u00ebr <strong data-start=\"564\" data-end=\"623\">dekorime dasmash, eventesh apo buqeta moderne sht\u00ebpiake<\/strong>.<\/p>","protected":false},"excerpt":{"rendered":"<h3 data-start=\"633\" data-end=\"665\"><strong data-start=\"637\" data-end=\"665\">Karakteristikat kryesore<\/strong><\/h3>\n<ul data-start=\"666\" data-end=\"1008\">\n<li data-start=\"666\" data-end=\"734\">\n<p data-start=\"668\" data-end=\"734\"><strong data-start=\"671\" data-end=\"702\">Pamje realiste dhe elegante<\/strong> me detaje t\u00eb imta n\u00eb \u00e7do lule<\/p>\n<\/li>\n<li data-start=\"735\" data-end=\"792\">\n<p data-start=\"737\" data-end=\"792\"><strong data-start=\"740\" data-end=\"760\">Material cil\u00ebsor<\/strong> \u2013 fleksib\u00ebl dhe i q\u00ebndruesh\u00ebm<\/p>\n<\/li>\n<li data-start=\"793\" data-end=\"857\">\n<p data-start=\"795\" data-end=\"857\"><strong data-start=\"798\" data-end=\"816\">Pa mir\u00ebmbajtje<\/strong> \u2013 nuk k\u00ebrkon uj\u00eb apo kujdes t\u00eb ve\u00e7ant\u00eb<\/p>\n<\/li>\n<li data-start=\"858\" data-end=\"942\">\n<p data-start=\"860\" data-end=\"942\">E p\u00ebrshtatshme p\u00ebr <strong data-start=\"882\" data-end=\"940\">dekorime sht\u00ebpie, dasma, evente apo studio fotografike<\/strong><\/p>\n<\/li>\n<li data-start=\"943\" data-end=\"1008\">\n<p data-start=\"945\" data-end=\"1008\"><strong data-start=\"948\" data-end=\"978\">Lule neutrale dhe elegante<\/strong> q\u00eb kombinohet me \u00e7do ngjyr\u00eb<\/p>\n<\/li>\n<li data-start=\"943\" data-end=\"1008\"><strong>Lartesia &#8211; 70cm<\/strong><\/li>\n<\/ul>","protected":false},"featured_media":30469,"template":"","meta":[],"product_brand":[],"product_cat":[307],"product_tag":[],"class_list":{"0":"post-30468","1":"product","2":"type-product","3":"status-publish","4":"has-post-thumbnail","6":"product_cat-lule-artificiale","8":"first","9":"instock","10":"taxable","11":"shipping-taxable","12":"purchasable","13":"product-type-simple"},"group_of_quantity":0,"min_quantity":0,"max_quantity":"","exclude_order_quantity_value_rules":"no","exclude_category_quantity_rules":"no","combine_variations":"no","jetpack_sharing_enabled":true,"_links":{"self":[{"href":"https:\/\/fushaco.com\/sq\/wp-json\/wp\/v2\/product\/30468","targetHints":{"allow":["GET"]}}],"collection":[{"href":"https:\/\/fushaco.com\/sq\/wp-json\/wp\/v2\/product"}],"about":[{"href":"https:\/\/fushaco.com\/sq\/wp-json\/wp\/v2\/types\/product"}],"version-history":[{"count":5,"href":"https:\/\/fushaco.com\/sq\/wp-json\/wp\/v2\/product\/30468\/revisions"}],"predecessor-version":[{"id":33593,"href":"https:\/\/fushaco.com\/sq\/wp-json\/wp\/v2\/product\/30468\/revisions\/33593"}],"wp:featuredmedia":[{"embeddable":true,"href":"https:\/\/fushaco.com\/sq\/wp-json\/wp\/v2\/media\/30469"}],"wp:attachment":[{"href":"https:\/\/fushaco.com\/sq\/wp-json\/wp\/v2\/media?parent=30468"}],"wp:term":[{"taxonomy":"product_brand","embeddable":true,"href":"https:\/\/fushaco.com\/sq\/wp-json\/wp\/v2\/product_brand?post=30468"},{"taxonomy":"product_cat","embeddable":true,"href":"https:\/\/fushaco.com\/sq\/wp-json\/wp\/v2\/product_cat?post=30468"},{"taxonomy":"product_tag","embeddable":true,"href":"https:\/\/fushaco.com\/sq\/wp-json\/wp\/v2\/product_tag?post=30468"}],"curies":[{"name":"wp","href":"https:\/\/api.w.org\/{rel}","templated":true}]}}