{"id":30581,"date":"2025-10-17T13:14:03","date_gmt":"2025-10-17T13:14:03","guid":{"rendered":"https:\/\/fushaco.com\/?post_type=product&#038;p=30581"},"modified":"2025-12-23T10:51:54","modified_gmt":"2025-12-23T10:51:54","slug":"fush113","status":"publish","type":"product","link":"https:\/\/fushaco.com\/sq\/produkt\/fush113\/","title":{"rendered":"Lule Artificiale n\u00eb form\u00eb k\u00ebmbanash \u2013 FUSH113"},"content":{"rendered":"<p data-start=\"192\" data-end=\"572\">Shto nj\u00eb prekje unike dhe elegante n\u00eb dekorin t\u00ebnd me k\u00ebt\u00eb <strong data-start=\"251\" data-end=\"290\">lule artificiale dekorative <\/strong>, e cila t\u00ebrheq v\u00ebmendjen me form\u00ebn e saj t\u00eb ve\u00e7ant\u00eb dhe ngjyr\u00ebn e thell\u00eb.<br data-start=\"364\" data-end=\"367\" \/>Kjo lule \u00ebsht\u00eb punuar me kujdes nga <strong data-start=\"403\" data-end=\"425\">materiale cil\u00ebsore<\/strong> q\u00eb ofrojn\u00eb pamje dhe ndjesi reale, duke e b\u00ebr\u00eb t\u00eb p\u00ebrshtatshme p\u00ebr \u00e7do ambient \u2013 nga sht\u00ebpia deri te dekorimet festive apo eventet profesionale.<\/p>\n<p data-start=\"574\" data-end=\"703\">Ideale p\u00ebr t\u2019u kombinuar me lule t\u00eb tjera ose p\u00ebr t\u2019u vendosur e vetme n\u00eb nj\u00eb vazo elegante p\u00ebr nj\u00eb efekt modern e sofistikuar.<\/p>","protected":false},"excerpt":{"rendered":"<h3 data-start=\"710\" data-end=\"742\"><strong data-start=\"714\" data-end=\"742\">Karakteristikat kryesore<\/strong><\/h3>\n<ul data-start=\"743\" data-end=\"1075\">\n<li data-start=\"743\" data-end=\"817\">\n<p data-start=\"745\" data-end=\"817\"><strong data-start=\"748\" data-end=\"795\">Dizajn realist dhe ngjyr\u00eb intensive <\/strong>q\u00eb jep ndjesi luksi<\/p>\n<\/li>\n<li data-start=\"818\" data-end=\"900\">\n<p data-start=\"820\" data-end=\"900\"><strong data-start=\"823\" data-end=\"843\">Material cil\u00ebsor<\/strong> \u2013 q\u00ebndron e bukur p\u00ebr nj\u00eb koh\u00eb t\u00eb gjat\u00eb pa mir\u00ebmbajtje<\/p>\n<\/li>\n<li data-start=\"901\" data-end=\"948\">\n<p data-start=\"903\" data-end=\"948\"><strong data-start=\"906\" data-end=\"946\">Nuk k\u00ebrkon uj\u00eb apo kujdes t\u00eb ve\u00e7ant\u00eb<\/strong><\/p>\n<\/li>\n<li data-start=\"949\" data-end=\"1020\">\n<p data-start=\"951\" data-end=\"1020\">E p\u00ebrshtatshme p\u00ebr <strong data-start=\"973\" data-end=\"1018\">sht\u00ebpi, zyra, evente apo dekorime festive<\/strong><\/p>\n<\/li>\n<li data-start=\"1021\" data-end=\"1075\">\n<p data-start=\"1023\" data-end=\"1075\"><strong data-start=\"1026\" data-end=\"1060\">Dhurat\u00eb elegante dhe simbolike<\/strong> p\u00ebr \u00e7do rast<\/p>\n<\/li>\n<li data-start=\"1021\" data-end=\"1075\"><strong>Lartesia &#8211; 98cm<\/strong><\/li>\n<\/ul>","protected":false},"featured_media":30485,"template":"","meta":[],"product_brand":[],"product_cat":[307],"product_tag":[],"class_list":{"0":"post-30581","1":"product","2":"type-product","3":"status-publish","4":"has-post-thumbnail","6":"product_cat-lule-artificiale","8":"first","9":"instock","10":"taxable","11":"shipping-taxable","12":"purchasable","13":"product-type-variable"},"group_of_quantity":0,"min_quantity":0,"max_quantity":"","exclude_order_quantity_value_rules":"no","exclude_category_quantity_rules":"no","combine_variations":"no","jetpack_sharing_enabled":true,"_links":{"self":[{"href":"https:\/\/fushaco.com\/sq\/wp-json\/wp\/v2\/product\/30581","targetHints":{"allow":["GET"]}}],"collection":[{"href":"https:\/\/fushaco.com\/sq\/wp-json\/wp\/v2\/product"}],"about":[{"href":"https:\/\/fushaco.com\/sq\/wp-json\/wp\/v2\/types\/product"}],"version-history":[{"count":7,"href":"https:\/\/fushaco.com\/sq\/wp-json\/wp\/v2\/product\/30581\/revisions"}],"predecessor-version":[{"id":33576,"href":"https:\/\/fushaco.com\/sq\/wp-json\/wp\/v2\/product\/30581\/revisions\/33576"}],"wp:featuredmedia":[{"embeddable":true,"href":"https:\/\/fushaco.com\/sq\/wp-json\/wp\/v2\/media\/30485"}],"wp:attachment":[{"href":"https:\/\/fushaco.com\/sq\/wp-json\/wp\/v2\/media?parent=30581"}],"wp:term":[{"taxonomy":"product_brand","embeddable":true,"href":"https:\/\/fushaco.com\/sq\/wp-json\/wp\/v2\/product_brand?post=30581"},{"taxonomy":"product_cat","embeddable":true,"href":"https:\/\/fushaco.com\/sq\/wp-json\/wp\/v2\/product_cat?post=30581"},{"taxonomy":"product_tag","embeddable":true,"href":"https:\/\/fushaco.com\/sq\/wp-json\/wp\/v2\/product_tag?post=30581"}],"curies":[{"name":"wp","href":"https:\/\/api.w.org\/{rel}","templated":true}]}}