{"id":30599,"date":"2025-10-17T13:18:04","date_gmt":"2025-10-17T13:18:04","guid":{"rendered":"https:\/\/fushaco.com\/?post_type=product&#038;p=30599"},"modified":"2025-12-23T11:00:03","modified_gmt":"2025-12-23T11:00:03","slug":"fush115","status":"publish","type":"product","link":"https:\/\/fushaco.com\/sq\/produkt\/fush115\/","title":{"rendered":"Lule Artificiale Digitalis \u2013 FUSH115"},"content":{"rendered":"<p data-start=\"149\" data-end=\"419\">Zbukuro \u00e7do hap\u00ebsir\u00eb me k\u00ebt\u00eb <strong data-start=\"178\" data-end=\"202\">lule artificiale blu<\/strong> me pamje natyrale dhe elegante. Lulja \u00ebsht\u00eb punuar me kujdes nga materiale cil\u00ebsore q\u00eb i japin nj\u00eb ndjesi dhe pamje reale, duke e b\u00ebr\u00eb t\u00eb p\u00ebrshtatshme p\u00ebr \u00e7do ambient \u2013 nga sht\u00ebpia e deri te dekorimet profesionale.<\/p>\n<p data-start=\"421\" data-end=\"554\">Ngjyra e thell\u00eb blu sjell nj\u00eb ndjesi qet\u00ebsie dhe rafinimi, duke e b\u00ebr\u00eb perfekte p\u00ebr <strong data-start=\"505\" data-end=\"551\">vazo, buqeta dekorative apo evente festive<\/strong>.<\/p>","protected":false},"excerpt":{"rendered":"<h3 data-start=\"536\" data-end=\"563\"><strong data-start=\"540\" data-end=\"561\">Ve\u00e7orit\u00eb Kryesore<\/strong><\/h3>\n<ul data-start=\"564\" data-end=\"846\">\n<li data-start=\"564\" data-end=\"622\">\n<p data-start=\"566\" data-end=\"622\"><strong data-start=\"569\" data-end=\"580\">Ngjyra:<\/strong> Blu e thell\u00eb me gjethe jeshile natyrale<\/p>\n<\/li>\n<li data-start=\"623\" data-end=\"694\">\n<p data-start=\"625\" data-end=\"694\"><strong data-start=\"628\" data-end=\"642\">Materiali:<\/strong> Lule sintetike premium (PU + plastike rezistente)<\/p>\n<\/li>\n<li data-start=\"695\" data-end=\"730\">\n<p data-start=\"697\" data-end=\"730\"><strong data-start=\"700\" data-end=\"713\">Gjat\u00ebsia:<\/strong> 72cm<\/p>\n<\/li>\n<li data-start=\"695\" data-end=\"730\">\n<p data-start=\"697\" data-end=\"730\"><strong data-start=\"736\" data-end=\"747\">Dizajn:<\/strong> Realist dhe elegant<\/p>\n<\/li>\n<li data-start=\"695\" data-end=\"730\">\n<p data-start=\"697\" data-end=\"730\"><strong data-start=\"775\" data-end=\"789\">P\u00ebrdorimi:<\/strong> P\u00ebr dekorime sht\u00ebpie, zyre, evente, buqeta apo dhurat<\/p>\n<\/li>\n<\/ul>","protected":false},"featured_media":30600,"template":"","meta":[],"product_brand":[],"product_cat":[307],"product_tag":[],"class_list":{"0":"post-30599","1":"product","2":"type-product","3":"status-publish","4":"has-post-thumbnail","6":"product_cat-lule-artificiale","8":"first","9":"instock","10":"taxable","11":"shipping-taxable","12":"purchasable","13":"product-type-variable","14":"has-default-attributes"},"group_of_quantity":0,"min_quantity":0,"max_quantity":"","exclude_order_quantity_value_rules":"no","exclude_category_quantity_rules":"no","combine_variations":"no","jetpack_sharing_enabled":true,"_links":{"self":[{"href":"https:\/\/fushaco.com\/sq\/wp-json\/wp\/v2\/product\/30599","targetHints":{"allow":["GET"]}}],"collection":[{"href":"https:\/\/fushaco.com\/sq\/wp-json\/wp\/v2\/product"}],"about":[{"href":"https:\/\/fushaco.com\/sq\/wp-json\/wp\/v2\/types\/product"}],"version-history":[{"count":8,"href":"https:\/\/fushaco.com\/sq\/wp-json\/wp\/v2\/product\/30599\/revisions"}],"predecessor-version":[{"id":33590,"href":"https:\/\/fushaco.com\/sq\/wp-json\/wp\/v2\/product\/30599\/revisions\/33590"}],"wp:featuredmedia":[{"embeddable":true,"href":"https:\/\/fushaco.com\/sq\/wp-json\/wp\/v2\/media\/30600"}],"wp:attachment":[{"href":"https:\/\/fushaco.com\/sq\/wp-json\/wp\/v2\/media?parent=30599"}],"wp:term":[{"taxonomy":"product_brand","embeddable":true,"href":"https:\/\/fushaco.com\/sq\/wp-json\/wp\/v2\/product_brand?post=30599"},{"taxonomy":"product_cat","embeddable":true,"href":"https:\/\/fushaco.com\/sq\/wp-json\/wp\/v2\/product_cat?post=30599"},{"taxonomy":"product_tag","embeddable":true,"href":"https:\/\/fushaco.com\/sq\/wp-json\/wp\/v2\/product_tag?post=30599"}],"curies":[{"name":"wp","href":"https:\/\/api.w.org\/{rel}","templated":true}]}}