{"id":30602,"date":"2025-10-17T13:29:21","date_gmt":"2025-10-17T13:29:21","guid":{"rendered":"https:\/\/fushaco.com\/?post_type=product&#038;p=30602"},"modified":"2026-03-18T14:56:47","modified_gmt":"2026-03-18T14:56:47","slug":"fush170","status":"publish","type":"product","link":"https:\/\/fushaco.com\/sq\/produkt\/fush170\/","title":{"rendered":"Tulipan Artificial p\u00ebr Dekorim &#8211; FUSH170"},"content":{"rendered":"<p data-start=\"175\" data-end=\"434\">Shto eleganc\u00eb dhe freski n\u00eb \u00e7do hap\u00ebsir\u00eb me k\u00ebt\u00eb <strong data-start=\"224\" data-end=\"256\">tulipan artificial<\/strong>\u00a0me pamje realiste. I punuar me kujdes nga materiale cil\u00ebsore, ky tulipan sjell ndjesin\u00eb e natyr\u00ebs dhe bukurin\u00eb e nj\u00eb luleje t\u00eb gjall\u00eb, pa pasur nevoj\u00eb p\u00ebr uj\u00eb apo mir\u00ebmbajtje.<\/p>\n<p data-start=\"436\" data-end=\"601\">I p\u00ebrshtatsh\u00ebm p\u00ebr <strong data-start=\"455\" data-end=\"502\">dekorime sht\u00ebpie, evente, dasma apo dhurata<\/strong>, ky aksesor i thjesht\u00eb dhe elegant p\u00ebrshtatet leht\u00eb me \u00e7do stil \u2013 modern, klasik apo minimalist.<\/p>","protected":false},"excerpt":{"rendered":"<h3 data-start=\"608\" data-end=\"640\"><strong data-start=\"612\" data-end=\"640\">Karakteristikat kryesore<\/strong><\/h3>\n<ul data-start=\"641\" data-end=\"973\">\n<li data-start=\"641\" data-end=\"704\">\n<p data-start=\"643\" data-end=\"704\"><strong data-start=\"646\" data-end=\"664\">Dizajn realist<\/strong> me ngjyra natyrale dhe form\u00eb perfekte<\/p>\n<\/li>\n<li data-start=\"641\" data-end=\"704\"><strong>1 Buqet i ka 10 Fije Tulipani<\/strong><\/li>\n<li data-start=\"705\" data-end=\"784\">\n<p data-start=\"707\" data-end=\"784\"><strong data-start=\"710\" data-end=\"730\">Material cil\u00ebsor<\/strong> \u2013 lule e but\u00eb, q\u00eb ruan form\u00ebn p\u00ebr nj\u00eb koh\u00eb t\u00eb gjat\u00eb<\/p>\n<\/li>\n<li data-start=\"785\" data-end=\"856\">\n<p data-start=\"787\" data-end=\"856\"><strong data-start=\"790\" data-end=\"808\">Pa mir\u00ebmbajtje<\/strong> \u2013 nuk ka nevoj\u00eb p\u00ebr uj\u00eb apo kujdes t\u00eb ve\u00e7ant\u00eb<\/p>\n<\/li>\n<li data-start=\"857\" data-end=\"919\">\n<p data-start=\"859\" data-end=\"919\">Ideale p\u00ebr <strong data-start=\"873\" data-end=\"917\">dekorime sht\u00ebpie, zyre, dasma apo evente<\/strong><\/p>\n<\/li>\n<li data-start=\"920\" data-end=\"973\">\n<p data-start=\"922\" data-end=\"973\"><strong data-start=\"925\" data-end=\"958\">Dhurat\u00eb e bukur dhe simbolike<\/strong> p\u00ebr \u00e7do rast<\/p>\n<\/li>\n<li data-start=\"920\" data-end=\"973\">\n<p data-start=\"922\" data-end=\"973\"><strong>Lartesia &#8211; 33cm<\/strong><\/p>\n<\/li>\n<\/ul>","protected":false},"featured_media":30606,"template":"","meta":[],"product_brand":[],"product_cat":[307],"product_tag":[],"class_list":{"0":"post-30602","1":"product","2":"type-product","3":"status-publish","4":"has-post-thumbnail","6":"product_cat-lule-artificiale","8":"first","9":"instock","10":"taxable","11":"shipping-taxable","12":"purchasable","13":"product-type-variable"},"group_of_quantity":0,"min_quantity":0,"max_quantity":"","exclude_order_quantity_value_rules":"no","exclude_category_quantity_rules":"no","combine_variations":"no","jetpack_sharing_enabled":true,"_links":{"self":[{"href":"https:\/\/fushaco.com\/sq\/wp-json\/wp\/v2\/product\/30602","targetHints":{"allow":["GET"]}}],"collection":[{"href":"https:\/\/fushaco.com\/sq\/wp-json\/wp\/v2\/product"}],"about":[{"href":"https:\/\/fushaco.com\/sq\/wp-json\/wp\/v2\/types\/product"}],"version-history":[{"count":8,"href":"https:\/\/fushaco.com\/sq\/wp-json\/wp\/v2\/product\/30602\/revisions"}],"predecessor-version":[{"id":33578,"href":"https:\/\/fushaco.com\/sq\/wp-json\/wp\/v2\/product\/30602\/revisions\/33578"}],"wp:featuredmedia":[{"embeddable":true,"href":"https:\/\/fushaco.com\/sq\/wp-json\/wp\/v2\/media\/30606"}],"wp:attachment":[{"href":"https:\/\/fushaco.com\/sq\/wp-json\/wp\/v2\/media?parent=30602"}],"wp:term":[{"taxonomy":"product_brand","embeddable":true,"href":"https:\/\/fushaco.com\/sq\/wp-json\/wp\/v2\/product_brand?post=30602"},{"taxonomy":"product_cat","embeddable":true,"href":"https:\/\/fushaco.com\/sq\/wp-json\/wp\/v2\/product_cat?post=30602"},{"taxonomy":"product_tag","embeddable":true,"href":"https:\/\/fushaco.com\/sq\/wp-json\/wp\/v2\/product_tag?post=30602"}],"curies":[{"name":"wp","href":"https:\/\/api.w.org\/{rel}","templated":true}]}}