{"id":30618,"date":"2025-10-17T13:32:53","date_gmt":"2025-10-17T13:32:53","guid":{"rendered":"https:\/\/fushaco.com\/?post_type=product&#038;p=30618"},"modified":"2025-12-18T16:42:08","modified_gmt":"2025-12-18T16:42:08","slug":"fush266-2","status":"publish","type":"product","link":"https:\/\/fushaco.com\/sq\/produkt\/fush266-2\/","title":{"rendered":"Gift Box Elegant me Kapak Transparent &#8211; FUSH266"},"content":{"rendered":"<p data-start=\"165\" data-end=\"436\">Shtoni nj\u00eb prekje <strong data-start=\"183\" data-end=\"207\">luksoze dhe elegante<\/strong> n\u00eb \u00e7do dhurat\u00eb me k\u00ebt\u00eb <strong data-start=\"231\" data-end=\"295\">kuti dhuratash me kapak transparent<\/strong>.<\/p>\n<p data-start=\"438\" data-end=\"610\">E b\u00ebr\u00eb nga materiale cil\u00ebsore, kjo kuti \u00ebsht\u00eb e fort\u00eb, rezistente dhe mund t\u00eb p\u00ebrdoret p\u00ebr <strong data-start=\"529\" data-end=\"609\">pako dhuratash, suvenire, \u00ebmb\u00eblsira, buqeta t\u00eb vogla ose produkte dekorative<\/strong>.<\/p>","protected":false},"excerpt":{"rendered":"<h3 data-start=\"617\" data-end=\"644\"><strong data-start=\"621\" data-end=\"642\">Ve\u00e7orit\u00eb Kryesore<\/strong><\/h3>\n<ul data-start=\"645\" data-end=\"1036\">\n<li data-start=\"696\" data-end=\"770\">\n<p data-start=\"698\" data-end=\"770\"><strong data-start=\"700\" data-end=\"714\">Materiali:<\/strong> Karton i trash\u00eb premium + plastik\u00eb transparente (PET)<\/p>\n<\/li>\n<li data-start=\"771\" data-end=\"835\">\n<p data-start=\"773\" data-end=\"835\"><strong data-start=\"776\" data-end=\"789\">Aksesore:<\/strong> Fjongo saten e kuqe e lidhur n\u00eb form\u00eb harku<\/p>\n<\/li>\n<li data-start=\"836\" data-end=\"897\">\n<p data-start=\"838\" data-end=\"897\"><strong data-start=\"841\" data-end=\"853\">P\u00ebrmasa:<\/strong> e vogla Lartesia 14cm, Gjeresia 19.5cm, Gjatesia 19.5cm<br \/>\ne madhe Lartesia 16cm, Gjeresia 23cm, Gjatesia 23cm<\/p>\n<\/li>\n<li data-start=\"898\" data-end=\"964\">\n<p data-start=\"900\" data-end=\"964\"><strong data-start=\"903\" data-end=\"914\">Dizajn:<\/strong> Elegant, modern dhe i p\u00ebrshtatsh\u00ebm p\u00ebr \u00e7do rast<\/p>\n<\/li>\n<li data-start=\"965\" data-end=\"1036\">\n<p data-start=\"967\" data-end=\"1036\">\u00a0<strong data-start=\"971\" data-end=\"985\">P\u00ebrdorimi:<\/strong> P\u00ebr dhurata, buqeta, \u00ebmb\u00eblsira, dekorime festive<\/p>\n<\/li>\n<\/ul>","protected":false},"featured_media":30619,"template":"","meta":[],"product_brand":[],"product_cat":[318],"product_tag":[],"class_list":{"0":"post-30618","1":"product","2":"type-product","3":"status-publish","4":"has-post-thumbnail","6":"product_cat-gift-box","8":"first","9":"instock","10":"taxable","11":"shipping-taxable","12":"purchasable","13":"product-type-variable"},"group_of_quantity":0,"min_quantity":0,"max_quantity":"","exclude_order_quantity_value_rules":"no","exclude_category_quantity_rules":"no","combine_variations":"no","jetpack_sharing_enabled":true,"_links":{"self":[{"href":"https:\/\/fushaco.com\/sq\/wp-json\/wp\/v2\/product\/30618","targetHints":{"allow":["GET"]}}],"collection":[{"href":"https:\/\/fushaco.com\/sq\/wp-json\/wp\/v2\/product"}],"about":[{"href":"https:\/\/fushaco.com\/sq\/wp-json\/wp\/v2\/types\/product"}],"version-history":[{"count":5,"href":"https:\/\/fushaco.com\/sq\/wp-json\/wp\/v2\/product\/30618\/revisions"}],"predecessor-version":[{"id":33287,"href":"https:\/\/fushaco.com\/sq\/wp-json\/wp\/v2\/product\/30618\/revisions\/33287"}],"wp:featuredmedia":[{"embeddable":true,"href":"https:\/\/fushaco.com\/sq\/wp-json\/wp\/v2\/media\/30619"}],"wp:attachment":[{"href":"https:\/\/fushaco.com\/sq\/wp-json\/wp\/v2\/media?parent=30618"}],"wp:term":[{"taxonomy":"product_brand","embeddable":true,"href":"https:\/\/fushaco.com\/sq\/wp-json\/wp\/v2\/product_brand?post=30618"},{"taxonomy":"product_cat","embeddable":true,"href":"https:\/\/fushaco.com\/sq\/wp-json\/wp\/v2\/product_cat?post=30618"},{"taxonomy":"product_tag","embeddable":true,"href":"https:\/\/fushaco.com\/sq\/wp-json\/wp\/v2\/product_tag?post=30618"}],"curies":[{"name":"wp","href":"https:\/\/api.w.org\/{rel}","templated":true}]}}