{"id":30635,"date":"2025-10-17T14:47:51","date_gmt":"2025-10-17T14:47:51","guid":{"rendered":"https:\/\/fushaco.com\/?post_type=product&#038;p=30635"},"modified":"2026-03-25T15:24:00","modified_gmt":"2026-03-25T15:24:00","slug":"fush280","status":"publish","type":"product","link":"https:\/\/fushaco.com\/sq\/produkt\/fush280\/","title":{"rendered":"Fjongo p\u00ebr Paketim Dhuratash &#8211; FUSH280"},"content":{"rendered":"<p data-start=\"191\" data-end=\"431\">Krijoni nj\u00eb pamje t\u00eb \u00ebmb\u00ebl dhe romantike me k\u00ebt\u00eb <strong data-start=\"240\" data-end=\"311\">fjongo dekorative dhe mbishkrimin \u201cLove\u201d<\/strong>. E p\u00ebrkryer p\u00ebr <strong data-start=\"328\" data-end=\"428\">paketime dhuratash, buqeta lulesh, dekorime p\u00ebr dasma apo festa t\u00eb dashuris\u00eb (si Sh\u00ebn Valentini)<\/strong>.<\/p>\n<p data-start=\"433\" data-end=\"594\">E b\u00ebr\u00eb nga material cil\u00ebsor, kjo fjongo \u00ebsht\u00eb e fort\u00eb, e q\u00ebndrueshme dhe e leht\u00eb p\u00ebr t\u2019u punuar, duke shtuar <strong data-start=\"542\" data-end=\"578\">nj\u00eb prekje dashurie dhe elegance<\/strong> n\u00eb \u00e7do detaj.<\/p>","protected":false},"excerpt":{"rendered":"<h3 data-start=\"601\" data-end=\"628\"><strong data-start=\"605\" data-end=\"626\">Ve\u00e7orit\u00eb Kryesore<\/strong><\/h3>\n<ul data-start=\"629\" data-end=\"958\">\n<li data-start=\"702\" data-end=\"753\">\n<p data-start=\"704\" data-end=\"753\"><strong data-start=\"707\" data-end=\"721\">Materiali:<\/strong> Poliest\u00ebr i cil\u00ebsis\u00eb s\u00eb lart\u00eb<\/p>\n<\/li>\n<li data-start=\"754\" data-end=\"787\">\n<p data-start=\"756\" data-end=\"787\"><strong data-start=\"759\" data-end=\"772\">Gjer\u00ebsia:<\/strong> Rreth 2.5 cm<\/p>\n<\/li>\n<li data-start=\"788\" data-end=\"836\">\n<p data-start=\"790\" data-end=\"836\"><strong data-start=\"793\" data-end=\"806\">Gjat\u00ebsia:<\/strong> Rreth 10 metra (n\u00eb rrotull)<\/p>\n<\/li>\n<li data-start=\"837\" data-end=\"875\">\n<p data-start=\"839\" data-end=\"875\"><strong data-start=\"842\" data-end=\"853\">Dizajn:<\/strong> Romantic dhe modern<\/p>\n<\/li>\n<li data-start=\"876\" data-end=\"958\">\n<p data-start=\"878\" data-end=\"958\">\u00a0<strong data-start=\"882\" data-end=\"896\">P\u00ebrdorimi:<\/strong> P\u00ebr dekorime dasmash, dhurata, buqeta apo punime artizanale<\/p>\n<\/li>\n<\/ul>","protected":false},"featured_media":35459,"template":"","meta":[],"product_brand":[],"product_cat":[324],"product_tag":[],"class_list":{"0":"post-30635","1":"product","2":"type-product","3":"status-publish","4":"has-post-thumbnail","6":"product_cat-ribbon","8":"first","9":"instock","10":"sale","11":"taxable","12":"shipping-taxable","13":"purchasable","14":"product-type-variable","15":"has-default-attributes"},"group_of_quantity":0,"min_quantity":5,"max_quantity":"","exclude_order_quantity_value_rules":"no","exclude_category_quantity_rules":"no","combine_variations":"no","jetpack_sharing_enabled":true,"_links":{"self":[{"href":"https:\/\/fushaco.com\/sq\/wp-json\/wp\/v2\/product\/30635","targetHints":{"allow":["GET"]}}],"collection":[{"href":"https:\/\/fushaco.com\/sq\/wp-json\/wp\/v2\/product"}],"about":[{"href":"https:\/\/fushaco.com\/sq\/wp-json\/wp\/v2\/types\/product"}],"version-history":[{"count":5,"href":"https:\/\/fushaco.com\/sq\/wp-json\/wp\/v2\/product\/30635\/revisions"}],"predecessor-version":[{"id":33372,"href":"https:\/\/fushaco.com\/sq\/wp-json\/wp\/v2\/product\/30635\/revisions\/33372"}],"wp:featuredmedia":[{"embeddable":true,"href":"https:\/\/fushaco.com\/sq\/wp-json\/wp\/v2\/media\/35459"}],"wp:attachment":[{"href":"https:\/\/fushaco.com\/sq\/wp-json\/wp\/v2\/media?parent=30635"}],"wp:term":[{"taxonomy":"product_brand","embeddable":true,"href":"https:\/\/fushaco.com\/sq\/wp-json\/wp\/v2\/product_brand?post=30635"},{"taxonomy":"product_cat","embeddable":true,"href":"https:\/\/fushaco.com\/sq\/wp-json\/wp\/v2\/product_cat?post=30635"},{"taxonomy":"product_tag","embeddable":true,"href":"https:\/\/fushaco.com\/sq\/wp-json\/wp\/v2\/product_tag?post=30635"}],"curies":[{"name":"wp","href":"https:\/\/api.w.org\/{rel}","templated":true}]}}