{"id":30660,"date":"2025-10-20T09:31:29","date_gmt":"2025-10-20T09:31:29","guid":{"rendered":"https:\/\/fushaco.com\/?post_type=product&#038;p=30660"},"modified":"2025-12-22T08:15:05","modified_gmt":"2025-12-22T08:15:05","slug":"fush351","status":"publish","type":"product","link":"https:\/\/fushaco.com\/sq\/produkt\/fush351\/","title":{"rendered":"Arom\u00eb Veture &#8211; FUSH351"},"content":{"rendered":"<h3 data-start=\"696\" data-end=\"721\"><strong data-start=\"700\" data-end=\"721\">Ve\u00e7orit\u00eb Kryesore<\/strong><\/h3>\n<ul data-start=\"722\" data-end=\"1101\">\n<li data-start=\"772\" data-end=\"836\">\n<p data-start=\"774\" data-end=\"836\"><strong data-start=\"777\" data-end=\"787\">Arom\u00eb:<\/strong> Gardenia \u2014 arom\u00eb e but\u00eb, e \u00ebmb\u00ebl dhe freskuese<\/p>\n<\/li>\n<li data-start=\"837\" data-end=\"915\">\n<p data-start=\"839\" data-end=\"915\"><strong data-start=\"842\" data-end=\"856\">Materiali:<\/strong> Lule artificiale me cil\u00ebsi t\u00eb lart\u00eb dhe let\u00ebr dekorative<\/p>\n<\/li>\n<li data-start=\"916\" data-end=\"984\">\n<p data-start=\"918\" data-end=\"984\"><strong data-start=\"921\" data-end=\"934\">P\u00ebrfshin:<\/strong> Buqet\u00eb, mbajt\u00ebse plastike dhe qese aromatizuese<\/p>\n<\/li>\n<li data-start=\"985\" data-end=\"1055\">\n<p data-start=\"987\" data-end=\"1055\"><strong data-start=\"990\" data-end=\"1004\">P\u00ebrdorimi:<\/strong> P\u00ebr dhoma, zyra, makina apo si dhurat\u00eb e ve\u00e7ant\u00eb<\/p>\n<\/li>\n<li data-start=\"1056\" data-end=\"1101\">\n<p data-start=\"1058\" data-end=\"1101\">\u00a0<strong data-start=\"1061\" data-end=\"1080\">Paketim elegant<\/strong> \u2014 gati p\u00ebr dhurat\u00eb<\/p>\n<\/li>\n<\/ul>","protected":false},"excerpt":{"rendered":"<p data-start=\"172\" data-end=\"430\">Sillni arom\u00eb dhe eleganc\u00eb n\u00eb \u00e7do ambient me k\u00ebt\u00eb <strong data-start=\"221\" data-end=\"269\">buqet\u00eb t\u00eb vog\u00ebl dekorative me arom\u00eb Gardenia<\/strong>. Nj\u00eb kombinim i p\u00ebrkryer midis <strong data-start=\"301\" data-end=\"345\">estetik\u00ebs elegante dhe arom\u00ebs relaksuese<\/strong>, kjo buqet\u00eb \u00ebsht\u00eb ideale p\u00ebr <strong data-start=\"375\" data-end=\"427\">dhurata, dekorime tavoline, dhoma gjumi apo zyra<\/strong>.<\/p>\n<p data-start=\"432\" data-end=\"689\">E mb\u00ebshtjell\u00eb me kujdes\u00a0 dhe e zbukuruar me fjongo \u201cLOVE ETERNAL\u201d, kjo buqet\u00eb \u00ebsht\u00eb shenj\u00eb dashurie, kujtimi dhe harmonie. P\u00ebrfshin gjithashtu nj\u00eb qese aromatizuese dhe mbajt\u00ebsen praktike p\u00ebr vendosje t\u00eb leht\u00eb n\u00eb hap\u00ebsira t\u00eb ndryshme.<\/p>","protected":false},"featured_media":30651,"template":"","meta":[],"product_brand":[],"product_cat":[325],"product_tag":[],"class_list":{"0":"post-30660","1":"product","2":"type-product","3":"status-publish","4":"has-post-thumbnail","6":"product_cat-aksesore","8":"first","9":"instock","10":"sale","11":"taxable","12":"shipping-taxable","13":"purchasable","14":"product-type-variable"},"group_of_quantity":0,"min_quantity":0,"max_quantity":"","exclude_order_quantity_value_rules":"no","exclude_category_quantity_rules":"no","combine_variations":"no","jetpack_sharing_enabled":true,"_links":{"self":[{"href":"https:\/\/fushaco.com\/sq\/wp-json\/wp\/v2\/product\/30660","targetHints":{"allow":["GET"]}}],"collection":[{"href":"https:\/\/fushaco.com\/sq\/wp-json\/wp\/v2\/product"}],"about":[{"href":"https:\/\/fushaco.com\/sq\/wp-json\/wp\/v2\/types\/product"}],"version-history":[{"count":4,"href":"https:\/\/fushaco.com\/sq\/wp-json\/wp\/v2\/product\/30660\/revisions"}],"predecessor-version":[{"id":32965,"href":"https:\/\/fushaco.com\/sq\/wp-json\/wp\/v2\/product\/30660\/revisions\/32965"}],"wp:featuredmedia":[{"embeddable":true,"href":"https:\/\/fushaco.com\/sq\/wp-json\/wp\/v2\/media\/30651"}],"wp:attachment":[{"href":"https:\/\/fushaco.com\/sq\/wp-json\/wp\/v2\/media?parent=30660"}],"wp:term":[{"taxonomy":"product_brand","embeddable":true,"href":"https:\/\/fushaco.com\/sq\/wp-json\/wp\/v2\/product_brand?post=30660"},{"taxonomy":"product_cat","embeddable":true,"href":"https:\/\/fushaco.com\/sq\/wp-json\/wp\/v2\/product_cat?post=30660"},{"taxonomy":"product_tag","embeddable":true,"href":"https:\/\/fushaco.com\/sq\/wp-json\/wp\/v2\/product_tag?post=30660"}],"curies":[{"name":"wp","href":"https:\/\/api.w.org\/{rel}","templated":true}]}}