{"id":30665,"date":"2025-10-20T09:33:38","date_gmt":"2025-10-20T09:33:38","guid":{"rendered":"https:\/\/fushaco.com\/?post_type=product&#038;p=30665"},"modified":"2025-12-22T08:14:41","modified_gmt":"2025-12-22T08:14:41","slug":"fush352","status":"publish","type":"product","link":"https:\/\/fushaco.com\/sq\/produkt\/fush352\/","title":{"rendered":"Arom\u00eb Veture &#8211; FUSH352"},"content":{"rendered":"<p data-start=\"177\" data-end=\"513\">Sill freski dhe stil n\u00eb makin\u00ebn t\u00ebnde me k\u00ebt\u00eb <strong data-start=\"223\" data-end=\"256\">freskues ajri unik p\u00ebr vetur\u00eb<\/strong>, i cili kombinon <strong data-start=\"274\" data-end=\"295\">arom\u00ebn e k\u00ebndshme<\/strong> me <strong data-start=\"299\" data-end=\"349\">dizajnin elegant t\u00eb nj\u00eb buqete t\u00eb vog\u00ebl lulesh<\/strong>.<br data-start=\"350\" data-end=\"353\" \/>Ky aksesor \u00ebsht\u00eb perfekt p\u00ebr ata q\u00eb duan t\u00eb ruajn\u00eb past\u00ebrtin\u00eb dhe arom\u00ebn e k\u00ebndshme brenda makin\u00ebs, duke shtuar nj\u00eb prekje luksi dhe romantike n\u00eb \u00e7do udh\u00ebtim.<\/p>\n<p data-start=\"515\" data-end=\"643\">Me arom\u00ebn <strong data-start=\"525\" data-end=\"546\">\u201cPlatinum Shower\u201d<\/strong>, freskuesi ofron ndjesin\u00eb e past\u00ebrtis\u00eb dhe relaksit, t\u00eb ngjashme me nj\u00eb dush t\u00eb fresk\u00ebt detar.<\/p>","protected":false},"excerpt":{"rendered":"<h3 data-start=\"650\" data-end=\"682\"><strong data-start=\"654\" data-end=\"682\">Karakteristikat kryesore<\/strong><\/h3>\n<ul data-start=\"683\" data-end=\"997\">\n<li data-start=\"683\" data-end=\"727\">\n<p data-start=\"685\" data-end=\"727\"><strong data-start=\"688\" data-end=\"725\">Dizajn elegant me lule dekorative<\/strong><\/p>\n<\/li>\n<li data-start=\"728\" data-end=\"803\">\n<p data-start=\"730\" data-end=\"803\"><strong data-start=\"733\" data-end=\"766\">Arom\u00eb e fresk\u00ebt dhe afatgjat\u00eb<\/strong> \u2013 ideale p\u00ebr p\u00ebrdorim n\u00eb automjete<\/p>\n<\/li>\n<li data-start=\"804\" data-end=\"850\">\n<p data-start=\"806\" data-end=\"850\">\u00a0Paketim luksoz dhe modern<\/p>\n<\/li>\n<li data-start=\"851\" data-end=\"927\">\n<p data-start=\"853\" data-end=\"927\"><strong data-start=\"856\" data-end=\"883\">Leht\u00eb p\u00ebr t\u2019u instaluar<\/strong> \u2013 klips q\u00eb vendoset n\u00eb ajrosjen e makin\u00ebs<\/p>\n<\/li>\n<li data-start=\"928\" data-end=\"997\">\n<p data-start=\"930\" data-end=\"997\">\u00a0<strong data-start=\"933\" data-end=\"953\">Dhurat\u00eb perfekte<\/strong> p\u00ebr persona q\u00eb duan past\u00ebrti dhe estetik\u00eb<\/p>\n<\/li>\n<\/ul>","protected":false},"featured_media":30646,"template":"","meta":[],"product_brand":[],"product_cat":[325],"product_tag":[],"class_list":{"0":"post-30665","1":"product","2":"type-product","3":"status-publish","4":"has-post-thumbnail","6":"product_cat-aksesore","8":"first","9":"instock","10":"sale","11":"taxable","12":"shipping-taxable","13":"purchasable","14":"product-type-variable"},"group_of_quantity":0,"min_quantity":0,"max_quantity":"","exclude_order_quantity_value_rules":"no","exclude_category_quantity_rules":"no","combine_variations":"no","jetpack_sharing_enabled":true,"_links":{"self":[{"href":"https:\/\/fushaco.com\/sq\/wp-json\/wp\/v2\/product\/30665","targetHints":{"allow":["GET"]}}],"collection":[{"href":"https:\/\/fushaco.com\/sq\/wp-json\/wp\/v2\/product"}],"about":[{"href":"https:\/\/fushaco.com\/sq\/wp-json\/wp\/v2\/types\/product"}],"version-history":[{"count":6,"href":"https:\/\/fushaco.com\/sq\/wp-json\/wp\/v2\/product\/30665\/revisions"}],"predecessor-version":[{"id":33540,"href":"https:\/\/fushaco.com\/sq\/wp-json\/wp\/v2\/product\/30665\/revisions\/33540"}],"wp:featuredmedia":[{"embeddable":true,"href":"https:\/\/fushaco.com\/sq\/wp-json\/wp\/v2\/media\/30646"}],"wp:attachment":[{"href":"https:\/\/fushaco.com\/sq\/wp-json\/wp\/v2\/media?parent=30665"}],"wp:term":[{"taxonomy":"product_brand","embeddable":true,"href":"https:\/\/fushaco.com\/sq\/wp-json\/wp\/v2\/product_brand?post=30665"},{"taxonomy":"product_cat","embeddable":true,"href":"https:\/\/fushaco.com\/sq\/wp-json\/wp\/v2\/product_cat?post=30665"},{"taxonomy":"product_tag","embeddable":true,"href":"https:\/\/fushaco.com\/sq\/wp-json\/wp\/v2\/product_tag?post=30665"}],"curies":[{"name":"wp","href":"https:\/\/api.w.org\/{rel}","templated":true}]}}