{"id":30670,"date":"2025-10-20T09:50:39","date_gmt":"2025-10-20T09:50:39","guid":{"rendered":"https:\/\/fushaco.com\/?post_type=product&#038;p=30670"},"modified":"2025-12-18T17:07:40","modified_gmt":"2025-12-18T17:07:40","slug":"fush218-219-220","status":"publish","type":"product","link":"https:\/\/fushaco.com\/sq\/produkt\/fush218-219-220\/","title":{"rendered":"Qirinj\u00eb Dekorativ\u00eb Artificial \u2013 FUSH218-219-220"},"content":{"rendered":"<p>Shto ngroht\u00ebsi dhe eleganc\u00eb n\u00eb \u00e7do ambient me k\u00ebt\u00eb <strong data-start=\"228\" data-end=\"258\">qiri LED dekorativ n\u00eb got\u00eb<\/strong>, i cili kombinon ndri\u00e7imin e but\u00eb t\u00eb nj\u00eb flake realiste me nj\u00eb <strong data-start=\"322\" data-end=\"358\">efekt t\u00eb ve\u00e7ant\u00eb drite rrethuese<\/strong>. Dizajni modern dhe i rafinuar e b\u00ebn perfekt p\u00ebr sht\u00ebpi, evente, restorante apo ambiente festive.<\/p>","protected":false},"excerpt":{"rendered":"<h3 data-start=\"1323\" data-end=\"1339\"><strong data-start=\"1327\" data-end=\"1339\">P\u00ebrmasat<\/strong><\/h3>\n<p>I Vog\u00ebl\u00a0 \u00a0 &#8211;\u00a0 \u00a0 \u00a0 \u00a0 Lart\u00ebsi 10cm<\/p>\n<p>I mesem\u00a0 &#8211;\u00a0 \u00a0 \u00a0 \u00a0Lart\u00ebsi 12.5cm<\/p>\n<p>I madh\u00eb\u00a0 \u00a0&#8211;\u00a0 \u00a0 \u00a0 \u00a0Lart\u00ebsi 15cm<\/p>","protected":false},"featured_media":30671,"template":"","meta":[],"product_brand":[],"product_cat":[326],"product_tag":[],"class_list":{"0":"post-30670","1":"product","2":"type-product","3":"status-publish","4":"has-post-thumbnail","6":"product_cat-qirinje","8":"first","9":"instock","10":"taxable","11":"shipping-taxable","12":"purchasable","13":"product-type-variable"},"group_of_quantity":0,"min_quantity":0,"max_quantity":"","exclude_order_quantity_value_rules":"no","exclude_category_quantity_rules":"no","combine_variations":"no","jetpack_sharing_enabled":true,"_links":{"self":[{"href":"https:\/\/fushaco.com\/sq\/wp-json\/wp\/v2\/product\/30670","targetHints":{"allow":["GET"]}}],"collection":[{"href":"https:\/\/fushaco.com\/sq\/wp-json\/wp\/v2\/product"}],"about":[{"href":"https:\/\/fushaco.com\/sq\/wp-json\/wp\/v2\/types\/product"}],"version-history":[{"count":4,"href":"https:\/\/fushaco.com\/sq\/wp-json\/wp\/v2\/product\/30670\/revisions"}],"predecessor-version":[{"id":33371,"href":"https:\/\/fushaco.com\/sq\/wp-json\/wp\/v2\/product\/30670\/revisions\/33371"}],"wp:featuredmedia":[{"embeddable":true,"href":"https:\/\/fushaco.com\/sq\/wp-json\/wp\/v2\/media\/30671"}],"wp:attachment":[{"href":"https:\/\/fushaco.com\/sq\/wp-json\/wp\/v2\/media?parent=30670"}],"wp:term":[{"taxonomy":"product_brand","embeddable":true,"href":"https:\/\/fushaco.com\/sq\/wp-json\/wp\/v2\/product_brand?post=30670"},{"taxonomy":"product_cat","embeddable":true,"href":"https:\/\/fushaco.com\/sq\/wp-json\/wp\/v2\/product_cat?post=30670"},{"taxonomy":"product_tag","embeddable":true,"href":"https:\/\/fushaco.com\/sq\/wp-json\/wp\/v2\/product_tag?post=30670"}],"curies":[{"name":"wp","href":"https:\/\/api.w.org\/{rel}","templated":true}]}}