{"id":30685,"date":"2025-10-20T09:53:45","date_gmt":"2025-10-20T09:53:45","guid":{"rendered":"https:\/\/fushaco.com\/?post_type=product&#038;p=30685"},"modified":"2025-12-18T17:07:32","modified_gmt":"2025-12-18T17:07:32","slug":"fush146","status":"publish","type":"product","link":"https:\/\/fushaco.com\/sq\/produkt\/fush146\/","title":{"rendered":"Qirinj\u00eb Dekorativ\u00eb Artificial \u2013 FUSH146"},"content":{"rendered":"<p>Krijo nj\u00eb atmosfer\u00eb t\u00eb ngroht\u00eb dhe romantike pa pasur nevoj\u00eb p\u00ebr zjarr t\u00eb v\u00ebrtet\u00eb me k\u00ebt\u00eb <strong data-start=\"237\" data-end=\"259\">qiri LED dekorativ<\/strong>. Me nj\u00eb dizajn minimalist dhe flak\u00eb realiste me drit\u00eb t\u00eb ngroht\u00eb, \u00ebsht\u00eb ideal p\u00ebr p\u00ebrdorim n\u00eb sht\u00ebpi, dasma, restorante, evente festive apo dekorime t\u00eb ndryshme.<\/p>","protected":false},"excerpt":{"rendered":"<p>Dimensioni \u00ebsht\u00eb 4cm<\/p>","protected":false},"featured_media":30675,"template":"","meta":[],"product_brand":[],"product_cat":[326],"product_tag":[],"class_list":{"0":"post-30685","1":"product","2":"type-product","3":"status-publish","4":"has-post-thumbnail","6":"product_cat-qirinje","8":"first","9":"instock","10":"taxable","11":"shipping-taxable","12":"purchasable","13":"product-type-simple"},"group_of_quantity":0,"min_quantity":0,"max_quantity":"","exclude_order_quantity_value_rules":"no","exclude_category_quantity_rules":"no","combine_variations":"no","jetpack_sharing_enabled":true,"_links":{"self":[{"href":"https:\/\/fushaco.com\/sq\/wp-json\/wp\/v2\/product\/30685","targetHints":{"allow":["GET"]}}],"collection":[{"href":"https:\/\/fushaco.com\/sq\/wp-json\/wp\/v2\/product"}],"about":[{"href":"https:\/\/fushaco.com\/sq\/wp-json\/wp\/v2\/types\/product"}],"version-history":[{"count":3,"href":"https:\/\/fushaco.com\/sq\/wp-json\/wp\/v2\/product\/30685\/revisions"}],"predecessor-version":[{"id":33369,"href":"https:\/\/fushaco.com\/sq\/wp-json\/wp\/v2\/product\/30685\/revisions\/33369"}],"wp:featuredmedia":[{"embeddable":true,"href":"https:\/\/fushaco.com\/sq\/wp-json\/wp\/v2\/media\/30675"}],"wp:attachment":[{"href":"https:\/\/fushaco.com\/sq\/wp-json\/wp\/v2\/media?parent=30685"}],"wp:term":[{"taxonomy":"product_brand","embeddable":true,"href":"https:\/\/fushaco.com\/sq\/wp-json\/wp\/v2\/product_brand?post=30685"},{"taxonomy":"product_cat","embeddable":true,"href":"https:\/\/fushaco.com\/sq\/wp-json\/wp\/v2\/product_cat?post=30685"},{"taxonomy":"product_tag","embeddable":true,"href":"https:\/\/fushaco.com\/sq\/wp-json\/wp\/v2\/product_tag?post=30685"}],"curies":[{"name":"wp","href":"https:\/\/api.w.org\/{rel}","templated":true}]}}