{"id":30743,"date":"2025-10-20T10:01:01","date_gmt":"2025-10-20T10:01:01","guid":{"rendered":"https:\/\/fushaco.com\/?post_type=product&#038;p=30743"},"modified":"2025-12-18T17:07:08","modified_gmt":"2025-12-18T17:07:08","slug":"fush-xk-002","status":"publish","type":"product","link":"https:\/\/fushaco.com\/sq\/produkt\/fush-xk-002\/","title":{"rendered":"Qirinj\u00eb Dekorativ\u00eb \u2013 FUSH-XK-002"},"content":{"rendered":"<p>Ky qiri \u00ebsht\u00eb simboli i dashuris\u00eb, pasionit dhe stilit modern. Me form\u00ebn e ve\u00e7ant\u00eb t\u00eb buz\u00ebve t\u00eb buta, ky qiri dekorativ sjell nj\u00eb <strong data-start=\"310\" data-end=\"346\">atmosfer\u00eb romantike dhe elegante<\/strong> n\u00eb \u00e7do ambient. Minimalist, por me ndikim t\u00eb fort\u00eb vizual \u2013 perfekt p\u00ebr ta b\u00ebr\u00eb sht\u00ebpin\u00eb tuaj t\u00eb duket e rafinuar dhe plot ndjenja.<\/p>","protected":false},"excerpt":{"rendered":"<p data-start=\"482\" data-end=\"510\"><strong data-start=\"484\" data-end=\"508\">Detajet e produktit:<\/strong><\/p>\n<ul data-start=\"511\" data-end=\"796\">\n<li data-start=\"511\" data-end=\"542\">\n<p data-start=\"513\" data-end=\"542\"><strong data-start=\"513\" data-end=\"523\">Forma:<\/strong> Buz\u00eb<\/p>\n<\/li>\n<li data-start=\"543\" data-end=\"576\">\n<p data-start=\"545\" data-end=\"576\"><strong data-start=\"545\" data-end=\"556\">Ngjyra:<\/strong> E bardh\u00eb e past\u00ebr<\/p>\n<\/li>\n<li data-start=\"577\" data-end=\"628\">\n<p data-start=\"579\" data-end=\"628\"><strong data-start=\"579\" data-end=\"593\">Materiali:<\/strong> Dyell soje<\/p>\n<\/li>\n<li data-start=\"663\" data-end=\"701\">\n<p data-start=\"665\" data-end=\"701\"><strong data-start=\"665\" data-end=\"678\">Madh\u00ebsia:<\/strong> 5.00cm<\/p>\n<\/li>\n<li data-start=\"702\" data-end=\"754\">\n<p data-start=\"704\" data-end=\"754\"><strong data-start=\"704\" data-end=\"717\">P\u00ebrdorim:<\/strong> Dekorativ<\/p>\n<\/li>\n<li data-start=\"755\" data-end=\"796\">\n<p data-start=\"757\" data-end=\"796\"><strong data-start=\"757\" data-end=\"776\">Paketim elegant<\/strong>, gati p\u00ebr dhurat\u00eb<\/p>\n<\/li>\n<\/ul>","protected":false},"featured_media":30708,"template":"","meta":[],"product_brand":[],"product_cat":[326],"product_tag":[],"class_list":{"0":"post-30743","1":"product","2":"type-product","3":"status-publish","4":"has-post-thumbnail","6":"product_cat-qirinje","8":"first","9":"instock","10":"taxable","11":"shipping-taxable","12":"purchasable","13":"product-type-simple"},"group_of_quantity":0,"min_quantity":0,"max_quantity":"","exclude_order_quantity_value_rules":"no","exclude_category_quantity_rules":"no","combine_variations":"no","jetpack_sharing_enabled":true,"_links":{"self":[{"href":"https:\/\/fushaco.com\/sq\/wp-json\/wp\/v2\/product\/30743","targetHints":{"allow":["GET"]}}],"collection":[{"href":"https:\/\/fushaco.com\/sq\/wp-json\/wp\/v2\/product"}],"about":[{"href":"https:\/\/fushaco.com\/sq\/wp-json\/wp\/v2\/types\/product"}],"version-history":[{"count":6,"href":"https:\/\/fushaco.com\/sq\/wp-json\/wp\/v2\/product\/30743\/revisions"}],"predecessor-version":[{"id":33365,"href":"https:\/\/fushaco.com\/sq\/wp-json\/wp\/v2\/product\/30743\/revisions\/33365"}],"wp:featuredmedia":[{"embeddable":true,"href":"https:\/\/fushaco.com\/sq\/wp-json\/wp\/v2\/media\/30708"}],"wp:attachment":[{"href":"https:\/\/fushaco.com\/sq\/wp-json\/wp\/v2\/media?parent=30743"}],"wp:term":[{"taxonomy":"product_brand","embeddable":true,"href":"https:\/\/fushaco.com\/sq\/wp-json\/wp\/v2\/product_brand?post=30743"},{"taxonomy":"product_cat","embeddable":true,"href":"https:\/\/fushaco.com\/sq\/wp-json\/wp\/v2\/product_cat?post=30743"},{"taxonomy":"product_tag","embeddable":true,"href":"https:\/\/fushaco.com\/sq\/wp-json\/wp\/v2\/product_tag?post=30743"}],"curies":[{"name":"wp","href":"https:\/\/api.w.org\/{rel}","templated":true}]}}